{"id":152,"date":"2018-12-10T17:18:29","date_gmt":"2018-12-10T16:18:29","guid":{"rendered":"https:\/\/hashtag-innerbeauty.com\/?page_id=152"},"modified":"2021-12-16T13:30:41","modified_gmt":"2021-12-16T12:30:41","slug":"impressum","status":"publish","type":"page","link":"https:\/\/dev-innerbeauty.pub.dglecom.net\/de\/impressum\/","title":{"rendered":"Impressum"},"content":{"rendered":"<p>[vc_row][vc_column][vc_column_text]<\/p>\n<h1>Impressum<\/h1>\n<p>Ultimate Skin Aesthetics GmbH<br \/>\nLuise-Rainer-Stra\u00dfe 7-11<br \/>\n40235 D\u00fcsseldorf<\/p>\n<p>Gesch\u00e4ftsf\u00fchrer: Susanne Cornelius, Petra von Dewall, Beatrice Billot<\/p>\n<p>Amtsgericht D\u00fcsseldorf HRB 84009<\/p>\n<p>Umsatzsteuer-Identifikationsnummer: DE 3196 66970<\/p>\n<p><a class=\"print\" href=\"#\">Seite ausdrucken<\/a><\/p>\n<p><b>Per E-Mail erreichen Sie uns unter:<\/b><a href=\"mailto:info@ultimateskinaesthetics.com\">info@ultimateskinaesthetics.com<\/a><br \/>\nTelefonisch erreichen Sie uns aus dem deutschen Festnetz unter der Telefonnummer: 02331 \u2013 690 6464[\/vc_column_text][\/vc_column][\/vc_row]<\/p>\n","protected":false},"excerpt":{"rendered":"<p>[vc_row][vc_column][vc_column_text] Impressum Ultimate Skin Aesthetics GmbH Luise-Rainer-Stra\u00dfe 7-11 40235 D\u00fcsseldorf Gesch\u00e4ftsf\u00fchrer: Susanne Cornelius, Petra von Dewall, Beatrice Billot Amtsgericht D\u00fcsseldorf HRB 84009 Umsatzsteuer-Identifikationsnummer: DE 3196 66970 Seite ausdrucken Per E-Mail erreichen Sie uns unter:info@ultimateskinaesthetics.com Telefonisch erreichen Sie uns aus dem deutschen Festnetz unter der Telefonnummer: 02331 \u2013 690 6464[\/vc_column_text][\/vc_column][\/vc_row]<\/p>\n","protected":false},"author":2,"featured_media":0,"parent":0,"menu_order":0,"comment_status":"closed","ping_status":"closed","template":"fullwidth.php","meta":{"footnotes":""},"acf":[],"yoast_head":"<!-- This site is optimized with the Yoast SEO plugin v21.8 - https:\/\/yoast.com\/wordpress\/plugins\/seo\/ -->\n<title>Impressum | #INNERBEAUTY<\/title>\n<meta name=\"robots\" content=\"index, follow, max-snippet:-1, max-image-preview:large, max-video-preview:-1\" \/>\n<link rel=\"canonical\" href=\"https:\/\/dev-innerbeauty.pub.dglecom.net\/de\/impressum\/\" \/>\n<meta property=\"og:locale\" content=\"de_DE\" \/>\n<meta property=\"og:type\" content=\"article\" \/>\n<meta property=\"og:title\" content=\"Impressum | #INNERBEAUTY\" \/>\n<meta property=\"og:description\" content=\"[vc_row][vc_column][vc_column_text] Impressum Ultimate Skin Aesthetics GmbH Luise-Rainer-Stra\u00dfe 7-11 40235 D\u00fcsseldorf Gesch\u00e4ftsf\u00fchrer: Susanne Cornelius, Petra von Dewall, Beatrice Billot Amtsgericht D\u00fcsseldorf HRB 84009 Umsatzsteuer-Identifikationsnummer: DE 3196 66970 Seite ausdrucken Per E-Mail erreichen Sie uns unter:info@ultimateskinaesthetics.com Telefonisch erreichen Sie uns aus dem deutschen Festnetz unter der Telefonnummer: 02331 \u2013 690 6464[\/vc_column_text][\/vc_column][\/vc_row]\" \/>\n<meta property=\"og:url\" content=\"https:\/\/dev-innerbeauty.pub.dglecom.net\/de\/impressum\/\" \/>\n<meta property=\"og:site_name\" content=\"#INNERBEAUTY\" \/>\n<meta property=\"article:modified_time\" content=\"2021-12-16T12:30:41+00:00\" \/>\n<meta name=\"twitter:card\" content=\"summary_large_image\" \/>\n<script type=\"application\/ld+json\" class=\"yoast-schema-graph\">{\"@context\":\"https:\/\/schema.org\",\"@graph\":[{\"@type\":\"WebPage\",\"@id\":\"https:\/\/dev-innerbeauty.pub.dglecom.net\/de\/impressum\/\",\"url\":\"https:\/\/dev-innerbeauty.pub.dglecom.net\/de\/impressum\/\",\"name\":\"Impressum | #INNERBEAUTY\",\"isPartOf\":{\"@id\":\"https:\/\/dev-innerbeauty.pub.dglecom.net\/de\/#website\"},\"datePublished\":\"2018-12-10T16:18:29+00:00\",\"dateModified\":\"2021-12-16T12:30:41+00:00\",\"breadcrumb\":{\"@id\":\"https:\/\/dev-innerbeauty.pub.dglecom.net\/de\/impressum\/#breadcrumb\"},\"inLanguage\":\"de\",\"potentialAction\":[{\"@type\":\"ReadAction\",\"target\":[\"https:\/\/dev-innerbeauty.pub.dglecom.net\/de\/impressum\/\"]}]},{\"@type\":\"BreadcrumbList\",\"@id\":\"https:\/\/dev-innerbeauty.pub.dglecom.net\/de\/impressum\/#breadcrumb\",\"itemListElement\":[{\"@type\":\"ListItem\",\"position\":1,\"name\":\"Startseite\",\"item\":\"https:\/\/dev-innerbeauty.pub.dglecom.net\/de\/\"},{\"@type\":\"ListItem\",\"position\":2,\"name\":\"Impressum\"}]},{\"@type\":\"WebSite\",\"@id\":\"https:\/\/dev-innerbeauty.pub.dglecom.net\/de\/#website\",\"url\":\"https:\/\/dev-innerbeauty.pub.dglecom.net\/de\/\",\"name\":\"#INNERBEAUTY\",\"description\":\"Ganzheitliche Sch\u00f6nheit f\u00fcr Frauen\",\"inLanguage\":\"de\"}]}<\/script>\n<!-- \/ Yoast SEO plugin. -->","yoast_head_json":{"title":"Impressum | #INNERBEAUTY","robots":{"index":"index","follow":"follow","max-snippet":"max-snippet:-1","max-image-preview":"max-image-preview:large","max-video-preview":"max-video-preview:-1"},"canonical":"https:\/\/dev-innerbeauty.pub.dglecom.net\/de\/impressum\/","og_locale":"de_DE","og_type":"article","og_title":"Impressum | #INNERBEAUTY","og_description":"[vc_row][vc_column][vc_column_text] Impressum Ultimate Skin Aesthetics GmbH Luise-Rainer-Stra\u00dfe 7-11 40235 D\u00fcsseldorf Gesch\u00e4ftsf\u00fchrer: Susanne Cornelius, Petra von Dewall, Beatrice Billot Amtsgericht D\u00fcsseldorf HRB 84009 Umsatzsteuer-Identifikationsnummer: DE 3196 66970 Seite ausdrucken Per E-Mail erreichen Sie uns unter:info@ultimateskinaesthetics.com Telefonisch erreichen Sie uns aus dem deutschen Festnetz unter der Telefonnummer: 02331 \u2013 690 6464[\/vc_column_text][\/vc_column][\/vc_row]","og_url":"https:\/\/dev-innerbeauty.pub.dglecom.net\/de\/impressum\/","og_site_name":"#INNERBEAUTY","article_modified_time":"2021-12-16T12:30:41+00:00","twitter_card":"summary_large_image","schema":{"@context":"https:\/\/schema.org","@graph":[{"@type":"WebPage","@id":"https:\/\/dev-innerbeauty.pub.dglecom.net\/de\/impressum\/","url":"https:\/\/dev-innerbeauty.pub.dglecom.net\/de\/impressum\/","name":"Impressum | #INNERBEAUTY","isPartOf":{"@id":"https:\/\/dev-innerbeauty.pub.dglecom.net\/de\/#website"},"datePublished":"2018-12-10T16:18:29+00:00","dateModified":"2021-12-16T12:30:41+00:00","breadcrumb":{"@id":"https:\/\/dev-innerbeauty.pub.dglecom.net\/de\/impressum\/#breadcrumb"},"inLanguage":"de","potentialAction":[{"@type":"ReadAction","target":["https:\/\/dev-innerbeauty.pub.dglecom.net\/de\/impressum\/"]}]},{"@type":"BreadcrumbList","@id":"https:\/\/dev-innerbeauty.pub.dglecom.net\/de\/impressum\/#breadcrumb","itemListElement":[{"@type":"ListItem","position":1,"name":"Startseite","item":"https:\/\/dev-innerbeauty.pub.dglecom.net\/de\/"},{"@type":"ListItem","position":2,"name":"Impressum"}]},{"@type":"WebSite","@id":"https:\/\/dev-innerbeauty.pub.dglecom.net\/de\/#website","url":"https:\/\/dev-innerbeauty.pub.dglecom.net\/de\/","name":"#INNERBEAUTY","description":"Ganzheitliche Sch\u00f6nheit f\u00fcr Frauen","inLanguage":"de"}]}},"_links":{"self":[{"href":"https:\/\/dev-innerbeauty.pub.dglecom.net\/de\/wp-json\/wp\/v2\/pages\/152"}],"collection":[{"href":"https:\/\/dev-innerbeauty.pub.dglecom.net\/de\/wp-json\/wp\/v2\/pages"}],"about":[{"href":"https:\/\/dev-innerbeauty.pub.dglecom.net\/de\/wp-json\/wp\/v2\/types\/page"}],"author":[{"embeddable":true,"href":"https:\/\/dev-innerbeauty.pub.dglecom.net\/de\/wp-json\/wp\/v2\/users\/2"}],"replies":[{"embeddable":true,"href":"https:\/\/dev-innerbeauty.pub.dglecom.net\/de\/wp-json\/wp\/v2\/comments?post=152"}],"version-history":[{"count":2,"href":"https:\/\/dev-innerbeauty.pub.dglecom.net\/de\/wp-json\/wp\/v2\/pages\/152\/revisions"}],"predecessor-version":[{"id":6060,"href":"https:\/\/dev-innerbeauty.pub.dglecom.net\/de\/wp-json\/wp\/v2\/pages\/152\/revisions\/6060"}],"wp:attachment":[{"href":"https:\/\/dev-innerbeauty.pub.dglecom.net\/de\/wp-json\/wp\/v2\/media?parent=152"}],"curies":[{"name":"wp","href":"https:\/\/api.w.org\/{rel}","templated":true}]}}