{"id":188,"date":"2018-12-14T16:42:29","date_gmt":"2018-12-14T15:42:29","guid":{"rendered":"https:\/\/hashtag-innerbeauty.com\/?page_id=188"},"modified":"2022-03-22T14:18:42","modified_gmt":"2022-03-22T13:18:42","slug":"selen","status":"publish","type":"page","link":"https:\/\/dev-innerbeauty.pub.dglecom.net\/de\/selen\/","title":{"rendered":"Selen"},"content":{"rendered":"<p>[vc_row][vc_column]\n\t\t\t<div class=\"teaser-block  tb-right  large-block-bottom parallax \"  >\n\t\t\t\n\t\t\t\t<div class=\"teaser-text-block-wrapper\"><div class=\"teaser-text-block\"><div class=\"teaser-inner\">\t<h2 class=\"teaser-subline\">Selen<\/h2>\n\t\t\t\t\t\t\t\t<h1 class=\"teaser-headline\">Was ist Selen?<\/h1>\t<div class=\"teaser-text\">\n\t\t\t\t\t\t\t\t\t<\/p>\n<p class=\"p1\"><span class=\"s1\">Selen ist ein wichtiges Spurenelement, das ma\u00dfgeblich daran beteiligt ist,\u00a0<a href=\"https:\/\/hashtag-innerbeauty.com\/oxidativer-stress\/\"><span class=\"s2\">oxidativen Stress<\/span><\/a>\u00a0zu\u00a0verhindern. Seinen Namen erhielt es aufgrund seiner silbrig-grauen Farbe in Anlehnung an die\u00a0griechische Mondg\u00f6ttin Selene. Da der K\u00f6rper Selen nicht selbst bilden kann, m\u00fcssen wir es in\u00a0ausreichender Menge \u00fcber die Nahrung aufnehmen. Doch nicht jeder hat die Zeit, sich immer\u00a0ausgewogen zu ern\u00e4hren. F\u00fchrt das zu einem Selenmangel, k\u00f6nnen\u00a0<a href=\"https:\/\/hashtag-innerbeauty.com\/freie-radikale\/\"><span class=\"s2\">freie Radikale<\/span><\/a>\u00a0ungehindert\u00a0Hautzellen angreifen. Hier erf\u00e4hrst du, wie du deinen Selenbedarf decken kannst \u2013 mit\u00a0selenhaltigen Lebensmitteln und Nahrungserg\u00e4nzung von #INNERBEAUTY.<\/span><span class=\"s3\">\u200b<\/span><\/p>\n<p>\n\n\t\t\t\t\t\t\t\t<\/div>\n\t\t\t\t\t\t\t\t<div class=\"teaser-button\">\n\t\t\t\t\t\t\t\t\t\n\t\t\t\t\t\t\t\t<\/div>\n\t\t\t\t\t\t\t<\/div>\n\t\t\t\t\t\t<\/div>\n\t\t\t\t<\/div>\n\t\t\t\t\t\t<div class=\"teaser-bg\">\n\t\t\t\t\t\t\t<div class=\"teaser-image-wrapper\">\n\t\t\t\t\t\t\t\t<div class=\"img-desktop d-none d-lg-block\" data-img-width=\"1280\" data-img-height=\"625\"><img loading=\"lazy\" decoding=\"async\" width=\"1280\" height=\"625\" src=\"https:\/\/dev-innerbeauty.pub.dglecom.net\/wp-content\/uploads\/2022\/03\/wissenschaftsseiten-hyaluron-1280x625px-desktop.jpg\" class=\"attachment-full size-full\" alt=\"\" srcset=\"https:\/\/dev-innerbeauty.pub.dglecom.net\/wp-content\/uploads\/2022\/03\/wissenschaftsseiten-hyaluron-1280x625px-desktop.jpg 1280w, https:\/\/dev-innerbeauty.pub.dglecom.net\/wp-content\/uploads\/2022\/03\/wissenschaftsseiten-hyaluron-1280x625px-desktop-300x146.jpg 300w, https:\/\/dev-innerbeauty.pub.dglecom.net\/wp-content\/uploads\/2022\/03\/wissenschaftsseiten-hyaluron-1280x625px-desktop-1024x500.jpg 1024w, https:\/\/dev-innerbeauty.pub.dglecom.net\/wp-content\/uploads\/2022\/03\/wissenschaftsseiten-hyaluron-1280x625px-desktop-768x375.jpg 768w\" sizes=\"(max-width: 1280px) 100vw, 1280px\" \/><\/div>\n\t\t\t\t\t\t\t\t<div class=\"img-mobile d-lg-none\" data-img-width=\"930\" data-img-height=\"722\"><img loading=\"lazy\" decoding=\"async\" width=\"930\" height=\"722\" src=\"https:\/\/dev-innerbeauty.pub.dglecom.net\/wp-content\/uploads\/2022\/03\/wissenschaftsseiten-hyaluron-930x722px-mobile.jpg\" class=\"attachment-full size-full\" alt=\"\" srcset=\"https:\/\/dev-innerbeauty.pub.dglecom.net\/wp-content\/uploads\/2022\/03\/wissenschaftsseiten-hyaluron-930x722px-mobile.jpg 930w, https:\/\/dev-innerbeauty.pub.dglecom.net\/wp-content\/uploads\/2022\/03\/wissenschaftsseiten-hyaluron-930x722px-mobile-300x233.jpg 300w, https:\/\/dev-innerbeauty.pub.dglecom.net\/wp-content\/uploads\/2022\/03\/wissenschaftsseiten-hyaluron-930x722px-mobile-768x596.jpg 768w\" sizes=\"(max-width: 930px) 100vw, 930px\" \/><\/div>\n\t\t\t\t\t\t\t<\/div>\n\t\t\t\t\t\t<\/div>\n\t\t\t\t\t\n\t\t\t\t<div class=\"lines-bottom\">\n\t\t\t\t\t<div class=\"line-bottom-1\"><\/div>\n\t\t\t\t\t<div class=\"line-bottom-2\"><\/div>\n\t\t\t\t<\/div>\n\t\t\t\t\n\t\t\t<\/div>\n\t\t\t[vc_row_inner][vc_column_inner width=&#8220;1\/12&#8243;][\/vc_column_inner][vc_column_inner width=&#8220;10\/12&#8243;][vc_empty_space height=&#8220;40px&#8220;][vc_column_text]<\/p>\n<h2 style=\"text-align: center;\">Welche Funktion hat Selen im K\u00f6rper?<\/h2>\n<p>&nbsp;<\/p>\n<p class=\"p1\" style=\"text-align: center;\"><span class=\"s1\">Als Bestandteil des Enzyms Glutathionperoxidase unterst\u00fctzt Selen das antioxidative System des K\u00f6rpers. Es ist\u00a0daf\u00fcr zust\u00e4ndig, freie Radikale zu binden und somit unsch\u00e4dlich zu machen. Selen f\u00f6rdert zudem das normale\u00a0Wachstum von Haaren und N\u00e4geln. Des Weiteren sorgt es f\u00fcr eine reibungslose Funktion der Schilddr\u00fcse und\u00a0st\u00e4rkt das Immunsystem.<\/span><span class=\"s2\">\u200b<\/span><\/p>\n<p>[\/vc_column_text][\/vc_column_inner][vc_column_inner width=&#8220;1\/12&#8243;][\/vc_column_inner][\/vc_row_inner][vc_empty_space height=&#8220;100px&#8220;][\/vc_column][\/vc_row][vc_row el_class=&#8220;row-colored&#8220;][vc_column][vc_row_inner][vc_column_inner width=&#8220;1\/12&#8243;][\/vc_column_inner][vc_column_inner width=&#8220;10\/12&#8243;][vc_empty_space height=&#8220;40px&#8220;][vc_column_text]<\/p>\n<h2 style=\"text-align: center;\">Was passiert bei einem Selenmangel?<\/h2>\n<p>&nbsp;<\/p>\n<p class=\"p1\" style=\"text-align: center;\"><span class=\"s1\">Wer \u00fcber die Nahrung nicht genug Selen zu sich nehmen kann, bekommt h\u00e4ufig\u00a0Mangelerscheinungen. Diese \u00e4u\u00dfern sich beispielsweise durch br\u00fcchige N\u00e4gel, spr\u00f6des Haar\u00a0und Haarausfall. Betroffene leiden oftmals an einem geschw\u00e4chten Immunsystem und\u00a0Schilddr\u00fcsenfunktionsst\u00f6rungen. Zudem kann ein Selenmangel oxidativen Stress ausl\u00f6sen.\u00a0Besonders anf\u00e4llig f\u00fcr einen Mangel des wichtigen Spurenelements sind Schwangere und\u00a0Stillende; au\u00dferdem Vegetarier und Veganer, weil Selen vorrangig in tierischen Produkten\u00a0vorkommt.<\/span><span class=\"s2\">\u200b<\/span><\/p>\n<p>[\/vc_column_text][\/vc_column_inner][vc_column_inner width=&#8220;1\/12&#8243;][\/vc_column_inner][\/vc_row_inner][vc_empty_space height=&#8220;50px&#8220;][\/vc_column][\/vc_row][vc_row][vc_column][vc_row_inner][vc_column_inner width=&#8220;1\/12&#8243;][\/vc_column_inner][vc_column_inner width=&#8220;10\/12&#8243;][vc_empty_space height=&#8220;100px&#8220;][vc_column_text]<\/p>\n<h2 style=\"text-align: center;\">Wie decke ich meinen Bedarf an Selen?<\/h2>\n<p>&nbsp;<\/p>\n<p class=\"p1\" style=\"text-align: center;\"><span class=\"s1\">Damit deine Haut sch\u00f6n, dein K\u00f6rper gesund und die N\u00e4gel und Haare kr\u00e4ftig aussehen,\u00a0brauchst du Selen und andere Antioxidantien. Mit einem ausgewogenen Speiseplan kannst\u00a0du schon viel dazu beitragen, den Tagesbedarf zu decken. Die Deutsche Gesellschaft f\u00fcr\u00a0Ern\u00e4hrung empfiehlt eine Selenzufuhr von 60 bis 70 Mikrogramm pro Tag. Zahlreiche\u00a0Lebensmittel sind reich an Selen \u2013 zum Beispiel Rinderleber, Lammfleisch, Eier, Thunfisch,\u00a0Paran\u00fcsse, Reis, Champignons, Wei\u00dfkohl\u00a0und\u00a0Brokkoli.\u200b<\/span><\/p>\n<p class=\"p1\" style=\"text-align: center;\"><span class=\"s1\">Fehlt einem Selen, kann man es dem K\u00f6rper zus\u00e4tzlich \u00fcber Nahrungserg\u00e4nzungsmittel\u00a0zuf\u00fchren. Selenpr\u00e4parate gibt es als Tabletten, Kapseln und zum Trinken. In Kombination mit\u00a0weiteren Antioxidantien wie\u00a0<a href=\"https:\/\/https\/\"><span class=\"s2\">L-Cystein<\/span><\/a>\u00a0oder dem\u00a0<a href=\"https:\/\/https\/\"><span class=\"s2\">Coenzym Q10<\/span><\/a>\u00a0unterst\u00fctzt du dein\u00a0k\u00f6rpereigenes System zur Abwehr freier Radikale zus\u00e4tzlich.\u200b<\/span><\/p>\n<p>[\/vc_column_text][\/vc_column_inner][vc_column_inner width=&#8220;1\/12&#8243;][\/vc_column_inner][\/vc_row_inner][\/vc_column][\/vc_row][vc_row][vc_column][vc_column_text]<\/p>\n<h6 style=\"text-align: center;\">Mehr Produkte<\/h6>\n<p>[\/vc_column_text]\n\t\t\t<div class=\"products-listing \">\n\t\t\t\t\n\t\t\t<div class=\"product-single\">\t<div class=\"product-thumb\">\n                                <a class=\"product-link-img\" href=\"https:\/\/dev-innerbeauty.pub.dglecom.net\/de\/produkte\/hyaluronic-beauty-booster\/\" title=\"Hyaluronic Beauty Booster\"><img loading=\"lazy\" decoding=\"async\" width=\"286\" height=\"337\" src=\"https:\/\/dev-innerbeauty.pub.dglecom.net\/wp-content\/uploads\/2019\/11\/innerbeauty_update_product-images_BeautyBooster_286x337px.png\" class=\"img-responsive wp-post-image\" alt=\"\" srcset=\"https:\/\/dev-innerbeauty.pub.dglecom.net\/wp-content\/uploads\/2019\/11\/innerbeauty_update_product-images_BeautyBooster_286x337px.png 286w, https:\/\/dev-innerbeauty.pub.dglecom.net\/wp-content\/uploads\/2019\/11\/innerbeauty_update_product-images_BeautyBooster_286x337px-255x300.png 255w\" sizes=\"(max-width: 286px) 100vw, 286px\" \/>\t\t<\/a>\n                            <\/div>\t<div class=\"product-teaser\">\t<p class=\"product-subline\">#Innerbeauty<\/p>\t<h4><a class=\"product-link-text\" href=\"https:\/\/dev-innerbeauty.pub.dglecom.net\/de\/produkte\/hyaluronic-beauty-booster\/\" title=\"Hyaluronic Beauty Booster\">Hyaluronic Beauty Booster<\/a><\/h4>\t<\/div>\t<p><a class=\"btn product-link\" href=\"https:\/\/dev-innerbeauty.pub.dglecom.net\/de\/produkte\/hyaluronic-beauty-booster\/\" title=\"Hyaluronic Beauty Booster\">zum Produkt<\/a><\/p><\/div><div class=\"product-single\">\t<div class=\"product-thumb\">\n                                <a class=\"product-link-img\" href=\"https:\/\/dev-innerbeauty.pub.dglecom.net\/de\/produkte\/hyaluron-bears\/\" title=\"Hyaluronic Bears\"><img loading=\"lazy\" decoding=\"async\" width=\"286\" height=\"337\" src=\"https:\/\/dev-innerbeauty.pub.dglecom.net\/wp-content\/uploads\/2019\/11\/innerbeauty_update_product-images_Hyaluronic-Bears_286x337px.png\" class=\"img-responsive wp-post-image\" alt=\"\" srcset=\"https:\/\/dev-innerbeauty.pub.dglecom.net\/wp-content\/uploads\/2019\/11\/innerbeauty_update_product-images_Hyaluronic-Bears_286x337px.png 286w, https:\/\/dev-innerbeauty.pub.dglecom.net\/wp-content\/uploads\/2019\/11\/innerbeauty_update_product-images_Hyaluronic-Bears_286x337px-255x300.png 255w\" sizes=\"(max-width: 286px) 100vw, 286px\" \/>\t\t<\/a>\n                            <\/div>\t<div class=\"product-teaser\">\t<p class=\"product-subline\">#Innerbeauty<\/p>\t<h4><a class=\"product-link-text\" href=\"https:\/\/dev-innerbeauty.pub.dglecom.net\/de\/produkte\/hyaluron-bears\/\" title=\"Hyaluronic Bears\">Hyaluronic Bears<\/a><\/h4>\t<\/div>\t<p><a class=\"btn product-link\" href=\"https:\/\/dev-innerbeauty.pub.dglecom.net\/de\/produkte\/hyaluron-bears\/\" title=\"Hyaluronic Bears\">zum Produkt<\/a><\/p><\/div><div class=\"product-single\">\t<div class=\"product-thumb\">\n                                <a class=\"product-link-img\" href=\"https:\/\/dev-innerbeauty.pub.dglecom.net\/de\/produkte\/collagen-bears\/\" title=\"Collagen Bears\"><img loading=\"lazy\" decoding=\"async\" width=\"286\" height=\"337\" src=\"https:\/\/dev-innerbeauty.pub.dglecom.net\/wp-content\/uploads\/2019\/11\/innerbeauty_update_product-images_Collagen-Bears_286x337px.png\" class=\"img-responsive wp-post-image\" alt=\"\" srcset=\"https:\/\/dev-innerbeauty.pub.dglecom.net\/wp-content\/uploads\/2019\/11\/innerbeauty_update_product-images_Collagen-Bears_286x337px.png 286w, https:\/\/dev-innerbeauty.pub.dglecom.net\/wp-content\/uploads\/2019\/11\/innerbeauty_update_product-images_Collagen-Bears_286x337px-255x300.png 255w\" sizes=\"(max-width: 286px) 100vw, 286px\" \/>\t\t<\/a>\n                            <\/div>\t<div class=\"product-teaser\">\t<p class=\"product-subline\">#Innerbeauty<\/p>\t<h4><a class=\"product-link-text\" href=\"https:\/\/dev-innerbeauty.pub.dglecom.net\/de\/produkte\/collagen-bears\/\" title=\"Collagen Bears\">Collagen Bears<\/a><\/h4>\t<\/div>\t<p><a class=\"btn product-link\" href=\"https:\/\/dev-innerbeauty.pub.dglecom.net\/de\/produkte\/collagen-bears\/\" title=\"Collagen Bears\">zum Produkt<\/a><\/p><\/div><div class=\"product-single\">\t<div class=\"product-thumb\">\n                                <a class=\"product-link-img\" href=\"https:\/\/dev-innerbeauty.pub.dglecom.net\/de\/produkte\/collagen-youth-drink\/\" title=\"Collagen Youth Drink\"><img loading=\"lazy\" decoding=\"async\" width=\"286\" height=\"337\" src=\"https:\/\/dev-innerbeauty.pub.dglecom.net\/wp-content\/uploads\/2018\/11\/innerbeauty_update_product-images_286x337px.png\" class=\"img-responsive wp-post-image\" alt=\"\" srcset=\"https:\/\/dev-innerbeauty.pub.dglecom.net\/wp-content\/uploads\/2018\/11\/innerbeauty_update_product-images_286x337px.png 286w, https:\/\/dev-innerbeauty.pub.dglecom.net\/wp-content\/uploads\/2018\/11\/innerbeauty_update_product-images_286x337px-255x300.png 255w\" sizes=\"(max-width: 286px) 100vw, 286px\" \/>\t\t<\/a>\n                            <\/div>\t<div class=\"product-teaser\">\t<p class=\"product-subline\">#Innerbeauty<\/p>\t<h4><a class=\"product-link-text\" href=\"https:\/\/dev-innerbeauty.pub.dglecom.net\/de\/produkte\/collagen-youth-drink\/\" title=\"Collagen Youth Drink\">Collagen Youth Drink<\/a><\/h4>\t<\/div>\t<p><a class=\"btn product-link\" href=\"https:\/\/dev-innerbeauty.pub.dglecom.net\/de\/produkte\/collagen-youth-drink\/\" title=\"Collagen Youth Drink\">zum Produkt<\/a><\/p><\/div><div class=\"product-single\">\t<div class=\"product-thumb\">\n                                <a class=\"product-link-img\" href=\"https:\/\/dev-innerbeauty.pub.dglecom.net\/de\/produkte\/hair-nails-complete\/\" title=\"Hair + Nails Complete\"><img loading=\"lazy\" decoding=\"async\" width=\"286\" height=\"337\" src=\"https:\/\/dev-innerbeauty.pub.dglecom.net\/wp-content\/uploads\/2019\/11\/innerbeauty_update_product-images_HairNails_286x337px.png\" class=\"img-responsive wp-post-image\" alt=\"\" srcset=\"https:\/\/dev-innerbeauty.pub.dglecom.net\/wp-content\/uploads\/2019\/11\/innerbeauty_update_product-images_HairNails_286x337px.png 286w, https:\/\/dev-innerbeauty.pub.dglecom.net\/wp-content\/uploads\/2019\/11\/innerbeauty_update_product-images_HairNails_286x337px-255x300.png 255w\" sizes=\"(max-width: 286px) 100vw, 286px\" \/>\t\t<\/a>\n                            <\/div>\t<div class=\"product-teaser\">\t<p class=\"product-subline\">#Innerbeauty<\/p>\t<h4><a class=\"product-link-text\" href=\"https:\/\/dev-innerbeauty.pub.dglecom.net\/de\/produkte\/hair-nails-complete\/\" title=\"Hair + Nails Complete\">Hair + Nails Complete<\/a><\/h4>\t<\/div>\t<p><a class=\"btn product-link\" href=\"https:\/\/dev-innerbeauty.pub.dglecom.net\/de\/produkte\/hair-nails-complete\/\" title=\"Hair + Nails Complete\">zum Produkt<\/a><\/p><\/div><div class=\"product-single\">\t<div class=\"product-thumb\">\n                                <a class=\"product-link-img\" href=\"https:\/\/dev-innerbeauty.pub.dglecom.net\/de\/produkte\/sun-fit-beta-carotin-plus\/\" title=\"Sun Plus Beta-Carotin\"><img loading=\"lazy\" decoding=\"async\" width=\"286\" height=\"337\" src=\"https:\/\/dev-innerbeauty.pub.dglecom.net\/wp-content\/uploads\/2019\/11\/innerbeauty_update_product-images_Beta-Plus_286x337px.png\" class=\"img-responsive wp-post-image\" alt=\"\" srcset=\"https:\/\/dev-innerbeauty.pub.dglecom.net\/wp-content\/uploads\/2019\/11\/innerbeauty_update_product-images_Beta-Plus_286x337px.png 286w, https:\/\/dev-innerbeauty.pub.dglecom.net\/wp-content\/uploads\/2019\/11\/innerbeauty_update_product-images_Beta-Plus_286x337px-255x300.png 255w\" sizes=\"(max-width: 286px) 100vw, 286px\" \/>\t\t<\/a>\n                            <\/div>\t<div class=\"product-teaser\">\t<p class=\"product-subline\">#Innerbeauty<\/p>\t<h4><a class=\"product-link-text\" href=\"https:\/\/dev-innerbeauty.pub.dglecom.net\/de\/produkte\/sun-fit-beta-carotin-plus\/\" title=\"Sun Plus Beta-Carotin\">Sun Plus Beta-Carotin<\/a><\/h4>\t<\/div>\t<p><a class=\"btn product-link\" href=\"https:\/\/dev-innerbeauty.pub.dglecom.net\/de\/produkte\/sun-fit-beta-carotin-plus\/\" title=\"Sun Plus Beta-Carotin\">zum Produkt<\/a><\/p><\/div><div class=\"product-single\">\t<div class=\"product-thumb\">\n                                <a class=\"product-link-img\" href=\"https:\/\/dev-innerbeauty.pub.dglecom.net\/de\/produkte\/hyaluron-lift-plus\/\" title=\"Hyaluron Lift Plus\"><img loading=\"lazy\" decoding=\"async\" width=\"286\" height=\"337\" src=\"https:\/\/dev-innerbeauty.pub.dglecom.net\/wp-content\/uploads\/2019\/11\/innerbeauty_update_product-images_HyaluronLiftPlus_286x337px.png\" class=\"img-responsive wp-post-image\" alt=\"\" srcset=\"https:\/\/dev-innerbeauty.pub.dglecom.net\/wp-content\/uploads\/2019\/11\/innerbeauty_update_product-images_HyaluronLiftPlus_286x337px.png 286w, https:\/\/dev-innerbeauty.pub.dglecom.net\/wp-content\/uploads\/2019\/11\/innerbeauty_update_product-images_HyaluronLiftPlus_286x337px-255x300.png 255w\" sizes=\"(max-width: 286px) 100vw, 286px\" \/>\t\t<\/a>\n                            <\/div>\t<div class=\"product-teaser\">\t<p class=\"product-subline\">#Innerbeauty<\/p>\t<h4><a class=\"product-link-text\" href=\"https:\/\/dev-innerbeauty.pub.dglecom.net\/de\/produkte\/hyaluron-lift-plus\/\" title=\"Hyaluron Lift Plus\">Hyaluron Lift Plus<\/a><\/h4>\t<\/div>\t<p><a class=\"btn product-link\" href=\"https:\/\/dev-innerbeauty.pub.dglecom.net\/de\/produkte\/hyaluron-lift-plus\/\" title=\"Hyaluron Lift Plus\">zum Produkt<\/a><\/p><\/div>\n\t\t\t\t\n\t\t\t<\/div>\n\t\t\t[\/vc_column][\/vc_row]<\/p>\n","protected":false},"excerpt":{"rendered":"<p>[vc_row][vc_column][vc_row_inner][vc_column_inner width=&#8220;1\/12&#8243;][\/vc_column_inner][vc_column_inner width=&#8220;10\/12&#8243;][vc_empty_space height=&#8220;40px&#8220;][vc_column_text] Welche Funktion hat Selen im K\u00f6rper? &nbsp; Als Bestandteil des Enzyms Glutathionperoxidase unterst\u00fctzt Selen das antioxidative System des K\u00f6rpers. Es ist\u00a0daf\u00fcr zust\u00e4ndig, freie Radikale zu binden und somit unsch\u00e4dlich zu machen. Selen f\u00f6rdert zudem das normale\u00a0Wachstum von Haaren und N\u00e4geln. Des Weiteren sorgt es f\u00fcr eine reibungslose Funktion der Schilddr\u00fcse und\u00a0st\u00e4rkt [&hellip;]<\/p>\n","protected":false},"author":2,"featured_media":0,"parent":0,"menu_order":0,"comment_status":"closed","ping_status":"closed","template":"fullwidth.php","meta":{"footnotes":""},"acf":[],"yoast_head":"<!-- This site is optimized with the Yoast SEO plugin v21.8 - https:\/\/yoast.com\/wordpress\/plugins\/seo\/ -->\n<title>Selen: Wie wirkt es? | #INNERBEAUTY<\/title>\n<meta name=\"description\" content=\"Oxidativen Stress mithilfe von Selen lindern! Es steckt in vielen Lebensmitteln und Pr\u00e4paraten zur Nahrungserg\u00e4nzung. #INNERBEAUTY \u2013 Sch\u00f6nheit von innen\" \/>\n<meta name=\"robots\" content=\"index, follow, max-snippet:-1, max-image-preview:large, max-video-preview:-1\" \/>\n<link rel=\"canonical\" href=\"https:\/\/dev-innerbeauty.pub.dglecom.net\/de\/selen\/\" \/>\n<meta property=\"og:locale\" content=\"de_DE\" \/>\n<meta property=\"og:type\" content=\"article\" \/>\n<meta property=\"og:title\" content=\"Selen: Wie wirkt es? | #INNERBEAUTY\" \/>\n<meta property=\"og:description\" content=\"Oxidativen Stress mithilfe von Selen lindern! Es steckt in vielen Lebensmitteln und Pr\u00e4paraten zur Nahrungserg\u00e4nzung. #INNERBEAUTY \u2013 Sch\u00f6nheit von innen\" \/>\n<meta property=\"og:url\" content=\"https:\/\/dev-innerbeauty.pub.dglecom.net\/de\/selen\/\" \/>\n<meta property=\"og:site_name\" content=\"#INNERBEAUTY\" \/>\n<meta property=\"article:modified_time\" content=\"2022-03-22T13:18:42+00:00\" \/>\n<meta name=\"twitter:card\" content=\"summary_large_image\" \/>\n<meta name=\"twitter:label1\" content=\"Gesch\u00e4tzte Lesezeit\" \/>\n\t<meta name=\"twitter:data1\" content=\"3\u00a0Minuten\" \/>\n<script type=\"application\/ld+json\" class=\"yoast-schema-graph\">{\"@context\":\"https:\/\/schema.org\",\"@graph\":[{\"@type\":\"WebPage\",\"@id\":\"https:\/\/dev-innerbeauty.pub.dglecom.net\/de\/selen\/\",\"url\":\"https:\/\/dev-innerbeauty.pub.dglecom.net\/de\/selen\/\",\"name\":\"Selen: Wie wirkt es? | #INNERBEAUTY\",\"isPartOf\":{\"@id\":\"https:\/\/dev-innerbeauty.pub.dglecom.net\/de\/#website\"},\"datePublished\":\"2018-12-14T15:42:29+00:00\",\"dateModified\":\"2022-03-22T13:18:42+00:00\",\"description\":\"Oxidativen Stress mithilfe von Selen lindern! Es steckt in vielen Lebensmitteln und Pr\u00e4paraten zur Nahrungserg\u00e4nzung. #INNERBEAUTY \u2013 Sch\u00f6nheit von innen\",\"breadcrumb\":{\"@id\":\"https:\/\/dev-innerbeauty.pub.dglecom.net\/de\/selen\/#breadcrumb\"},\"inLanguage\":\"de\",\"potentialAction\":[{\"@type\":\"ReadAction\",\"target\":[\"https:\/\/dev-innerbeauty.pub.dglecom.net\/de\/selen\/\"]}]},{\"@type\":\"BreadcrumbList\",\"@id\":\"https:\/\/dev-innerbeauty.pub.dglecom.net\/de\/selen\/#breadcrumb\",\"itemListElement\":[{\"@type\":\"ListItem\",\"position\":1,\"name\":\"Startseite\",\"item\":\"https:\/\/dev-innerbeauty.pub.dglecom.net\/de\/\"},{\"@type\":\"ListItem\",\"position\":2,\"name\":\"Selen\"}]},{\"@type\":\"WebSite\",\"@id\":\"https:\/\/dev-innerbeauty.pub.dglecom.net\/de\/#website\",\"url\":\"https:\/\/dev-innerbeauty.pub.dglecom.net\/de\/\",\"name\":\"#INNERBEAUTY\",\"description\":\"Ganzheitliche Sch\u00f6nheit f\u00fcr Frauen\",\"inLanguage\":\"de\"}]}<\/script>\n<!-- \/ Yoast SEO plugin. -->","yoast_head_json":{"title":"Selen: Wie wirkt es? | #INNERBEAUTY","description":"Oxidativen Stress mithilfe von Selen lindern! Es steckt in vielen Lebensmitteln und Pr\u00e4paraten zur Nahrungserg\u00e4nzung. #INNERBEAUTY \u2013 Sch\u00f6nheit von innen","robots":{"index":"index","follow":"follow","max-snippet":"max-snippet:-1","max-image-preview":"max-image-preview:large","max-video-preview":"max-video-preview:-1"},"canonical":"https:\/\/dev-innerbeauty.pub.dglecom.net\/de\/selen\/","og_locale":"de_DE","og_type":"article","og_title":"Selen: Wie wirkt es? | #INNERBEAUTY","og_description":"Oxidativen Stress mithilfe von Selen lindern! Es steckt in vielen Lebensmitteln und Pr\u00e4paraten zur Nahrungserg\u00e4nzung. #INNERBEAUTY \u2013 Sch\u00f6nheit von innen","og_url":"https:\/\/dev-innerbeauty.pub.dglecom.net\/de\/selen\/","og_site_name":"#INNERBEAUTY","article_modified_time":"2022-03-22T13:18:42+00:00","twitter_card":"summary_large_image","twitter_misc":{"Gesch\u00e4tzte Lesezeit":"3\u00a0Minuten"},"schema":{"@context":"https:\/\/schema.org","@graph":[{"@type":"WebPage","@id":"https:\/\/dev-innerbeauty.pub.dglecom.net\/de\/selen\/","url":"https:\/\/dev-innerbeauty.pub.dglecom.net\/de\/selen\/","name":"Selen: Wie wirkt es? | #INNERBEAUTY","isPartOf":{"@id":"https:\/\/dev-innerbeauty.pub.dglecom.net\/de\/#website"},"datePublished":"2018-12-14T15:42:29+00:00","dateModified":"2022-03-22T13:18:42+00:00","description":"Oxidativen Stress mithilfe von Selen lindern! Es steckt in vielen Lebensmitteln und Pr\u00e4paraten zur Nahrungserg\u00e4nzung. #INNERBEAUTY \u2013 Sch\u00f6nheit von innen","breadcrumb":{"@id":"https:\/\/dev-innerbeauty.pub.dglecom.net\/de\/selen\/#breadcrumb"},"inLanguage":"de","potentialAction":[{"@type":"ReadAction","target":["https:\/\/dev-innerbeauty.pub.dglecom.net\/de\/selen\/"]}]},{"@type":"BreadcrumbList","@id":"https:\/\/dev-innerbeauty.pub.dglecom.net\/de\/selen\/#breadcrumb","itemListElement":[{"@type":"ListItem","position":1,"name":"Startseite","item":"https:\/\/dev-innerbeauty.pub.dglecom.net\/de\/"},{"@type":"ListItem","position":2,"name":"Selen"}]},{"@type":"WebSite","@id":"https:\/\/dev-innerbeauty.pub.dglecom.net\/de\/#website","url":"https:\/\/dev-innerbeauty.pub.dglecom.net\/de\/","name":"#INNERBEAUTY","description":"Ganzheitliche Sch\u00f6nheit f\u00fcr Frauen","inLanguage":"de"}]}},"_links":{"self":[{"href":"https:\/\/dev-innerbeauty.pub.dglecom.net\/de\/wp-json\/wp\/v2\/pages\/188"}],"collection":[{"href":"https:\/\/dev-innerbeauty.pub.dglecom.net\/de\/wp-json\/wp\/v2\/pages"}],"about":[{"href":"https:\/\/dev-innerbeauty.pub.dglecom.net\/de\/wp-json\/wp\/v2\/types\/page"}],"author":[{"embeddable":true,"href":"https:\/\/dev-innerbeauty.pub.dglecom.net\/de\/wp-json\/wp\/v2\/users\/2"}],"replies":[{"embeddable":true,"href":"https:\/\/dev-innerbeauty.pub.dglecom.net\/de\/wp-json\/wp\/v2\/comments?post=188"}],"version-history":[{"count":3,"href":"https:\/\/dev-innerbeauty.pub.dglecom.net\/de\/wp-json\/wp\/v2\/pages\/188\/revisions"}],"predecessor-version":[{"id":6932,"href":"https:\/\/dev-innerbeauty.pub.dglecom.net\/de\/wp-json\/wp\/v2\/pages\/188\/revisions\/6932"}],"wp:attachment":[{"href":"https:\/\/dev-innerbeauty.pub.dglecom.net\/de\/wp-json\/wp\/v2\/media?parent=188"}],"curies":[{"name":"wp","href":"https:\/\/api.w.org\/{rel}","templated":true}]}}