{"id":191,"date":"2018-12-14T16:42:08","date_gmt":"2018-12-14T15:42:08","guid":{"rendered":"https:\/\/hashtag-innerbeauty.com\/?page_id=191"},"modified":"2022-03-22T14:35:05","modified_gmt":"2022-03-22T13:35:05","slug":"kollagen","status":"publish","type":"page","link":"https:\/\/dev-innerbeauty.pub.dglecom.net\/de\/kollagen\/","title":{"rendered":"Kollagen"},"content":{"rendered":"<p>[vc_row][vc_column]\n\t\t\t<div class=\"teaser-block  tb-right  large-block-bottom parallax \"  >\n\t\t\t\n\t\t\t\t<div class=\"teaser-text-block-wrapper\"><div class=\"teaser-text-block\"><div class=\"teaser-inner\">\t<h2 class=\"teaser-subline\">Kollagen<\/h2>\n\t\t\t\t\t\t\t\t<h1 class=\"teaser-headline\">Was ist Kollagen?<\/h1>\t<div class=\"teaser-text\">\n\t\t\t\t\t\t\t\t\t<\/p>\n<p class=\"p1\"><span class=\"s1\">Kollagen geh\u00f6rt zu den wichtigsten Bausteinen in unserer Haut. Das faserige Strukturprotein\u00a0besteht aus einer Kette verschiedener Aminos\u00e4uren \u2013 haupts\u00e4chlich Prolin, Hydroxyprolin und\u00a0Glycin. Es macht 30 Prozent des gesamten Proteinanteils im menschlichen K\u00f6rper aus. Nicht nur in\u00a0der Haut, auch in Gelenken, Knochen, Z\u00e4hnen, B\u00e4ndern und Sehnen kommt Kollagen vor. Allerdings\u00a0nimmt die Kollagenproduktion mit zunehmendem Alter ab. Erfahre hier, welche Funktionen das\u00a0Protein im K\u00f6rper innehat.<\/span><\/p>\n<p>\n\n\t\t\t\t\t\t\t\t<\/div>\n\t\t\t\t\t\t\t\t<div class=\"teaser-button\">\n\t\t\t\t\t\t\t\t\t\n\t\t\t\t\t\t\t\t<\/div>\n\t\t\t\t\t\t\t<\/div>\n\t\t\t\t\t\t<\/div>\n\t\t\t\t<\/div>\n\t\t\t\t\t\t<div class=\"teaser-bg\">\n\t\t\t\t\t\t\t<div class=\"teaser-image-wrapper\">\n\t\t\t\t\t\t\t\t<div class=\"img-desktop d-none d-lg-block\" data-img-width=\"1280\" data-img-height=\"625\"><img loading=\"lazy\" decoding=\"async\" width=\"1280\" height=\"625\" src=\"https:\/\/dev-innerbeauty.pub.dglecom.net\/wp-content\/uploads\/2022\/03\/wissenschaftsseiten-collagen-1280x625px-desktop.jpg\" class=\"attachment-full size-full\" alt=\"\" srcset=\"https:\/\/dev-innerbeauty.pub.dglecom.net\/wp-content\/uploads\/2022\/03\/wissenschaftsseiten-collagen-1280x625px-desktop.jpg 1280w, https:\/\/dev-innerbeauty.pub.dglecom.net\/wp-content\/uploads\/2022\/03\/wissenschaftsseiten-collagen-1280x625px-desktop-300x146.jpg 300w, https:\/\/dev-innerbeauty.pub.dglecom.net\/wp-content\/uploads\/2022\/03\/wissenschaftsseiten-collagen-1280x625px-desktop-1024x500.jpg 1024w, https:\/\/dev-innerbeauty.pub.dglecom.net\/wp-content\/uploads\/2022\/03\/wissenschaftsseiten-collagen-1280x625px-desktop-768x375.jpg 768w\" sizes=\"(max-width: 1280px) 100vw, 1280px\" \/><\/div>\n\t\t\t\t\t\t\t\t<div class=\"img-mobile d-lg-none\" data-img-width=\"930\" data-img-height=\"722\"><img loading=\"lazy\" decoding=\"async\" width=\"930\" height=\"722\" src=\"https:\/\/dev-innerbeauty.pub.dglecom.net\/wp-content\/uploads\/2022\/03\/wissenschaftsseiten-collagen-930x722px-mobile.jpg\" class=\"attachment-full size-full\" alt=\"\" srcset=\"https:\/\/dev-innerbeauty.pub.dglecom.net\/wp-content\/uploads\/2022\/03\/wissenschaftsseiten-collagen-930x722px-mobile.jpg 930w, https:\/\/dev-innerbeauty.pub.dglecom.net\/wp-content\/uploads\/2022\/03\/wissenschaftsseiten-collagen-930x722px-mobile-300x233.jpg 300w, https:\/\/dev-innerbeauty.pub.dglecom.net\/wp-content\/uploads\/2022\/03\/wissenschaftsseiten-collagen-930x722px-mobile-768x596.jpg 768w\" sizes=\"(max-width: 930px) 100vw, 930px\" \/><\/div>\n\t\t\t\t\t\t\t<\/div>\n\t\t\t\t\t\t<\/div>\n\t\t\t\t\t\n\t\t\t\t<div class=\"lines-bottom\">\n\t\t\t\t\t<div class=\"line-bottom-1\"><\/div>\n\t\t\t\t\t<div class=\"line-bottom-2\"><\/div>\n\t\t\t\t<\/div>\n\t\t\t\t\n\t\t\t<\/div>\n\t\t\t[vc_row_inner][vc_column_inner width=&#8220;1\/12&#8243;][\/vc_column_inner][vc_column_inner width=&#8220;10\/12&#8243;][vc_empty_space height=&#8220;40px&#8220;][vc_column_text]<\/p>\n<h2 style=\"text-align: center;\">Welche Funktion hat Kollagen im K\u00f6rper?<\/h2>\n<p>&nbsp;<\/p>\n<p class=\"p1\" style=\"text-align: center;\"><span class=\"s1\">Kollagen sorgt daf\u00fcr, dass die Haut fest und straff bleibt. Es wirkt eng mit Elastin zusammen, das der\u00a0Haut ihre Flexibilit\u00e4t verleiht. Zudem festigt Kollagen Knorpelstrukturen und verleiht Sehnen und\u00a0B\u00e4ndern ihre F\u00e4higkeit, die Knochen zusammenzuhalten. Unter der Hautoberfl\u00e4che bilden die\u00a0Kollagenfasern eine Art Grundger\u00fcst, das der Haut eine feste Struktur gibt und sie gleichzeitig beweglich\u00a0h\u00e4lt.\u200b<\/span><\/p>\n<p>[\/vc_column_text][\/vc_column_inner][vc_column_inner width=&#8220;1\/12&#8243;][\/vc_column_inner][\/vc_row_inner][vc_empty_space height=&#8220;100px&#8220;][\/vc_column][\/vc_row][vc_row el_class=&#8220;row-colored&#8220;][vc_column][vc_row_inner][vc_column_inner width=&#8220;1\/12&#8243;][\/vc_column_inner][vc_column_inner width=&#8220;10\/12&#8243;][vc_empty_space height=&#8220;40px&#8220;][vc_column_text]<\/p>\n<h2 style=\"text-align: center;\">Was passiert, wenn die Kollagenproduktion abnimmt?<\/h2>\n<p>&nbsp;<\/p>\n<p class=\"p1\" style=\"text-align: center;\"><span class=\"s1\">Der K\u00f6rper stellt Kollagen selbst her. Doch mit zunehmendem Alter produziert er\u00a0immer weniger davon. Auch\u00a0<a href=\"https:\/\/hashtag-innerbeauty.com\/oxidativer-stress\/\"><span class=\"s2\">oxidativer Stress<\/span><\/a>\u00a0f\u00fchrt zu einem Mangel an Kollagen. Im\u00a0K\u00f6rper befinden sich dann zu viele\u00a0<a href=\"https:\/\/hashtag-innerbeauty.com\/freie-radikale\/\"><span class=\"s2\">freie Radikale<\/span><\/a>, welche die Kollagenfasern\u00a0zerst\u00f6ren. In der Folge verliert die Haut zunehmend an Spannkraft \u2013 sie erschlafft und\u00a0es bilden sich Falten. Komplett stoppen l\u00e4sst sich dieser Prozess nicht. Jeder Mensch\u00a0altert naturgem\u00e4\u00df. Ist jedoch oxidativer Stress die Ursache f\u00fcr die mangelnde\u00a0Kollagenproduktion, kann die Haut allerdings fr\u00fchzeitig altern. Genau dagegen kann\u00a0man etwas tun!<\/span><\/p>\n<p>[\/vc_column_text][\/vc_column_inner][vc_column_inner width=&#8220;1\/12&#8243;][\/vc_column_inner][\/vc_row_inner][vc_empty_space height=&#8220;50px&#8220;][\/vc_column][\/vc_row][vc_row][vc_column][vc_row_inner][vc_column_inner width=&#8220;1\/12&#8243;][\/vc_column_inner][vc_column_inner width=&#8220;10\/12&#8243;][vc_empty_space height=&#8220;100px&#8220;][vc_column_text]<\/p>\n<h2 style=\"text-align: center;\">Wie versorge ich meinen K\u00f6rper mit Kollagen?<\/h2>\n<p class=\"p1\" style=\"text-align: center;\"><span class=\"s1\">Produziert der K\u00f6rper von selbst nicht mehr gen\u00fcgend Kollagen, kannst du es ihm\u00a0auch von au\u00dfen zuf\u00fchren. Eine gute regelm\u00e4\u00dfige Pflege, bei der du kollagenhaltige\u00a0Cremes und Lotionen verwendest, entschleunigt den Prozess der Hautalterung.\u00a0Bringe au\u00dferdem Kollagen auf deinen Speiseplan! Unter allen Lebensmitteln sind\u00a0tierische Erzeugnisse die besten Kollagenlieferanten.<\/span><span class=\"s2\">\u200b<\/span><\/p>\n<p class=\"p1\" style=\"text-align: center;\"><span class=\"s1\">Erg\u00e4nzend\u00a0kannst du Kollagen auch in einem\u00a0Nahrungserg\u00e4nzungsmittel zu dir nehmen, beispielsweise als Drink.\u00a0Idealerweise f\u00fchrst du deinem K\u00f6rper zudem weitere N\u00e4hrstoffe zu,\u00a0die den normalen Erhalt der Haut f\u00f6rdern, beispielsweise\u00a0<a href=\"https:\/\/hashtag-innerbeauty.com\/biotin\/\"><span class=\"s3\">Biotin<\/span><\/a>\u00a0oder\u00a0<a href=\"https:\/\/hashtag-innerbeauty.com\/hyaluronsaeure\/\"><span class=\"s3\">Hyalurons\u00e4ure<\/span><\/a> oder Vitamin C, dass zu einer normalen Kollagenbildung f\u00fcr eine normale Funktion der Haut beitr\u00e4gt. \u200b<\/span><\/p>\n<p>[\/vc_column_text][\/vc_column_inner][vc_column_inner width=&#8220;1\/12&#8243;][\/vc_column_inner][\/vc_row_inner][\/vc_column][\/vc_row][vc_row][vc_column][vc_column_text]<\/p>\n<h6 style=\"text-align: center;\">Mehr Produkte<\/h6>\n<p>[\/vc_column_text]\n\t\t\t<div class=\"products-listing \">\n\t\t\t\t\n\t\t\t<div class=\"product-single\">\t<div class=\"product-thumb\">\n                                <a class=\"product-link-img\" href=\"https:\/\/dev-innerbeauty.pub.dglecom.net\/de\/produkte\/hyaluronic-beauty-booster\/\" title=\"Hyaluronic Beauty Booster\"><img loading=\"lazy\" decoding=\"async\" width=\"286\" height=\"337\" src=\"https:\/\/dev-innerbeauty.pub.dglecom.net\/wp-content\/uploads\/2019\/11\/innerbeauty_update_product-images_BeautyBooster_286x337px.png\" class=\"img-responsive wp-post-image\" alt=\"\" srcset=\"https:\/\/dev-innerbeauty.pub.dglecom.net\/wp-content\/uploads\/2019\/11\/innerbeauty_update_product-images_BeautyBooster_286x337px.png 286w, https:\/\/dev-innerbeauty.pub.dglecom.net\/wp-content\/uploads\/2019\/11\/innerbeauty_update_product-images_BeautyBooster_286x337px-255x300.png 255w\" sizes=\"(max-width: 286px) 100vw, 286px\" \/>\t\t<\/a>\n                            <\/div>\t<div class=\"product-teaser\">\t<p class=\"product-subline\">#Innerbeauty<\/p>\t<h4><a class=\"product-link-text\" href=\"https:\/\/dev-innerbeauty.pub.dglecom.net\/de\/produkte\/hyaluronic-beauty-booster\/\" title=\"Hyaluronic Beauty Booster\">Hyaluronic Beauty Booster<\/a><\/h4>\t<\/div>\t<p><a class=\"btn product-link\" href=\"https:\/\/dev-innerbeauty.pub.dglecom.net\/de\/produkte\/hyaluronic-beauty-booster\/\" title=\"Hyaluronic Beauty Booster\">zum Produkt<\/a><\/p><\/div><div class=\"product-single\">\t<div class=\"product-thumb\">\n                                <a class=\"product-link-img\" href=\"https:\/\/dev-innerbeauty.pub.dglecom.net\/de\/produkte\/hyaluron-bears\/\" title=\"Hyaluronic Bears\"><img loading=\"lazy\" decoding=\"async\" width=\"286\" height=\"337\" src=\"https:\/\/dev-innerbeauty.pub.dglecom.net\/wp-content\/uploads\/2019\/11\/innerbeauty_update_product-images_Hyaluronic-Bears_286x337px.png\" class=\"img-responsive wp-post-image\" alt=\"\" srcset=\"https:\/\/dev-innerbeauty.pub.dglecom.net\/wp-content\/uploads\/2019\/11\/innerbeauty_update_product-images_Hyaluronic-Bears_286x337px.png 286w, https:\/\/dev-innerbeauty.pub.dglecom.net\/wp-content\/uploads\/2019\/11\/innerbeauty_update_product-images_Hyaluronic-Bears_286x337px-255x300.png 255w\" sizes=\"(max-width: 286px) 100vw, 286px\" \/>\t\t<\/a>\n                            <\/div>\t<div class=\"product-teaser\">\t<p class=\"product-subline\">#Innerbeauty<\/p>\t<h4><a class=\"product-link-text\" href=\"https:\/\/dev-innerbeauty.pub.dglecom.net\/de\/produkte\/hyaluron-bears\/\" title=\"Hyaluronic Bears\">Hyaluronic Bears<\/a><\/h4>\t<\/div>\t<p><a class=\"btn product-link\" href=\"https:\/\/dev-innerbeauty.pub.dglecom.net\/de\/produkte\/hyaluron-bears\/\" title=\"Hyaluronic Bears\">zum Produkt<\/a><\/p><\/div><div class=\"product-single\">\t<div class=\"product-thumb\">\n                                <a class=\"product-link-img\" href=\"https:\/\/dev-innerbeauty.pub.dglecom.net\/de\/produkte\/collagen-bears\/\" title=\"Collagen Bears\"><img loading=\"lazy\" decoding=\"async\" width=\"286\" height=\"337\" src=\"https:\/\/dev-innerbeauty.pub.dglecom.net\/wp-content\/uploads\/2019\/11\/innerbeauty_update_product-images_Collagen-Bears_286x337px.png\" class=\"img-responsive wp-post-image\" alt=\"\" srcset=\"https:\/\/dev-innerbeauty.pub.dglecom.net\/wp-content\/uploads\/2019\/11\/innerbeauty_update_product-images_Collagen-Bears_286x337px.png 286w, https:\/\/dev-innerbeauty.pub.dglecom.net\/wp-content\/uploads\/2019\/11\/innerbeauty_update_product-images_Collagen-Bears_286x337px-255x300.png 255w\" sizes=\"(max-width: 286px) 100vw, 286px\" \/>\t\t<\/a>\n                            <\/div>\t<div class=\"product-teaser\">\t<p class=\"product-subline\">#Innerbeauty<\/p>\t<h4><a class=\"product-link-text\" href=\"https:\/\/dev-innerbeauty.pub.dglecom.net\/de\/produkte\/collagen-bears\/\" title=\"Collagen Bears\">Collagen Bears<\/a><\/h4>\t<\/div>\t<p><a class=\"btn product-link\" href=\"https:\/\/dev-innerbeauty.pub.dglecom.net\/de\/produkte\/collagen-bears\/\" title=\"Collagen Bears\">zum Produkt<\/a><\/p><\/div><div class=\"product-single\">\t<div class=\"product-thumb\">\n                                <a class=\"product-link-img\" href=\"https:\/\/dev-innerbeauty.pub.dglecom.net\/de\/produkte\/collagen-youth-drink\/\" title=\"Collagen Youth Drink\"><img loading=\"lazy\" decoding=\"async\" width=\"286\" height=\"337\" src=\"https:\/\/dev-innerbeauty.pub.dglecom.net\/wp-content\/uploads\/2018\/11\/innerbeauty_update_product-images_286x337px.png\" class=\"img-responsive wp-post-image\" alt=\"\" srcset=\"https:\/\/dev-innerbeauty.pub.dglecom.net\/wp-content\/uploads\/2018\/11\/innerbeauty_update_product-images_286x337px.png 286w, https:\/\/dev-innerbeauty.pub.dglecom.net\/wp-content\/uploads\/2018\/11\/innerbeauty_update_product-images_286x337px-255x300.png 255w\" sizes=\"(max-width: 286px) 100vw, 286px\" \/>\t\t<\/a>\n                            <\/div>\t<div class=\"product-teaser\">\t<p class=\"product-subline\">#Innerbeauty<\/p>\t<h4><a class=\"product-link-text\" href=\"https:\/\/dev-innerbeauty.pub.dglecom.net\/de\/produkte\/collagen-youth-drink\/\" title=\"Collagen Youth Drink\">Collagen Youth Drink<\/a><\/h4>\t<\/div>\t<p><a class=\"btn product-link\" href=\"https:\/\/dev-innerbeauty.pub.dglecom.net\/de\/produkte\/collagen-youth-drink\/\" title=\"Collagen Youth Drink\">zum Produkt<\/a><\/p><\/div><div class=\"product-single\">\t<div class=\"product-thumb\">\n                                <a class=\"product-link-img\" href=\"https:\/\/dev-innerbeauty.pub.dglecom.net\/de\/produkte\/hair-nails-complete\/\" title=\"Hair + Nails Complete\"><img loading=\"lazy\" decoding=\"async\" width=\"286\" height=\"337\" src=\"https:\/\/dev-innerbeauty.pub.dglecom.net\/wp-content\/uploads\/2019\/11\/innerbeauty_update_product-images_HairNails_286x337px.png\" class=\"img-responsive wp-post-image\" alt=\"\" srcset=\"https:\/\/dev-innerbeauty.pub.dglecom.net\/wp-content\/uploads\/2019\/11\/innerbeauty_update_product-images_HairNails_286x337px.png 286w, https:\/\/dev-innerbeauty.pub.dglecom.net\/wp-content\/uploads\/2019\/11\/innerbeauty_update_product-images_HairNails_286x337px-255x300.png 255w\" sizes=\"(max-width: 286px) 100vw, 286px\" \/>\t\t<\/a>\n                            <\/div>\t<div class=\"product-teaser\">\t<p class=\"product-subline\">#Innerbeauty<\/p>\t<h4><a class=\"product-link-text\" href=\"https:\/\/dev-innerbeauty.pub.dglecom.net\/de\/produkte\/hair-nails-complete\/\" title=\"Hair + Nails Complete\">Hair + Nails Complete<\/a><\/h4>\t<\/div>\t<p><a class=\"btn product-link\" href=\"https:\/\/dev-innerbeauty.pub.dglecom.net\/de\/produkte\/hair-nails-complete\/\" title=\"Hair + Nails Complete\">zum Produkt<\/a><\/p><\/div><div class=\"product-single\">\t<div class=\"product-thumb\">\n                                <a class=\"product-link-img\" href=\"https:\/\/dev-innerbeauty.pub.dglecom.net\/de\/produkte\/sun-fit-beta-carotin-plus\/\" title=\"Sun Plus Beta-Carotin\"><img loading=\"lazy\" decoding=\"async\" width=\"286\" height=\"337\" src=\"https:\/\/dev-innerbeauty.pub.dglecom.net\/wp-content\/uploads\/2019\/11\/innerbeauty_update_product-images_Beta-Plus_286x337px.png\" class=\"img-responsive wp-post-image\" alt=\"\" srcset=\"https:\/\/dev-innerbeauty.pub.dglecom.net\/wp-content\/uploads\/2019\/11\/innerbeauty_update_product-images_Beta-Plus_286x337px.png 286w, https:\/\/dev-innerbeauty.pub.dglecom.net\/wp-content\/uploads\/2019\/11\/innerbeauty_update_product-images_Beta-Plus_286x337px-255x300.png 255w\" sizes=\"(max-width: 286px) 100vw, 286px\" \/>\t\t<\/a>\n                            <\/div>\t<div class=\"product-teaser\">\t<p class=\"product-subline\">#Innerbeauty<\/p>\t<h4><a class=\"product-link-text\" href=\"https:\/\/dev-innerbeauty.pub.dglecom.net\/de\/produkte\/sun-fit-beta-carotin-plus\/\" title=\"Sun Plus Beta-Carotin\">Sun Plus Beta-Carotin<\/a><\/h4>\t<\/div>\t<p><a class=\"btn product-link\" href=\"https:\/\/dev-innerbeauty.pub.dglecom.net\/de\/produkte\/sun-fit-beta-carotin-plus\/\" title=\"Sun Plus Beta-Carotin\">zum Produkt<\/a><\/p><\/div><div class=\"product-single\">\t<div class=\"product-thumb\">\n                                <a class=\"product-link-img\" href=\"https:\/\/dev-innerbeauty.pub.dglecom.net\/de\/produkte\/hyaluron-lift-plus\/\" title=\"Hyaluron Lift Plus\"><img loading=\"lazy\" decoding=\"async\" width=\"286\" height=\"337\" src=\"https:\/\/dev-innerbeauty.pub.dglecom.net\/wp-content\/uploads\/2019\/11\/innerbeauty_update_product-images_HyaluronLiftPlus_286x337px.png\" class=\"img-responsive wp-post-image\" alt=\"\" srcset=\"https:\/\/dev-innerbeauty.pub.dglecom.net\/wp-content\/uploads\/2019\/11\/innerbeauty_update_product-images_HyaluronLiftPlus_286x337px.png 286w, https:\/\/dev-innerbeauty.pub.dglecom.net\/wp-content\/uploads\/2019\/11\/innerbeauty_update_product-images_HyaluronLiftPlus_286x337px-255x300.png 255w\" sizes=\"(max-width: 286px) 100vw, 286px\" \/>\t\t<\/a>\n                            <\/div>\t<div class=\"product-teaser\">\t<p class=\"product-subline\">#Innerbeauty<\/p>\t<h4><a class=\"product-link-text\" href=\"https:\/\/dev-innerbeauty.pub.dglecom.net\/de\/produkte\/hyaluron-lift-plus\/\" title=\"Hyaluron Lift Plus\">Hyaluron Lift Plus<\/a><\/h4>\t<\/div>\t<p><a class=\"btn product-link\" href=\"https:\/\/dev-innerbeauty.pub.dglecom.net\/de\/produkte\/hyaluron-lift-plus\/\" title=\"Hyaluron Lift Plus\">zum Produkt<\/a><\/p><\/div>\n\t\t\t\t\n\t\t\t<\/div>\n\t\t\t[\/vc_column][\/vc_row]<\/p>\n","protected":false},"excerpt":{"rendered":"<p>[vc_row][vc_column][vc_row_inner][vc_column_inner width=&#8220;1\/12&#8243;][\/vc_column_inner][vc_column_inner width=&#8220;10\/12&#8243;][vc_empty_space height=&#8220;40px&#8220;][vc_column_text] Welche Funktion hat Kollagen im K\u00f6rper? &nbsp; Kollagen sorgt daf\u00fcr, dass die Haut fest und straff bleibt. Es wirkt eng mit Elastin zusammen, das der\u00a0Haut ihre Flexibilit\u00e4t verleiht. Zudem festigt Kollagen Knorpelstrukturen und verleiht Sehnen und\u00a0B\u00e4ndern ihre F\u00e4higkeit, die Knochen zusammenzuhalten. Unter der Hautoberfl\u00e4che bilden die\u00a0Kollagenfasern eine Art Grundger\u00fcst, das der [&hellip;]<\/p>\n","protected":false},"author":2,"featured_media":0,"parent":0,"menu_order":0,"comment_status":"closed","ping_status":"closed","template":"fullwidth.php","meta":{"footnotes":""},"acf":[],"yoast_head":"<!-- This site is optimized with the Yoast SEO plugin v21.8 - https:\/\/yoast.com\/wordpress\/plugins\/seo\/ -->\n<title>Kollagen: Wie wirkt es? | #INNERBEAUTY<\/title>\n<meta name=\"description\" content=\"Sch\u00fctze deine Haut vor fr\u00fchzeitiger Alterung mit kollagenhaltigen Cremes und Nahrungserg\u00e4nzungsmitteln. #INNERBEAUTY \u2013 Sch\u00f6nheit von innen\" \/>\n<meta name=\"robots\" content=\"index, follow, max-snippet:-1, max-image-preview:large, max-video-preview:-1\" \/>\n<link rel=\"canonical\" href=\"https:\/\/dev-innerbeauty.pub.dglecom.net\/de\/kollagen\/\" \/>\n<meta property=\"og:locale\" content=\"de_DE\" \/>\n<meta property=\"og:type\" content=\"article\" \/>\n<meta property=\"og:title\" content=\"Kollagen: Wie wirkt es? | #INNERBEAUTY\" \/>\n<meta property=\"og:description\" content=\"Sch\u00fctze deine Haut vor fr\u00fchzeitiger Alterung mit kollagenhaltigen Cremes und Nahrungserg\u00e4nzungsmitteln. #INNERBEAUTY \u2013 Sch\u00f6nheit von innen\" \/>\n<meta property=\"og:url\" content=\"https:\/\/dev-innerbeauty.pub.dglecom.net\/de\/kollagen\/\" \/>\n<meta property=\"og:site_name\" content=\"#INNERBEAUTY\" \/>\n<meta property=\"article:modified_time\" content=\"2022-03-22T13:35:05+00:00\" \/>\n<meta name=\"twitter:card\" content=\"summary_large_image\" \/>\n<meta name=\"twitter:label1\" content=\"Gesch\u00e4tzte Lesezeit\" \/>\n\t<meta name=\"twitter:data1\" content=\"3\u00a0Minuten\" \/>\n<script type=\"application\/ld+json\" class=\"yoast-schema-graph\">{\"@context\":\"https:\/\/schema.org\",\"@graph\":[{\"@type\":\"WebPage\",\"@id\":\"https:\/\/dev-innerbeauty.pub.dglecom.net\/de\/kollagen\/\",\"url\":\"https:\/\/dev-innerbeauty.pub.dglecom.net\/de\/kollagen\/\",\"name\":\"Kollagen: Wie wirkt es? | #INNERBEAUTY\",\"isPartOf\":{\"@id\":\"https:\/\/dev-innerbeauty.pub.dglecom.net\/de\/#website\"},\"datePublished\":\"2018-12-14T15:42:08+00:00\",\"dateModified\":\"2022-03-22T13:35:05+00:00\",\"description\":\"Sch\u00fctze deine Haut vor fr\u00fchzeitiger Alterung mit kollagenhaltigen Cremes und Nahrungserg\u00e4nzungsmitteln. #INNERBEAUTY \u2013 Sch\u00f6nheit von innen\",\"breadcrumb\":{\"@id\":\"https:\/\/dev-innerbeauty.pub.dglecom.net\/de\/kollagen\/#breadcrumb\"},\"inLanguage\":\"de\",\"potentialAction\":[{\"@type\":\"ReadAction\",\"target\":[\"https:\/\/dev-innerbeauty.pub.dglecom.net\/de\/kollagen\/\"]}]},{\"@type\":\"BreadcrumbList\",\"@id\":\"https:\/\/dev-innerbeauty.pub.dglecom.net\/de\/kollagen\/#breadcrumb\",\"itemListElement\":[{\"@type\":\"ListItem\",\"position\":1,\"name\":\"Startseite\",\"item\":\"https:\/\/dev-innerbeauty.pub.dglecom.net\/de\/\"},{\"@type\":\"ListItem\",\"position\":2,\"name\":\"Kollagen\"}]},{\"@type\":\"WebSite\",\"@id\":\"https:\/\/dev-innerbeauty.pub.dglecom.net\/de\/#website\",\"url\":\"https:\/\/dev-innerbeauty.pub.dglecom.net\/de\/\",\"name\":\"#INNERBEAUTY\",\"description\":\"Ganzheitliche Sch\u00f6nheit f\u00fcr Frauen\",\"inLanguage\":\"de\"}]}<\/script>\n<!-- \/ Yoast SEO plugin. -->","yoast_head_json":{"title":"Kollagen: Wie wirkt es? | #INNERBEAUTY","description":"Sch\u00fctze deine Haut vor fr\u00fchzeitiger Alterung mit kollagenhaltigen Cremes und Nahrungserg\u00e4nzungsmitteln. #INNERBEAUTY \u2013 Sch\u00f6nheit von innen","robots":{"index":"index","follow":"follow","max-snippet":"max-snippet:-1","max-image-preview":"max-image-preview:large","max-video-preview":"max-video-preview:-1"},"canonical":"https:\/\/dev-innerbeauty.pub.dglecom.net\/de\/kollagen\/","og_locale":"de_DE","og_type":"article","og_title":"Kollagen: Wie wirkt es? | #INNERBEAUTY","og_description":"Sch\u00fctze deine Haut vor fr\u00fchzeitiger Alterung mit kollagenhaltigen Cremes und Nahrungserg\u00e4nzungsmitteln. #INNERBEAUTY \u2013 Sch\u00f6nheit von innen","og_url":"https:\/\/dev-innerbeauty.pub.dglecom.net\/de\/kollagen\/","og_site_name":"#INNERBEAUTY","article_modified_time":"2022-03-22T13:35:05+00:00","twitter_card":"summary_large_image","twitter_misc":{"Gesch\u00e4tzte Lesezeit":"3\u00a0Minuten"},"schema":{"@context":"https:\/\/schema.org","@graph":[{"@type":"WebPage","@id":"https:\/\/dev-innerbeauty.pub.dglecom.net\/de\/kollagen\/","url":"https:\/\/dev-innerbeauty.pub.dglecom.net\/de\/kollagen\/","name":"Kollagen: Wie wirkt es? | #INNERBEAUTY","isPartOf":{"@id":"https:\/\/dev-innerbeauty.pub.dglecom.net\/de\/#website"},"datePublished":"2018-12-14T15:42:08+00:00","dateModified":"2022-03-22T13:35:05+00:00","description":"Sch\u00fctze deine Haut vor fr\u00fchzeitiger Alterung mit kollagenhaltigen Cremes und Nahrungserg\u00e4nzungsmitteln. #INNERBEAUTY \u2013 Sch\u00f6nheit von innen","breadcrumb":{"@id":"https:\/\/dev-innerbeauty.pub.dglecom.net\/de\/kollagen\/#breadcrumb"},"inLanguage":"de","potentialAction":[{"@type":"ReadAction","target":["https:\/\/dev-innerbeauty.pub.dglecom.net\/de\/kollagen\/"]}]},{"@type":"BreadcrumbList","@id":"https:\/\/dev-innerbeauty.pub.dglecom.net\/de\/kollagen\/#breadcrumb","itemListElement":[{"@type":"ListItem","position":1,"name":"Startseite","item":"https:\/\/dev-innerbeauty.pub.dglecom.net\/de\/"},{"@type":"ListItem","position":2,"name":"Kollagen"}]},{"@type":"WebSite","@id":"https:\/\/dev-innerbeauty.pub.dglecom.net\/de\/#website","url":"https:\/\/dev-innerbeauty.pub.dglecom.net\/de\/","name":"#INNERBEAUTY","description":"Ganzheitliche Sch\u00f6nheit f\u00fcr Frauen","inLanguage":"de"}]}},"_links":{"self":[{"href":"https:\/\/dev-innerbeauty.pub.dglecom.net\/de\/wp-json\/wp\/v2\/pages\/191"}],"collection":[{"href":"https:\/\/dev-innerbeauty.pub.dglecom.net\/de\/wp-json\/wp\/v2\/pages"}],"about":[{"href":"https:\/\/dev-innerbeauty.pub.dglecom.net\/de\/wp-json\/wp\/v2\/types\/page"}],"author":[{"embeddable":true,"href":"https:\/\/dev-innerbeauty.pub.dglecom.net\/de\/wp-json\/wp\/v2\/users\/2"}],"replies":[{"embeddable":true,"href":"https:\/\/dev-innerbeauty.pub.dglecom.net\/de\/wp-json\/wp\/v2\/comments?post=191"}],"version-history":[{"count":3,"href":"https:\/\/dev-innerbeauty.pub.dglecom.net\/de\/wp-json\/wp\/v2\/pages\/191\/revisions"}],"predecessor-version":[{"id":6950,"href":"https:\/\/dev-innerbeauty.pub.dglecom.net\/de\/wp-json\/wp\/v2\/pages\/191\/revisions\/6950"}],"wp:attachment":[{"href":"https:\/\/dev-innerbeauty.pub.dglecom.net\/de\/wp-json\/wp\/v2\/media?parent=191"}],"curies":[{"name":"wp","href":"https:\/\/api.w.org\/{rel}","templated":true}]}}