{"id":192,"date":"2018-12-14T16:41:59","date_gmt":"2018-12-14T15:41:59","guid":{"rendered":"https:\/\/hashtag-innerbeauty.com\/?page_id=192"},"modified":"2022-03-22T14:14:56","modified_gmt":"2022-03-22T13:14:56","slug":"hyaluronsaeure","status":"publish","type":"page","link":"https:\/\/dev-innerbeauty.pub.dglecom.net\/de\/hyaluronsaeure\/","title":{"rendered":"Hyalurons\u00e4ure"},"content":{"rendered":"<p>[vc_row][vc_column]\n\t\t\t<div class=\"teaser-block  tb-right  large-block-bottom parallax \"  >\n\t\t\t\n\t\t\t\t<div class=\"teaser-text-block-wrapper\"><div class=\"teaser-text-block\"><div class=\"teaser-inner\">\t<h2 class=\"teaser-subline\">Hyalurons\u00e4ure<\/h2>\n\t\t\t\t\t\t\t\t<h1 class=\"teaser-headline\">Was ist Hyalurons\u00e4ure?<\/h1>\t<div class=\"teaser-text\">\n\t\t\t\t\t\t\t\t\t<\/p>\n<p class=\"p1\"><span class=\"s1\">Hyalurons\u00e4ure wird im menschlichen K\u00f6rper gebildet und ist dazu in der\u00a0Lage, gro\u00dfe Mengen Wasser zu binden: das bis zu 6.000-Fache ihrer\u00a0eigenen Masse! Sie versorgt so unsere Haut mit Feuchtigkeit und\u00a0schmiert unsere Gelenke. Mit zunehmendem Alter oder aufgrund\u00a0von\u00a0<a href=\"https:\/\/hashtag-innerbeauty.com\/oxidativer-stress\/\"><span class=\"s2\">oxidativem Stresses<\/span><\/a>\u00a0nimmt die Produktion von Hyalurons\u00e4ure im\u00a0K\u00f6rper jedoch ab.<\/span><\/p>\n<p>\n\n\t\t\t\t\t\t\t\t<\/div>\n\t\t\t\t\t\t\t\t<div class=\"teaser-button\">\n\t\t\t\t\t\t\t\t\t\n\t\t\t\t\t\t\t\t<\/div>\n\t\t\t\t\t\t\t<\/div>\n\t\t\t\t\t\t<\/div>\n\t\t\t\t<\/div>\n\t\t\t\t\t\t<div class=\"teaser-bg\">\n\t\t\t\t\t\t\t<div class=\"teaser-image-wrapper\">\n\t\t\t\t\t\t\t\t<div class=\"img-desktop d-none d-lg-block\" data-img-width=\"1280\" data-img-height=\"625\"><img loading=\"lazy\" decoding=\"async\" width=\"1280\" height=\"625\" src=\"https:\/\/dev-innerbeauty.pub.dglecom.net\/wp-content\/uploads\/2022\/03\/wissenschaftsseiten-hyaluron-1280x625px-desktop.jpg\" class=\"attachment-full size-full\" alt=\"\" srcset=\"https:\/\/dev-innerbeauty.pub.dglecom.net\/wp-content\/uploads\/2022\/03\/wissenschaftsseiten-hyaluron-1280x625px-desktop.jpg 1280w, https:\/\/dev-innerbeauty.pub.dglecom.net\/wp-content\/uploads\/2022\/03\/wissenschaftsseiten-hyaluron-1280x625px-desktop-300x146.jpg 300w, https:\/\/dev-innerbeauty.pub.dglecom.net\/wp-content\/uploads\/2022\/03\/wissenschaftsseiten-hyaluron-1280x625px-desktop-1024x500.jpg 1024w, https:\/\/dev-innerbeauty.pub.dglecom.net\/wp-content\/uploads\/2022\/03\/wissenschaftsseiten-hyaluron-1280x625px-desktop-768x375.jpg 768w\" sizes=\"(max-width: 1280px) 100vw, 1280px\" \/><\/div>\n\t\t\t\t\t\t\t\t<div class=\"img-mobile d-lg-none\" data-img-width=\"930\" data-img-height=\"722\"><img loading=\"lazy\" decoding=\"async\" width=\"930\" height=\"722\" src=\"https:\/\/dev-innerbeauty.pub.dglecom.net\/wp-content\/uploads\/2022\/03\/wissenschaftsseiten-hyaluron-930x722px-mobile.jpg\" class=\"attachment-full size-full\" alt=\"\" srcset=\"https:\/\/dev-innerbeauty.pub.dglecom.net\/wp-content\/uploads\/2022\/03\/wissenschaftsseiten-hyaluron-930x722px-mobile.jpg 930w, https:\/\/dev-innerbeauty.pub.dglecom.net\/wp-content\/uploads\/2022\/03\/wissenschaftsseiten-hyaluron-930x722px-mobile-300x233.jpg 300w, https:\/\/dev-innerbeauty.pub.dglecom.net\/wp-content\/uploads\/2022\/03\/wissenschaftsseiten-hyaluron-930x722px-mobile-768x596.jpg 768w\" sizes=\"(max-width: 930px) 100vw, 930px\" \/><\/div>\n\t\t\t\t\t\t\t<\/div>\n\t\t\t\t\t\t<\/div>\n\t\t\t\t\t\n\t\t\t\t<div class=\"lines-bottom\">\n\t\t\t\t\t<div class=\"line-bottom-1\"><\/div>\n\t\t\t\t\t<div class=\"line-bottom-2\"><\/div>\n\t\t\t\t<\/div>\n\t\t\t\t\n\t\t\t<\/div>\n\t\t\t[vc_row_inner][vc_column_inner width=&#8220;1\/12&#8243;][\/vc_column_inner][vc_column_inner width=&#8220;10\/12&#8243;][vc_empty_space height=&#8220;40px&#8220;][vc_column_text]<\/p>\n<h2 style=\"text-align: center;\">Was bewirkt Hyalurons\u00e4ure im K\u00f6rper?<\/h2>\n<p>&nbsp;<\/p>\n<p class=\"p1\" style=\"text-align: center;\"><span class=\"s1\">Hyalurons\u00e4ure erf\u00fcllt mehrere wichtige Aufgaben im gesamten K\u00f6rper. Das\u00a0gr\u00f6\u00dfte Organ \u2013 die Haut \u2013 bleibt dank Hyalurons\u00e4ure intakt und straff. So kann\u00a0die Haut ihrerseits einer ihrer wichtigsten Aufgaben gerecht werden, n\u00e4mlich\u00a0\u00e4u\u00dfere Einfl\u00fcsse abzuwehren. Zusammen mit\u00a0<a href=\"https:\/\/hashtag-innerbeauty.com\/kollagen\/\"><span class=\"s2\">Kollagen<\/span><\/a>\u00a0und Elastin verleiht\u00a0Hyalurons\u00e4ure der Haut zudem eine jugendliche Erscheinung. Sie kann aber\u00a0noch mehr: Im Augapfel sorgen gerade einmal 2 Prozent Hyalurons\u00e4ure daf\u00fcr,\u00a0dass 98 Prozent Wasser an Ort und Stelle bleiben und der Augeninnendruck\u00a0aufrechterhalten bleibt. In den Gelenken wirkt sie als Schmiermittel, vermindert\u00a0also Reibung und d\u00e4mpft St\u00f6\u00dfe. Au\u00dferdem regt sie die Regeneration der\u00a0K\u00f6rperzellen an.\u200b<\/span><\/p>\n<p>[\/vc_column_text][\/vc_column_inner][vc_column_inner width=&#8220;1\/12&#8243;][\/vc_column_inner][\/vc_row_inner][vc_empty_space height=&#8220;100px&#8220;][\/vc_column][\/vc_row][vc_row el_class=&#8220;row-colored&#8220;][vc_column][vc_row_inner][vc_column_inner width=&#8220;1\/12&#8243;][\/vc_column_inner][vc_column_inner width=&#8220;10\/12&#8243;][vc_empty_space height=&#8220;40px&#8220;][vc_column_text]<\/p>\n<h2 style=\"text-align: center;\">Was passiert, wenn der K\u00f6rper zu wenig Hyalurons\u00e4ure bildet?<\/h2>\n<p>&nbsp;<\/p>\n<p class=\"p1\" style=\"text-align: center;\"><span class=\"s1\">Je \u00e4lter ein Mensch wird, desto weniger Hyalurons\u00e4ure produziert sein K\u00f6rper. Das ist eine ganz\u00a0nat\u00fcrliche Entwicklung. Nicht selten kommt es aber bereits zu einem fr\u00fchen Mangel an\u00a0Hyalurons\u00e4ure. Verursacher sind\u00a0<a href=\"https:\/\/hashtag-innerbeauty.com\/freie-radikale\/\"><span class=\"s2\">freie Radikale<\/span><\/a>, die in zu gro\u00dfer Zahl oxidativen Stress ausl\u00f6sen.\u00a0Sie zerst\u00f6ren dann unter anderem die Molek\u00fcle der Hyalurons\u00e4ure. Das f\u00fchrt dazu, dass sich\u00a0Falten schneller bilden. Weil auch die Kollagenproduktion reduziert wird, erschlafft die Haut und\u00a0verliert ihre nat\u00fcrliche Spannkraft. Des Weiteren leiden Betroffene oft unter trockenen Augen und\u00a0schmerzenden Gelenken.\u200b<\/span><\/p>\n<p>[\/vc_column_text][\/vc_column_inner][vc_column_inner width=&#8220;1\/12&#8243;][\/vc_column_inner][\/vc_row_inner][vc_empty_space height=&#8220;50px&#8220;][\/vc_column][\/vc_row][vc_row][vc_column][vc_row_inner][vc_column_inner width=&#8220;1\/12&#8243;][\/vc_column_inner][vc_column_inner width=&#8220;10\/12&#8243;][vc_empty_space height=&#8220;100px&#8220;][vc_column_text]<\/p>\n<h2 style=\"text-align: center;\">Wie versorge ich meinen K\u00f6rper mit Hyalurons\u00e4ure?<\/h2>\n<p>&nbsp;<\/p>\n<p class=\"p1\" style=\"text-align: center;\"><span class=\"s1\">\u200bProduziert der K\u00f6rper nicht mehr ausreichend Hyalurons\u00e4ure, kannst du ihm das Element von\u00a0au\u00dfen zuf\u00fchren. Pflege beispielsweise deine Haut mit Hyaluron-Cremes \u2013 eine gute Erg\u00e4nzung\u00a0sind kollagenhaltige Pflegeprodukte. Erg\u00e4nzend empfiehlt sich zus\u00e4tzlich die Einnahme von hyaluronhaltigen Nahrungserg\u00e4nzungsmitteln. Bei #INNERBEAUTY\u00a0findest du beispielsweise Kapseln und auch Drinks mit Hyalurons\u00e4ure zum Trinken.\u200b<\/span><\/p>\n<p class=\"p1\" style=\"text-align: center;\"><span class=\"s1\">L\u00f6st oxidativer Stress den\u00a0Hyalurons\u00e4uremangel\u00a0bei dir aus, versorge deinen K\u00f6rper am besten mit\u00a0vielen Antioxidantien. Sie sind in verschiedenen Lebensmitteln wie Spinat, Tomaten, N\u00fcssen,\u00a0Blaubeeren oder \u00c4pfeln enthalten. \u00dcber Nahrungserg\u00e4nzungsmittel kannst du dir leicht weitere\u00a0wertvolle Antioxidantien-Lieferanten zuf\u00fchren \u2013 zum Beispiel\u00a0<a href=\"https:\/\/hashtag-innerbeauty.com\/selen\/\"><span class=\"s2\">Selen<\/span><\/a>,\u00a0<a href=\"https:\/\/hashtag-innerbeauty.com\/l-cystein\/\"><span class=\"s2\">L-Cystein<\/span><\/a>\u00a0oder\u00a0<a href=\"https:\/\/hashtag-innerbeauty.com\/coenzym-q10\/\"><span class=\"s2\">Q10<\/span><\/a>.\u200b<\/span><\/p>\n<p>[\/vc_column_text][\/vc_column_inner][vc_column_inner width=&#8220;1\/12&#8243;][\/vc_column_inner][\/vc_row_inner][\/vc_column][\/vc_row][vc_row][vc_column][vc_column_text]<\/p>\n<h6 style=\"text-align: center;\">Mehr Produkte<\/h6>\n<p>[\/vc_column_text]\n\t\t\t<div class=\"products-listing \">\n\t\t\t\t\n\t\t\t<div class=\"product-single\">\t<div class=\"product-thumb\">\n                                <a class=\"product-link-img\" href=\"https:\/\/dev-innerbeauty.pub.dglecom.net\/de\/produkte\/hyaluronic-beauty-booster\/\" title=\"Hyaluronic Beauty Booster\"><img loading=\"lazy\" decoding=\"async\" width=\"286\" height=\"337\" src=\"https:\/\/dev-innerbeauty.pub.dglecom.net\/wp-content\/uploads\/2019\/11\/innerbeauty_update_product-images_BeautyBooster_286x337px.png\" class=\"img-responsive wp-post-image\" alt=\"\" srcset=\"https:\/\/dev-innerbeauty.pub.dglecom.net\/wp-content\/uploads\/2019\/11\/innerbeauty_update_product-images_BeautyBooster_286x337px.png 286w, https:\/\/dev-innerbeauty.pub.dglecom.net\/wp-content\/uploads\/2019\/11\/innerbeauty_update_product-images_BeautyBooster_286x337px-255x300.png 255w\" sizes=\"(max-width: 286px) 100vw, 286px\" \/>\t\t<\/a>\n                            <\/div>\t<div class=\"product-teaser\">\t<p class=\"product-subline\">#Innerbeauty<\/p>\t<h4><a class=\"product-link-text\" href=\"https:\/\/dev-innerbeauty.pub.dglecom.net\/de\/produkte\/hyaluronic-beauty-booster\/\" title=\"Hyaluronic Beauty Booster\">Hyaluronic Beauty Booster<\/a><\/h4>\t<\/div>\t<p><a class=\"btn product-link\" href=\"https:\/\/dev-innerbeauty.pub.dglecom.net\/de\/produkte\/hyaluronic-beauty-booster\/\" title=\"Hyaluronic Beauty Booster\">zum Produkt<\/a><\/p><\/div><div class=\"product-single\">\t<div class=\"product-thumb\">\n                                <a class=\"product-link-img\" href=\"https:\/\/dev-innerbeauty.pub.dglecom.net\/de\/produkte\/hyaluron-bears\/\" title=\"Hyaluronic Bears\"><img loading=\"lazy\" decoding=\"async\" width=\"286\" height=\"337\" src=\"https:\/\/dev-innerbeauty.pub.dglecom.net\/wp-content\/uploads\/2019\/11\/innerbeauty_update_product-images_Hyaluronic-Bears_286x337px.png\" class=\"img-responsive wp-post-image\" alt=\"\" srcset=\"https:\/\/dev-innerbeauty.pub.dglecom.net\/wp-content\/uploads\/2019\/11\/innerbeauty_update_product-images_Hyaluronic-Bears_286x337px.png 286w, https:\/\/dev-innerbeauty.pub.dglecom.net\/wp-content\/uploads\/2019\/11\/innerbeauty_update_product-images_Hyaluronic-Bears_286x337px-255x300.png 255w\" sizes=\"(max-width: 286px) 100vw, 286px\" \/>\t\t<\/a>\n                            <\/div>\t<div class=\"product-teaser\">\t<p class=\"product-subline\">#Innerbeauty<\/p>\t<h4><a class=\"product-link-text\" href=\"https:\/\/dev-innerbeauty.pub.dglecom.net\/de\/produkte\/hyaluron-bears\/\" title=\"Hyaluronic Bears\">Hyaluronic Bears<\/a><\/h4>\t<\/div>\t<p><a class=\"btn product-link\" href=\"https:\/\/dev-innerbeauty.pub.dglecom.net\/de\/produkte\/hyaluron-bears\/\" title=\"Hyaluronic Bears\">zum Produkt<\/a><\/p><\/div><div class=\"product-single\">\t<div class=\"product-thumb\">\n                                <a class=\"product-link-img\" href=\"https:\/\/dev-innerbeauty.pub.dglecom.net\/de\/produkte\/collagen-bears\/\" title=\"Collagen Bears\"><img loading=\"lazy\" decoding=\"async\" width=\"286\" height=\"337\" src=\"https:\/\/dev-innerbeauty.pub.dglecom.net\/wp-content\/uploads\/2019\/11\/innerbeauty_update_product-images_Collagen-Bears_286x337px.png\" class=\"img-responsive wp-post-image\" alt=\"\" srcset=\"https:\/\/dev-innerbeauty.pub.dglecom.net\/wp-content\/uploads\/2019\/11\/innerbeauty_update_product-images_Collagen-Bears_286x337px.png 286w, https:\/\/dev-innerbeauty.pub.dglecom.net\/wp-content\/uploads\/2019\/11\/innerbeauty_update_product-images_Collagen-Bears_286x337px-255x300.png 255w\" sizes=\"(max-width: 286px) 100vw, 286px\" \/>\t\t<\/a>\n                            <\/div>\t<div class=\"product-teaser\">\t<p class=\"product-subline\">#Innerbeauty<\/p>\t<h4><a class=\"product-link-text\" href=\"https:\/\/dev-innerbeauty.pub.dglecom.net\/de\/produkte\/collagen-bears\/\" title=\"Collagen Bears\">Collagen Bears<\/a><\/h4>\t<\/div>\t<p><a class=\"btn product-link\" href=\"https:\/\/dev-innerbeauty.pub.dglecom.net\/de\/produkte\/collagen-bears\/\" title=\"Collagen Bears\">zum Produkt<\/a><\/p><\/div><div class=\"product-single\">\t<div class=\"product-thumb\">\n                                <a class=\"product-link-img\" href=\"https:\/\/dev-innerbeauty.pub.dglecom.net\/de\/produkte\/collagen-youth-drink\/\" title=\"Collagen Youth Drink\"><img loading=\"lazy\" decoding=\"async\" width=\"286\" height=\"337\" src=\"https:\/\/dev-innerbeauty.pub.dglecom.net\/wp-content\/uploads\/2018\/11\/innerbeauty_update_product-images_286x337px.png\" class=\"img-responsive wp-post-image\" alt=\"\" srcset=\"https:\/\/dev-innerbeauty.pub.dglecom.net\/wp-content\/uploads\/2018\/11\/innerbeauty_update_product-images_286x337px.png 286w, https:\/\/dev-innerbeauty.pub.dglecom.net\/wp-content\/uploads\/2018\/11\/innerbeauty_update_product-images_286x337px-255x300.png 255w\" sizes=\"(max-width: 286px) 100vw, 286px\" \/>\t\t<\/a>\n                            <\/div>\t<div class=\"product-teaser\">\t<p class=\"product-subline\">#Innerbeauty<\/p>\t<h4><a class=\"product-link-text\" href=\"https:\/\/dev-innerbeauty.pub.dglecom.net\/de\/produkte\/collagen-youth-drink\/\" title=\"Collagen Youth Drink\">Collagen Youth Drink<\/a><\/h4>\t<\/div>\t<p><a class=\"btn product-link\" href=\"https:\/\/dev-innerbeauty.pub.dglecom.net\/de\/produkte\/collagen-youth-drink\/\" title=\"Collagen Youth Drink\">zum Produkt<\/a><\/p><\/div><div class=\"product-single\">\t<div class=\"product-thumb\">\n                                <a class=\"product-link-img\" href=\"https:\/\/dev-innerbeauty.pub.dglecom.net\/de\/produkte\/hair-nails-complete\/\" title=\"Hair + Nails Complete\"><img loading=\"lazy\" decoding=\"async\" width=\"286\" height=\"337\" src=\"https:\/\/dev-innerbeauty.pub.dglecom.net\/wp-content\/uploads\/2019\/11\/innerbeauty_update_product-images_HairNails_286x337px.png\" class=\"img-responsive wp-post-image\" alt=\"\" srcset=\"https:\/\/dev-innerbeauty.pub.dglecom.net\/wp-content\/uploads\/2019\/11\/innerbeauty_update_product-images_HairNails_286x337px.png 286w, https:\/\/dev-innerbeauty.pub.dglecom.net\/wp-content\/uploads\/2019\/11\/innerbeauty_update_product-images_HairNails_286x337px-255x300.png 255w\" sizes=\"(max-width: 286px) 100vw, 286px\" \/>\t\t<\/a>\n                            <\/div>\t<div class=\"product-teaser\">\t<p class=\"product-subline\">#Innerbeauty<\/p>\t<h4><a class=\"product-link-text\" href=\"https:\/\/dev-innerbeauty.pub.dglecom.net\/de\/produkte\/hair-nails-complete\/\" title=\"Hair + Nails Complete\">Hair + Nails Complete<\/a><\/h4>\t<\/div>\t<p><a class=\"btn product-link\" href=\"https:\/\/dev-innerbeauty.pub.dglecom.net\/de\/produkte\/hair-nails-complete\/\" title=\"Hair + Nails Complete\">zum Produkt<\/a><\/p><\/div><div class=\"product-single\">\t<div class=\"product-thumb\">\n                                <a class=\"product-link-img\" href=\"https:\/\/dev-innerbeauty.pub.dglecom.net\/de\/produkte\/sun-fit-beta-carotin-plus\/\" title=\"Sun Plus Beta-Carotin\"><img loading=\"lazy\" decoding=\"async\" width=\"286\" height=\"337\" src=\"https:\/\/dev-innerbeauty.pub.dglecom.net\/wp-content\/uploads\/2019\/11\/innerbeauty_update_product-images_Beta-Plus_286x337px.png\" class=\"img-responsive wp-post-image\" alt=\"\" srcset=\"https:\/\/dev-innerbeauty.pub.dglecom.net\/wp-content\/uploads\/2019\/11\/innerbeauty_update_product-images_Beta-Plus_286x337px.png 286w, https:\/\/dev-innerbeauty.pub.dglecom.net\/wp-content\/uploads\/2019\/11\/innerbeauty_update_product-images_Beta-Plus_286x337px-255x300.png 255w\" sizes=\"(max-width: 286px) 100vw, 286px\" \/>\t\t<\/a>\n                            <\/div>\t<div class=\"product-teaser\">\t<p class=\"product-subline\">#Innerbeauty<\/p>\t<h4><a class=\"product-link-text\" href=\"https:\/\/dev-innerbeauty.pub.dglecom.net\/de\/produkte\/sun-fit-beta-carotin-plus\/\" title=\"Sun Plus Beta-Carotin\">Sun Plus Beta-Carotin<\/a><\/h4>\t<\/div>\t<p><a class=\"btn product-link\" href=\"https:\/\/dev-innerbeauty.pub.dglecom.net\/de\/produkte\/sun-fit-beta-carotin-plus\/\" title=\"Sun Plus Beta-Carotin\">zum Produkt<\/a><\/p><\/div><div class=\"product-single\">\t<div class=\"product-thumb\">\n                                <a class=\"product-link-img\" href=\"https:\/\/dev-innerbeauty.pub.dglecom.net\/de\/produkte\/hyaluron-lift-plus\/\" title=\"Hyaluron Lift Plus\"><img loading=\"lazy\" decoding=\"async\" width=\"286\" height=\"337\" src=\"https:\/\/dev-innerbeauty.pub.dglecom.net\/wp-content\/uploads\/2019\/11\/innerbeauty_update_product-images_HyaluronLiftPlus_286x337px.png\" class=\"img-responsive wp-post-image\" alt=\"\" srcset=\"https:\/\/dev-innerbeauty.pub.dglecom.net\/wp-content\/uploads\/2019\/11\/innerbeauty_update_product-images_HyaluronLiftPlus_286x337px.png 286w, https:\/\/dev-innerbeauty.pub.dglecom.net\/wp-content\/uploads\/2019\/11\/innerbeauty_update_product-images_HyaluronLiftPlus_286x337px-255x300.png 255w\" sizes=\"(max-width: 286px) 100vw, 286px\" \/>\t\t<\/a>\n                            <\/div>\t<div class=\"product-teaser\">\t<p class=\"product-subline\">#Innerbeauty<\/p>\t<h4><a class=\"product-link-text\" href=\"https:\/\/dev-innerbeauty.pub.dglecom.net\/de\/produkte\/hyaluron-lift-plus\/\" title=\"Hyaluron Lift Plus\">Hyaluron Lift Plus<\/a><\/h4>\t<\/div>\t<p><a class=\"btn product-link\" href=\"https:\/\/dev-innerbeauty.pub.dglecom.net\/de\/produkte\/hyaluron-lift-plus\/\" title=\"Hyaluron Lift Plus\">zum Produkt<\/a><\/p><\/div>\n\t\t\t\t\n\t\t\t<\/div>\n\t\t\t[\/vc_column][\/vc_row]<\/p>\n","protected":false},"excerpt":{"rendered":"<p>[vc_row][vc_column][vc_row_inner][vc_column_inner width=&#8220;1\/12&#8243;][\/vc_column_inner][vc_column_inner width=&#8220;10\/12&#8243;][vc_empty_space height=&#8220;40px&#8220;][vc_column_text] Was bewirkt Hyalurons\u00e4ure im K\u00f6rper? &nbsp; Hyalurons\u00e4ure erf\u00fcllt mehrere wichtige Aufgaben im gesamten K\u00f6rper. Das\u00a0gr\u00f6\u00dfte Organ \u2013 die Haut \u2013 bleibt dank Hyalurons\u00e4ure intakt und straff. So kann\u00a0die Haut ihrerseits einer ihrer wichtigsten Aufgaben gerecht werden, n\u00e4mlich\u00a0\u00e4u\u00dfere Einfl\u00fcsse abzuwehren. Zusammen mit\u00a0Kollagen\u00a0und Elastin verleiht\u00a0Hyalurons\u00e4ure der Haut zudem eine jugendliche Erscheinung. Sie kann [&hellip;]<\/p>\n","protected":false},"author":2,"featured_media":0,"parent":0,"menu_order":0,"comment_status":"closed","ping_status":"closed","template":"fullwidth.php","meta":{"footnotes":""},"acf":[],"yoast_head":"<!-- This site is optimized with the Yoast SEO plugin v21.8 - https:\/\/yoast.com\/wordpress\/plugins\/seo\/ -->\n<title>Hyalurons\u00e4ure: Wie wirkt sie? | #INNERBEAUTY<\/title>\n<meta name=\"description\" content=\"Fr\u00fchzeitige Hautalterung verlangsamen: Versorge deinen K\u00f6rper mit Hyalurons\u00e4ure \u00fcber Cremes und Nahrungserg\u00e4nzung. #INNERBEAUTY \u2013 Sch\u00f6nheit von innen\" \/>\n<meta name=\"robots\" content=\"index, follow, max-snippet:-1, max-image-preview:large, max-video-preview:-1\" \/>\n<link rel=\"canonical\" href=\"https:\/\/dev-innerbeauty.pub.dglecom.net\/de\/hyaluronsaeure\/\" \/>\n<meta property=\"og:locale\" content=\"de_DE\" \/>\n<meta property=\"og:type\" content=\"article\" \/>\n<meta property=\"og:title\" content=\"Hyalurons\u00e4ure: Wie wirkt sie? | #INNERBEAUTY\" \/>\n<meta property=\"og:description\" content=\"Fr\u00fchzeitige Hautalterung verlangsamen: Versorge deinen K\u00f6rper mit Hyalurons\u00e4ure \u00fcber Cremes und Nahrungserg\u00e4nzung. #INNERBEAUTY \u2013 Sch\u00f6nheit von innen\" \/>\n<meta property=\"og:url\" content=\"https:\/\/dev-innerbeauty.pub.dglecom.net\/de\/hyaluronsaeure\/\" \/>\n<meta property=\"og:site_name\" content=\"#INNERBEAUTY\" \/>\n<meta property=\"article:modified_time\" content=\"2022-03-22T13:14:56+00:00\" \/>\n<meta name=\"twitter:card\" content=\"summary_large_image\" \/>\n<meta name=\"twitter:label1\" content=\"Gesch\u00e4tzte Lesezeit\" \/>\n\t<meta name=\"twitter:data1\" content=\"3\u00a0Minuten\" \/>\n<script type=\"application\/ld+json\" class=\"yoast-schema-graph\">{\"@context\":\"https:\/\/schema.org\",\"@graph\":[{\"@type\":\"WebPage\",\"@id\":\"https:\/\/dev-innerbeauty.pub.dglecom.net\/de\/hyaluronsaeure\/\",\"url\":\"https:\/\/dev-innerbeauty.pub.dglecom.net\/de\/hyaluronsaeure\/\",\"name\":\"Hyalurons\u00e4ure: Wie wirkt sie? | #INNERBEAUTY\",\"isPartOf\":{\"@id\":\"https:\/\/dev-innerbeauty.pub.dglecom.net\/de\/#website\"},\"datePublished\":\"2018-12-14T15:41:59+00:00\",\"dateModified\":\"2022-03-22T13:14:56+00:00\",\"description\":\"Fr\u00fchzeitige Hautalterung verlangsamen: Versorge deinen K\u00f6rper mit Hyalurons\u00e4ure \u00fcber Cremes und Nahrungserg\u00e4nzung. #INNERBEAUTY \u2013 Sch\u00f6nheit von innen\",\"breadcrumb\":{\"@id\":\"https:\/\/dev-innerbeauty.pub.dglecom.net\/de\/hyaluronsaeure\/#breadcrumb\"},\"inLanguage\":\"de\",\"potentialAction\":[{\"@type\":\"ReadAction\",\"target\":[\"https:\/\/dev-innerbeauty.pub.dglecom.net\/de\/hyaluronsaeure\/\"]}]},{\"@type\":\"BreadcrumbList\",\"@id\":\"https:\/\/dev-innerbeauty.pub.dglecom.net\/de\/hyaluronsaeure\/#breadcrumb\",\"itemListElement\":[{\"@type\":\"ListItem\",\"position\":1,\"name\":\"Startseite\",\"item\":\"https:\/\/dev-innerbeauty.pub.dglecom.net\/de\/\"},{\"@type\":\"ListItem\",\"position\":2,\"name\":\"Hyalurons\u00e4ure\"}]},{\"@type\":\"WebSite\",\"@id\":\"https:\/\/dev-innerbeauty.pub.dglecom.net\/de\/#website\",\"url\":\"https:\/\/dev-innerbeauty.pub.dglecom.net\/de\/\",\"name\":\"#INNERBEAUTY\",\"description\":\"Ganzheitliche Sch\u00f6nheit f\u00fcr Frauen\",\"inLanguage\":\"de\"}]}<\/script>\n<!-- \/ Yoast SEO plugin. -->","yoast_head_json":{"title":"Hyalurons\u00e4ure: Wie wirkt sie? | #INNERBEAUTY","description":"Fr\u00fchzeitige Hautalterung verlangsamen: Versorge deinen K\u00f6rper mit Hyalurons\u00e4ure \u00fcber Cremes und Nahrungserg\u00e4nzung. #INNERBEAUTY \u2013 Sch\u00f6nheit von innen","robots":{"index":"index","follow":"follow","max-snippet":"max-snippet:-1","max-image-preview":"max-image-preview:large","max-video-preview":"max-video-preview:-1"},"canonical":"https:\/\/dev-innerbeauty.pub.dglecom.net\/de\/hyaluronsaeure\/","og_locale":"de_DE","og_type":"article","og_title":"Hyalurons\u00e4ure: Wie wirkt sie? | #INNERBEAUTY","og_description":"Fr\u00fchzeitige Hautalterung verlangsamen: Versorge deinen K\u00f6rper mit Hyalurons\u00e4ure \u00fcber Cremes und Nahrungserg\u00e4nzung. #INNERBEAUTY \u2013 Sch\u00f6nheit von innen","og_url":"https:\/\/dev-innerbeauty.pub.dglecom.net\/de\/hyaluronsaeure\/","og_site_name":"#INNERBEAUTY","article_modified_time":"2022-03-22T13:14:56+00:00","twitter_card":"summary_large_image","twitter_misc":{"Gesch\u00e4tzte Lesezeit":"3\u00a0Minuten"},"schema":{"@context":"https:\/\/schema.org","@graph":[{"@type":"WebPage","@id":"https:\/\/dev-innerbeauty.pub.dglecom.net\/de\/hyaluronsaeure\/","url":"https:\/\/dev-innerbeauty.pub.dglecom.net\/de\/hyaluronsaeure\/","name":"Hyalurons\u00e4ure: Wie wirkt sie? | #INNERBEAUTY","isPartOf":{"@id":"https:\/\/dev-innerbeauty.pub.dglecom.net\/de\/#website"},"datePublished":"2018-12-14T15:41:59+00:00","dateModified":"2022-03-22T13:14:56+00:00","description":"Fr\u00fchzeitige Hautalterung verlangsamen: Versorge deinen K\u00f6rper mit Hyalurons\u00e4ure \u00fcber Cremes und Nahrungserg\u00e4nzung. #INNERBEAUTY \u2013 Sch\u00f6nheit von innen","breadcrumb":{"@id":"https:\/\/dev-innerbeauty.pub.dglecom.net\/de\/hyaluronsaeure\/#breadcrumb"},"inLanguage":"de","potentialAction":[{"@type":"ReadAction","target":["https:\/\/dev-innerbeauty.pub.dglecom.net\/de\/hyaluronsaeure\/"]}]},{"@type":"BreadcrumbList","@id":"https:\/\/dev-innerbeauty.pub.dglecom.net\/de\/hyaluronsaeure\/#breadcrumb","itemListElement":[{"@type":"ListItem","position":1,"name":"Startseite","item":"https:\/\/dev-innerbeauty.pub.dglecom.net\/de\/"},{"@type":"ListItem","position":2,"name":"Hyalurons\u00e4ure"}]},{"@type":"WebSite","@id":"https:\/\/dev-innerbeauty.pub.dglecom.net\/de\/#website","url":"https:\/\/dev-innerbeauty.pub.dglecom.net\/de\/","name":"#INNERBEAUTY","description":"Ganzheitliche Sch\u00f6nheit f\u00fcr Frauen","inLanguage":"de"}]}},"_links":{"self":[{"href":"https:\/\/dev-innerbeauty.pub.dglecom.net\/de\/wp-json\/wp\/v2\/pages\/192"}],"collection":[{"href":"https:\/\/dev-innerbeauty.pub.dglecom.net\/de\/wp-json\/wp\/v2\/pages"}],"about":[{"href":"https:\/\/dev-innerbeauty.pub.dglecom.net\/de\/wp-json\/wp\/v2\/types\/page"}],"author":[{"embeddable":true,"href":"https:\/\/dev-innerbeauty.pub.dglecom.net\/de\/wp-json\/wp\/v2\/users\/2"}],"replies":[{"embeddable":true,"href":"https:\/\/dev-innerbeauty.pub.dglecom.net\/de\/wp-json\/wp\/v2\/comments?post=192"}],"version-history":[{"count":3,"href":"https:\/\/dev-innerbeauty.pub.dglecom.net\/de\/wp-json\/wp\/v2\/pages\/192\/revisions"}],"predecessor-version":[{"id":6930,"href":"https:\/\/dev-innerbeauty.pub.dglecom.net\/de\/wp-json\/wp\/v2\/pages\/192\/revisions\/6930"}],"wp:attachment":[{"href":"https:\/\/dev-innerbeauty.pub.dglecom.net\/de\/wp-json\/wp\/v2\/media?parent=192"}],"curies":[{"name":"wp","href":"https:\/\/api.w.org\/{rel}","templated":true}]}}