{"id":3,"date":"2018-11-26T07:29:21","date_gmt":"2018-11-26T06:29:21","guid":{"rendered":"https:\/\/hashtag-innerbeauty.com\/wp-quick-install\/index.php\/?page_id=3"},"modified":"2020-02-06T14:01:39","modified_gmt":"2020-02-06T13:01:39","slug":"datenschutzerklaerung","status":"publish","type":"page","link":"https:\/\/dev-innerbeauty.pub.dglecom.net\/de\/datenschutzerklaerung\/","title":{"rendered":"Datenschutzerkl\u00e4rung"},"content":{"rendered":"<div class=\"datenschutz\">\n<h1>Datenschutz<\/h1>\n<p>Datenschutz-Information<br \/>\n(Version 1.0; Stand 01.10.2018)<\/p>\n<div class=\"content\">\n<h2>Inhalts\u00fcbersicht<\/h2>\n<ol>\n<li><a class=\"nodecoration\" href=\"#p1\">\u00dcberblick<\/a><\/li>\n<li><a class=\"nodecoration\" href=\"#p2\">Name und Kontaktdaten des f\u00fcr die Verarbeitung Verantwortlichen sowie des betrieblichen Datenschutzbeauftragten<\/a><\/li>\n<li><a class=\"nodecoration\" href=\"#p3\">Zwecke der Datenverarbeitung, Rechtsgrundlagen und berechtigte Interessen, die von der Ultimate Skin Aesthetics GmbH oder einem Dritten verfolgt werden sowie Kategorien von Empf\u00e4ngern<\/a>\n<ol>\n<li><a class=\"nodecoration\" href=\"#p4\">Aufrufen unserer Website bzw. Applikation<\/a><\/li>\n<li><a class=\"nodecoration\" href=\"#p5\">Onlineauftritt und Webseiten-Optimierung<\/a><\/li>\n<\/ol>\n<\/li>\n<li><a class=\"nodecoration\" href=\"#p6\">\u00dcbermittlung an Empf\u00e4nger au\u00dferhalb der EU<\/a><\/li>\n<li><a href=\"#p7\">Einbindung Inhalte Dritter<\/a><\/li>\n<li><a class=\"nodecoration\" href=\"#p8\">Ihre Rechte<\/a><\/li>\n<li><a class=\"nodecoration\" href=\"#p9\">\u00c4nderungen dieser Erkl\u00e4rung<\/a><\/li>\n<\/ol>\n<ol class=\"myol\">\n<li>\n<h3><a name=\"p1\"><\/a><b class=\"myhl\">\u00dcberblick<br \/>\n<\/b><\/h3>\n<p>Die folgenden Datenschutzhinweise informieren Sie \u00fcber Art und Umfang der Verarbeitung sogenannter <b>personenbezogener Daten<\/b> durch die <b>Ultimate Skin Aesthetics GmbH<\/b>. Personenbezogene Daten sind Informationen, die Ihrer Person direkt oder mittelbar zuzuordnen sind bzw. zugeordnet werden k\u00f6nnen.Mit <b>Aufruf der Website\/Applikation<\/b> der Ultimate Skin Aesthetics GmbH werden verschiedene Informationen zwischen Ihrem Endger\u00e4t und unserem Server ausgetauscht. Hierbei kann es sich auch um personenbezogene Daten handeln. Die so erhobenen Informationen werden u.a. dazu genutzt, unsere Website zu optimieren.Unsere Website und unsere Dienstleistungen richten sich nicht an Kinder unter 16 Jahren.Den Vorgaben der DSGVO entsprechend haben Sie <b>unterschiedliche Rechte<\/b>, die Sie uns gegen\u00fcber geltend machen k\u00f6nnen. Hierzu z\u00e4hlt u.a. das Recht, <b>Widerspruch<\/b> gegen ausgew\u00e4hlte Datenverarbeitungen, insbesondere Datenverarbeitungen zu Werbezwecken, einlegen zu k\u00f6nnen. Die M\u00f6glichkeit zum Widerspruch ist drucktechnisch hervorgehoben.Sollten Sie Fragen zu unseren Datenschutzhinweisen haben, wenden Sie sich gerne jederzeit an uns unter den untenstehenden Kontaktdaten des Verantwortlichen.<\/li>\n<li>\n<h3><b class=\"myhl\"><a name=\"p2\"><\/a>Name und Kontaktdaten des f\u00fcr die Verarbeitung Verantwortlichen<br \/>\n<\/b><\/h3>\n<p>Diese Datenschutzinformation gilt f\u00fcr die Datenverarbeitung durch die <b>Ultimate Skin Aesthetics GmbH<\/b>, Luise-Rainer-Stra\u00dfe 7-11, 40235 D\u00fcsseldorf; Gesch\u00e4ftsf\u00fchrer: Susanne Cornelius, Dr. Christian Korte (\u201eVerantwortlicher\u201c), und f\u00fcr folgenden Webseiten bzw. Applikationen: <a href=\"https:\/\/www.hashtag-innerbeauty.de\" target=\"_blank\" rel=\"noopener\">www.hashtag-innerbeauty.de<\/a>.<\/li>\n<li>\n<h3><b class=\"myhl\"><a name=\"p3\"><\/a>Zwecke der Datenverarbeitung, Rechtsgrundlagen und berechtigte Interessen, die von der Ultimate Skin Aesthetics GmbH oder einem Dritten verfolgt werden sowie Kategorien von Empf\u00e4ngern<\/b><\/h3>\n<ol class=\"myol\">\n<li><b class=\"myhl\"><a name=\"p4\"><\/a>Aufrufen unserer Website\/Applikation<br \/>\n<\/b>Beim Aufrufen unserer Website\/Applikation werden durch den auf Ihrem Endger\u00e4t zum Einsatz kommenden Browser automatisch Informationen an den Server unserer Website\/Applikation gesendet und tempor\u00e4r in einem sogenannten Log-File gespeichert. Hierauf haben wir keinen Einfluss. <b>Folgende Informationen<\/b> werden dabei auch ohne Ihr Zutun erfasst und bis zur automatisierten L\u00f6schung gespeichert:<\/p>\n<ul>\n<li>die IP-Adresse des anfragenden internetf\u00e4higen Ger\u00e4tes<\/li>\n<li>das Datum und die Uhrzeit des Zugriffs<\/li>\n<li>der Name und die URL der abgerufenen Datei<\/li>\n<li>die Website\/Applikation, von der aus der Zugriff erfolgte (Referrer-URL),<\/li>\n<li>der von Ihnen verwendete Browser<\/li>\n<\/ul>\n<p>Die Rechtsgrundlage f\u00fcr die <b>Verarbeitung der IP-Adresse<\/b> ist Artikel 6 Absatz 1 Buchstabe f) DSGVO. Unser berechtigtes Interesse folgt aus den nachfolgend aufgelisteten Zwecken der Datenerhebung. An dieser Stelle noch der Hinweis, dass uns aus den erhobenen Daten keine unmittelbaren R\u00fcckschl\u00fcsse auf Ihre Identit\u00e4t m\u00f6glich sind und durch uns auch nicht gezogen werden.<\/p>\n<p>Die IP-Adresse Ihres Endger\u00e4tes sowie die weiteren oben aufgelisteten Daten werden durch uns f\u00fcr <b>folgende Zwecke<\/b> genutzt:<\/p>\n<ul>\n<li>Gew\u00e4hrleistung eines reibungslosen Verbindungsaufbaus,<\/li>\n<li>Gew\u00e4hrleistung einer komfortablen Nutzung unserer Website\/Applikation,<\/li>\n<li>Auswertung der Systemsicherheit und -stabilit\u00e4t.<\/li>\n<\/ul>\n<p>Die Daten werden f\u00fcr einen <b>Zeitraum<\/b> von 10 Tagen gespeichert und danach wird die IP-Adresse automatisch gel\u00f6scht. Die in den Logfiles vorhandenen Daten werden getrennt von anderen Daten von Ihnen gespeichert.<\/p>\n<p>Des Weiteren verwenden wir f\u00fcr unsere Website\/Applikation sogenannte Cookies und Tracking-Tools. Um welche Verfahren es sich dabei genau handelt und wie ihre Daten daf\u00fcr verwendet werden, wird nachfolgend unter Ziffer 3.2. genauer erl\u00e4utert.<\/li>\n<li><b class=\"myhl\"><a name=\"p5\"><\/a>Onlineauftritt und Webseitenoptimierung<\/b> <br class=\"myp\" \/><br class=\"myp\" \/>\n<ol class=\"myol\">\n<li><b class=\"myhl\">Cookies und Cookie-\u00e4hnliche Technologien &#8211; Allgemeine Hinweise<br \/>\n<\/b>Wir setzen auf unserer Website sogenannte Cookies ein. Bei Cookies handelt es sich um kleine Dateien, die Ihr Browser automatisch erstellt und die auf Ihrem Endger\u00e4t (Laptop, Tablet, Smartphone o.\u00e4.) gespeichert werden, wenn Sie unsere Seite besuchen. Cookies richten auf Ihrem Endger\u00e4t keinen Schaden an, enthalten keine Viren, Trojaner oder sonstige Schadsoftware. In dem Cookie werden Informationen abgelegt, die sich jeweils im Zusammenhang mit dem spezifisch eingesetzten Endger\u00e4t ergeben. Dies bedeutet jedoch nicht, dass wir dadurch unmittelbar Kenntnis von Ihrer Identit\u00e4t erhalten. Der Einsatz von Cookies dient einerseits dazu, die Nutzung unseres Angebots f\u00fcr Sie angenehmer zu gestalten. So setzen wir sogenannte <b>Session-Cookies<\/b> ein, um zu erkennen, dass Sie einzelne Seiten unserer Website bereits besucht haben. Diese werden nach Verlassen unserer Seite automatisch gel\u00f6scht. Dar\u00fcber hinaus setzen wir ebenfalls zum Zweck der Benutzerfreundlichkeit <b>tempor\u00e4re Cookies<\/b> ein, die f\u00fcr einen bestimmten festgelegten Zeitraum auf Ihrem Endger\u00e4t gespeichert werden. Besuchen Sie unsere Seite erneut, um unsere Dienste in Anspruch zu nehmen, wird automatisch erkannt, dass Sie bereits bei uns waren und welche Eingaben und Einstellungen sie get\u00e4tigt haben, um diese nicht noch einmal eingeben zu m\u00fcssen.Zum anderen setzen wir Cookies ein, um die Nutzung unserer Website <b>statistisch zu erfassen<\/b> und zum Zwecke der Optimierung unseres Angebotes f\u00fcr Sie auszuwerten sowie um speziell auf Sie zugeschnittene Informationen einzublenden. Diese Cookies erm\u00f6glichen es uns, bei einem erneuten Besuch unserer Seite automatisch zu erkennen, dass Sie bereits bei uns waren. Diese Cookies werden nach einer jeweils definierten Zeit automatisch gel\u00f6scht. Die meisten Browser akzeptieren Cookies automatisch. Sie k\u00f6nnen Ihren Browser jedoch so konfigurieren, dass keine Cookies auf Ihrem Computer gespeichert werden oder stets ein Hinweis erscheint, bevor ein neues Cookie angelegt wird. Die vollst\u00e4ndige Deaktivierung von Cookies kann jedoch dazu f\u00fchren, dass Sie nicht alle Funktionen unserer Website nutzen k\u00f6nnen. Die Speicherdauer der Cookies ist abh\u00e4ngig von ihrem Verwendungszweck und nicht f\u00fcr alle gleich.Zudem verwenden einige der in diese Website eingebundenen Dienste sog. <b>Pixel-Tags<\/b> (auch <b>Web-Beacons<\/b> genannt): Dies sind kleine, in der Regel nicht sichtbare Grafiken, die in Websites und andere Dienste eingebunden werden, um statistische Auswertungen vornehmen zu k\u00f6nnen.Sofern es im Rahmen der Verwendung von Cookies und Cookie-\u00e4hnlicher Technologien zur Bereitstellung dieser Website zu einer Verarbeitung personenbezogener Daten durch die Ultimate Skin Aesthetics GmbH kommt, erfolgt dies auf Grundlage des Art. 6 Abs. 1 f) DSGVO. Unser berechtigtes Interesse ist insofern unsere Webseite bedarfsgerecht und sicher anbieten zu k\u00f6nnen.<\/li>\n<li><b class=\"myhl\">Google Analytics zur Webanalyse (mit Anonymisierungsfunktion)<br \/>\n<\/b>Zum Zwecke der bedarfsgerechten Gestaltung und fortlaufenden Optimierung unserer Seiten nutzen wir auf Grundlage des Artikel 6 Absatz 1 Buchstabe f DSGVO Google Analytics, ein Webanalyse-dienst der Google Inc. (\u201eGoogle\u201c). In diesem Zusammenhang werden pseudonymisierte Nutzungsprofile erstellt und Cookies verwendet. Die durch das Cookie erzeugten Informationen \u00fcber Ihre Benutzung dieser Website wie<\/p>\n<ul>\n<li>Browser-Typ\/-Version,<\/li>\n<li>verwendetes Betriebssystem,<\/li>\n<li>Referrer-URL (die zuvor besuchte Seite),<\/li>\n<li>Hostname des zugreifenden Rechners (IP-Adresse),<\/li>\n<li>Uhrzeit der Serveranfrage,<\/li>\n<\/ul>\n<p>werden an einen Server von Google in den USA \u00fcbertragen und dort gespeichert. Die Informationen werden verwendet, um die Nutzung der Website auszuwerten, um Reports \u00fcber die Websiteaktivit\u00e4ten zusammenzustellen und um weitere mit der Websitenutzung und der Internetnutzung verbundene Dienstleistungen zu Zwecken der Marktforschung und bedarfsgerechten Gestaltung dieser Internetseiten zu erbringen. Auch werden diese Informationen gegebenenfalls an Dritte \u00fcbertragen, sofern dies gesetzlich vorgeschrieben ist oder soweit Dritte diese Daten im Auftrag verarbeiten. Es wird in keinem Fall Ihre IP-Adresse mit anderen Daten von Google zusammengef\u00fchrt. Die IP-Adressen werden anonymisiert, so dass eine Zuordnung nicht m\u00f6glich ist (sogenanntes IP-Masking).<\/p>\n<p>Der Verwendung des Cookies k\u00f6nnen Sie entweder dadurch widersprechen, dass Sie Ihren Internetbrowser so konfigurieren, dass Cookies generell nicht gespeichert werden oder Sie hier klicken.<\/p>\n<p>Alternativ dazu k\u00f6nne Sie daf\u00fcr auch das Browser-Add-On verwenden, das sie hier runterladen und installieren k\u00f6nnen: <a href=\"https:\/\/tools.google.com\/dlpage\/gaoptout\" target=\"_blank\" rel=\"noopener\">https:\/\/tools.google.com\/dlpage\/gaoptout<\/a>.<\/p>\n<p>Die Installation des Browser-Add-On stellt einen Widerspruch dar. Wird Ihr Ger\u00e4t zu einem sp\u00e4teren Zeitpunkt gel\u00f6scht, formatiert oder neu installiert, m\u00fcssen Sie eine erneute Installation des Browser-Add-On erneut vornehmen.<\/p>\n<p>Weitere Informationen und die geltenden Datenschutzbestimmungen von Google k\u00f6nnen Sie unter <a href=\"https:\/\/www.google.de\/intl\/de\/policies\/privacy\/\" target=\"_blank\" rel=\"noopener\">https:\/\/www.google.de\/intl\/de\/policies\/privacy\/<\/a> und unter <a href=\"https:\/\/www.google.com\/analytics\/terms\/de.html\" target=\"_blank\" rel=\"noopener\">https:\/\/www.google.com\/analytics\/terms\/de.html<\/a> abrufen. Google Analytics wird unter diesem Link genauer erl\u00e4utert: <a href=\"https:\/\/www.google.com\/intl\/de_de\/analytics\/\" target=\"_blank\" rel=\"noopener\">https:\/\/www.google.com\/intl\/de_de\/analytics\/<\/a>.<\/p>\n<p>Wir haben Google Analytics so konfiguriert, dass die den Reports zugrunde liegenden Daten sp\u00e4testens nach 36 Monaten gel\u00f6scht werden.<\/li>\n<\/ol>\n<\/li>\n<\/ol>\n<\/li>\n<li>\n<h3><b class=\"myhl\"><a name=\"p6\"><\/a>Empf\u00e4nger au\u00dferhalb der EU<br \/>\n<\/b><\/h3>\n<p>Mit Ausnahme der unter Ziffer 3.2. dargestellten Verarbeitungen geben wir Ihre Daten nicht an Empf\u00e4nger mit Sitz au\u00dferhalb der Europ\u00e4ischen Union oder des Europ\u00e4ischen Wirtschaftsraumes weiter. Die unter Ziffer 3.2. genannten Verarbeitungen bewirken eine Daten\u00fcbermittlung an die Server der durch uns beauftragten Anbieter von <b>Tracking- bzw. Targetingtechnologien<\/b>. Diese Server k\u00f6nnen sich in den USA befinden. Die Daten\u00fcbermittlung erfolgt nach den Grunds\u00e4tzen des sogenannten <b>Privacy Shield<\/b> sowie auf Grundlage sogenannter <b>Standardvertragsklauseln<\/b> der EU-Kommission.<\/li>\n<li>\n<h3><b class=\"myhl\">Einbindung Inhalte Dritter<br \/>\n<\/b><\/h3>\n<p>Wir haben an einigen Stellen auf unserer Website Inhalte von Dritten eingebunden. Dabei handelt es sich etwa um Videos, Kartendienste, Bilder oder Schriftarten. Im Zusammenhang mit der Einbindung dieser Inhalte ist es technisch erforderlich, dass wir den anbietenden Dritten Ihre IP-Adresse mitteilen, damit diese Ihnen die Inhalte anzeigen k\u00f6nnen. Eine Speicherung Ihrer IP-Adresse durch uns zur Einbindung fremder Inhalte findet nicht statt. Die Drittanbieter k\u00f6nnen mit Ihrer IP-Adresse, der Verwendung von Cookies und anderer Technologien (z.B. Pixel-Tags, d.h. unsichtbare Grafiken) ggf. Ihr Surf-Verhalten nachvollziehen und dabei neben Ihrer IP-Adresse weitere technische Informationen (u.a. Browser-Typ\/-Version, verwendetes Betriebssystem, die von Ihnen zuvor besuchte Seite, der Hostname des zugreifenden Ger\u00e4ts und die Uhrzeit sowie weitere Angaben zur Nutzung unseres Onlineangebotes enthalten sein) verarbeiten.Rechtsgrundlage f\u00fcr die Verarbeitung Ihrer Daten ist Artikel 6 Absatz 1 Satz 1 Buchstabe f) DS-GVO. Wir haben ein berechtigtes Interesse an der Optimierung unserer Website und der Verbesserung unseres Angebots Ihnen gegen\u00fcber, indem wir auch Inhalte Dritter einbinden.Eine genauere Beschreibung von wem wir Inhalte einbetten und wie Ihre Daten dabei verarbeitet werden, finden Sie nachfolgend in der jeweiligen Beschreibung zu den eingebetteten Inhalten.\u2022 YouTube (Google LLC, 1600 Amphitheatre Parkway, Mountain View, CA 94043, USA).Datenschutzerkl\u00e4rung: https:\/\/policies.google.com\/privacy Ein Opt-Out ist m\u00f6glich unter: https:\/\/adssettings.google.com\/authenticated<b class=\"myhl\"><br \/>\n<\/b><\/li>\n<li>\n<h3><b class=\"myhl\"><a name=\"p8\"><\/a>Ihre Rechte<\/b><\/h3>\n<ol class=\"myol\">\n<li style=\"list-style-type: none;\">\n<ol class=\"myol\">\n<li><b class=\"myhl\">\u00dcberblick<br \/>\n<\/b>Neben dem Recht auf Widerruf Ihrer uns gegen\u00fcber erteilten Einwilligungen stehen Ihnen bei Vorliegen der jeweiligen gesetzlichen Voraussetzungen die folgenden weiteren Rechte zu:<\/p>\n<ul>\n<li><b>Recht auf Auskunft<\/b> \u00fcber Ihre bei uns gespeicherten pers\u00f6nlichen Daten gem. Art. 15 DSGVO; insbesondere k\u00f6nnen Sie Auskunft \u00fcber die Verarbeitungszwecke, die Kategorie der personenbezogenen Daten, die Kategorien von Empf\u00e4ngern, gegen\u00fcber denen Ihre Daten offengelegt wurden oder werden, die geplante Speicherdauer, die Herkunft ihrer Daten, sofern diese nicht direkt bei Ihnen erhoben wurden,<\/li>\n<li><b>Recht auf Berichtigung<\/b> unrichtiger oder auf Vervollst\u00e4ndigung richtiger Daten gem. Art. 16 DSGVO,<\/li>\n<li><b>Recht auf L\u00f6schung<\/b> Ihrer bei uns gespeicherten Daten gem. Art. 17 DSGVO soweit keine gesetzlichen oder vertraglichen Aufbewahrungsfristen oder andere gesetzlichen Pflichten bzw. Rechte zur weiteren Speicherung einzuhalten sind,<\/li>\n<li><b>Recht auf Einschr\u00e4nkung<\/b> der Verarbeitung Ihrer Daten gem. Art. 18 DSGVO, soweit die Richtigkeit der Daten von Ihnen bestritten wird, die Verarbeitung unrechtm\u00e4\u00dfig ist, Sie aber deren L\u00f6schung ablehnen; der Verantwortliche die Daten nicht mehr ben\u00f6tigt, Sie jedoch diese zur Geltendmachung, Aus\u00fcbung oder Verteidigung von Rechtsanspr\u00fcchen ben\u00f6tigen oder Sie gem\u00e4\u00df Art. 21 DSGVO Widerspruch gegen die Verarbeitung eingelegt haben,<\/li>\n<li><b>Recht auf Daten\u00fcbertragbarkeit<\/b> gem. Art. 20 DSGVO, d.h. das Recht, ausgew\u00e4hlte bei uns \u00fcber Sie gespeicherte Daten in einem g\u00e4ngigen, maschinenlesbaren Format \u00fcbertragen zu bekommen, oder die \u00dcbermittlung an einen anderen Verantwortlichen zu verlangen<\/li>\n<li><b>Recht auf Beschwerde<\/b> bei einer Aufsichtsbeh\u00f6rde. In der Regel k\u00f6nnen Sie sich hierf\u00fcr an die Aufsichtsbeh\u00f6rde ihres \u00fcblichen Aufenthaltsortes oder Arbeitsplatzes oder unseres Unternehmenssitzes wenden.<\/li>\n<\/ul>\n<\/li>\n<li><b class=\"myhl\">Widerspruchsrecht<\/b><b>Unter den Voraussetzungen des Art. 21 Abs. 1 DSGVO kann der Datenverarbeitung aus Gr\u00fcnden, die sich aus der besonderen Situation der betroffenen Person ergeben, widersprochen werden.<br \/>\n<\/b>Das vorstehende <b>allgemeine Widerspruchsrecht<\/b> gilt f\u00fcr alle in dieser Datenschutz-Information beschriebenen Verarbeitungszwecke, die auf Grundlage von Artikel 6 Absatz 1 Buchstabe f) DSGVO verarbeitet werden. Anders als bei dem auf die Datenverarbeitung zu werblichen Zwecken gerichteten speziellen Widerspruchsrecht, sind wir nach der DSGVO zur Umsetzung eines solchen allgemeinen Widerspruchs nur verpflichtet, wenn Sie uns hierf\u00fcr Gr\u00fcnde von \u00fcbergeordneter Bedeutung nennen (z.B. eine m\u00f6gliche Gefahr f\u00fcr Leben oder Gesundheit). Dar\u00fcber hinaus besteht die M\u00f6glichkeit, sich an die f\u00fcr die Ultimate Skin Aesthetics GmbH zust\u00e4ndige Aufsichtsbeh\u00f6rde oder an <a href=\"mailto:minfo@ultimateskinaesthetics.com?subject=Widerspruchsrecht\">info@ultimateskinaesthetics.com<\/a> zu wenden.<\/li>\n<\/ol>\n<\/li>\n<\/ol>\n<\/li>\n<li>\n<h3><b class=\"myhl\"><a name=\"p9\"><\/a>\u00c4nderungen dieser Erkl\u00e4rung<br \/>\n<\/b><\/h3>\n<p>Soweit wir neue Produkte oder Dienstleistungen einf\u00fchren, Internet-Verfahren \u00e4ndern oder wenn sich die Internet- und EDV-Sicherheitstechnik weiterentwickelt, ist die &#8222;Datenschutzerkl\u00e4rung&#8220; zu aktualisieren. Wir behalten uns deshalb das Recht vor, die Erkl\u00e4rung nach Bedarf zu \u00e4ndern oder zu erg\u00e4nzen. Die \u00c4nderungen werden wir an dieser Stelle ver\u00f6ffentlichen. Daher sollten Sie diese Website regelm\u00e4\u00dfig aufrufen, um sich \u00fcber den aktuellen Stand der Datenschutzerkl\u00e4rung zu informieren.<\/li>\n<\/ol>\n<\/div>\n<\/div>\n","protected":false},"excerpt":{"rendered":"<p>Datenschutz Datenschutz-Information (Version 1.0; Stand 01.10.2018) Inhalts\u00fcbersicht \u00dcberblick Name und Kontaktdaten des f\u00fcr die Verarbeitung Verantwortlichen sowie des betrieblichen Datenschutzbeauftragten Zwecke der Datenverarbeitung, Rechtsgrundlagen und berechtigte Interessen, die von der Ultimate Skin Aesthetics GmbH oder einem Dritten verfolgt werden sowie Kategorien von Empf\u00e4ngern Aufrufen unserer Website bzw. Applikation Onlineauftritt und Webseiten-Optimierung \u00dcbermittlung an Empf\u00e4nger au\u00dferhalb [&hellip;]<\/p>\n","protected":false},"author":2,"featured_media":0,"parent":0,"menu_order":0,"comment_status":"closed","ping_status":"open","template":"fullwidth.php","meta":{"footnotes":""},"acf":[],"yoast_head":"<!-- This site is optimized with the Yoast SEO plugin v21.8 - https:\/\/yoast.com\/wordpress\/plugins\/seo\/ -->\n<title>Datenschutzerkl\u00e4rung | #INNERBEAUTY<\/title>\n<meta name=\"robots\" content=\"index, follow, max-snippet:-1, max-image-preview:large, max-video-preview:-1\" \/>\n<link rel=\"canonical\" href=\"https:\/\/dev-innerbeauty.pub.dglecom.net\/de\/datenschutzerklaerung\/\" \/>\n<meta property=\"og:locale\" content=\"de_DE\" \/>\n<meta property=\"og:type\" content=\"article\" \/>\n<meta property=\"og:title\" content=\"Datenschutzerkl\u00e4rung | #INNERBEAUTY\" \/>\n<meta property=\"og:description\" content=\"Datenschutz Datenschutz-Information (Version 1.0; Stand 01.10.2018) Inhalts\u00fcbersicht \u00dcberblick Name und Kontaktdaten des f\u00fcr die Verarbeitung Verantwortlichen sowie des betrieblichen Datenschutzbeauftragten Zwecke der Datenverarbeitung, Rechtsgrundlagen und berechtigte Interessen, die von der Ultimate Skin Aesthetics GmbH oder einem Dritten verfolgt werden sowie Kategorien von Empf\u00e4ngern Aufrufen unserer Website bzw. Applikation Onlineauftritt und Webseiten-Optimierung \u00dcbermittlung an Empf\u00e4nger au\u00dferhalb [&hellip;]\" \/>\n<meta property=\"og:url\" content=\"https:\/\/dev-innerbeauty.pub.dglecom.net\/de\/datenschutzerklaerung\/\" \/>\n<meta property=\"og:site_name\" content=\"#INNERBEAUTY\" \/>\n<meta property=\"article:modified_time\" content=\"2020-02-06T13:01:39+00:00\" \/>\n<meta name=\"twitter:card\" content=\"summary_large_image\" \/>\n<meta name=\"twitter:label1\" content=\"Gesch\u00e4tzte Lesezeit\" \/>\n\t<meta name=\"twitter:data1\" content=\"10\u00a0Minuten\" \/>\n<script type=\"application\/ld+json\" class=\"yoast-schema-graph\">{\"@context\":\"https:\/\/schema.org\",\"@graph\":[{\"@type\":\"WebPage\",\"@id\":\"https:\/\/dev-innerbeauty.pub.dglecom.net\/de\/datenschutzerklaerung\/\",\"url\":\"https:\/\/dev-innerbeauty.pub.dglecom.net\/de\/datenschutzerklaerung\/\",\"name\":\"Datenschutzerkl\u00e4rung | #INNERBEAUTY\",\"isPartOf\":{\"@id\":\"https:\/\/dev-innerbeauty.pub.dglecom.net\/de\/#website\"},\"datePublished\":\"2018-11-26T06:29:21+00:00\",\"dateModified\":\"2020-02-06T13:01:39+00:00\",\"breadcrumb\":{\"@id\":\"https:\/\/dev-innerbeauty.pub.dglecom.net\/de\/datenschutzerklaerung\/#breadcrumb\"},\"inLanguage\":\"de\",\"potentialAction\":[{\"@type\":\"ReadAction\",\"target\":[\"https:\/\/dev-innerbeauty.pub.dglecom.net\/de\/datenschutzerklaerung\/\"]}]},{\"@type\":\"BreadcrumbList\",\"@id\":\"https:\/\/dev-innerbeauty.pub.dglecom.net\/de\/datenschutzerklaerung\/#breadcrumb\",\"itemListElement\":[{\"@type\":\"ListItem\",\"position\":1,\"name\":\"Startseite\",\"item\":\"https:\/\/dev-innerbeauty.pub.dglecom.net\/de\/\"},{\"@type\":\"ListItem\",\"position\":2,\"name\":\"Datenschutzerkl\u00e4rung\"}]},{\"@type\":\"WebSite\",\"@id\":\"https:\/\/dev-innerbeauty.pub.dglecom.net\/de\/#website\",\"url\":\"https:\/\/dev-innerbeauty.pub.dglecom.net\/de\/\",\"name\":\"#INNERBEAUTY\",\"description\":\"Ganzheitliche Sch\u00f6nheit f\u00fcr Frauen\",\"inLanguage\":\"de\"}]}<\/script>\n<!-- \/ Yoast SEO plugin. -->","yoast_head_json":{"title":"Datenschutzerkl\u00e4rung | #INNERBEAUTY","robots":{"index":"index","follow":"follow","max-snippet":"max-snippet:-1","max-image-preview":"max-image-preview:large","max-video-preview":"max-video-preview:-1"},"canonical":"https:\/\/dev-innerbeauty.pub.dglecom.net\/de\/datenschutzerklaerung\/","og_locale":"de_DE","og_type":"article","og_title":"Datenschutzerkl\u00e4rung | #INNERBEAUTY","og_description":"Datenschutz Datenschutz-Information (Version 1.0; Stand 01.10.2018) Inhalts\u00fcbersicht \u00dcberblick Name und Kontaktdaten des f\u00fcr die Verarbeitung Verantwortlichen sowie des betrieblichen Datenschutzbeauftragten Zwecke der Datenverarbeitung, Rechtsgrundlagen und berechtigte Interessen, die von der Ultimate Skin Aesthetics GmbH oder einem Dritten verfolgt werden sowie Kategorien von Empf\u00e4ngern Aufrufen unserer Website bzw. Applikation Onlineauftritt und Webseiten-Optimierung \u00dcbermittlung an Empf\u00e4nger au\u00dferhalb [&hellip;]","og_url":"https:\/\/dev-innerbeauty.pub.dglecom.net\/de\/datenschutzerklaerung\/","og_site_name":"#INNERBEAUTY","article_modified_time":"2020-02-06T13:01:39+00:00","twitter_card":"summary_large_image","twitter_misc":{"Gesch\u00e4tzte Lesezeit":"10\u00a0Minuten"},"schema":{"@context":"https:\/\/schema.org","@graph":[{"@type":"WebPage","@id":"https:\/\/dev-innerbeauty.pub.dglecom.net\/de\/datenschutzerklaerung\/","url":"https:\/\/dev-innerbeauty.pub.dglecom.net\/de\/datenschutzerklaerung\/","name":"Datenschutzerkl\u00e4rung | #INNERBEAUTY","isPartOf":{"@id":"https:\/\/dev-innerbeauty.pub.dglecom.net\/de\/#website"},"datePublished":"2018-11-26T06:29:21+00:00","dateModified":"2020-02-06T13:01:39+00:00","breadcrumb":{"@id":"https:\/\/dev-innerbeauty.pub.dglecom.net\/de\/datenschutzerklaerung\/#breadcrumb"},"inLanguage":"de","potentialAction":[{"@type":"ReadAction","target":["https:\/\/dev-innerbeauty.pub.dglecom.net\/de\/datenschutzerklaerung\/"]}]},{"@type":"BreadcrumbList","@id":"https:\/\/dev-innerbeauty.pub.dglecom.net\/de\/datenschutzerklaerung\/#breadcrumb","itemListElement":[{"@type":"ListItem","position":1,"name":"Startseite","item":"https:\/\/dev-innerbeauty.pub.dglecom.net\/de\/"},{"@type":"ListItem","position":2,"name":"Datenschutzerkl\u00e4rung"}]},{"@type":"WebSite","@id":"https:\/\/dev-innerbeauty.pub.dglecom.net\/de\/#website","url":"https:\/\/dev-innerbeauty.pub.dglecom.net\/de\/","name":"#INNERBEAUTY","description":"Ganzheitliche Sch\u00f6nheit f\u00fcr Frauen","inLanguage":"de"}]}},"_links":{"self":[{"href":"https:\/\/dev-innerbeauty.pub.dglecom.net\/de\/wp-json\/wp\/v2\/pages\/3"}],"collection":[{"href":"https:\/\/dev-innerbeauty.pub.dglecom.net\/de\/wp-json\/wp\/v2\/pages"}],"about":[{"href":"https:\/\/dev-innerbeauty.pub.dglecom.net\/de\/wp-json\/wp\/v2\/types\/page"}],"author":[{"embeddable":true,"href":"https:\/\/dev-innerbeauty.pub.dglecom.net\/de\/wp-json\/wp\/v2\/users\/2"}],"replies":[{"embeddable":true,"href":"https:\/\/dev-innerbeauty.pub.dglecom.net\/de\/wp-json\/wp\/v2\/comments?post=3"}],"version-history":[{"count":1,"href":"https:\/\/dev-innerbeauty.pub.dglecom.net\/de\/wp-json\/wp\/v2\/pages\/3\/revisions"}],"predecessor-version":[{"id":4723,"href":"https:\/\/dev-innerbeauty.pub.dglecom.net\/de\/wp-json\/wp\/v2\/pages\/3\/revisions\/4723"}],"wp:attachment":[{"href":"https:\/\/dev-innerbeauty.pub.dglecom.net\/de\/wp-json\/wp\/v2\/media?parent=3"}],"curies":[{"name":"wp","href":"https:\/\/api.w.org\/{rel}","templated":true}]}}