{"id":1083,"date":"2018-12-14T16:42:08","date_gmt":"2018-12-14T15:42:08","guid":{"rendered":"https:\/\/hashtag-innerbeauty.com\/science\/kollagen\/"},"modified":"2022-04-29T10:36:36","modified_gmt":"2022-04-29T08:36:36","slug":"collagen","status":"publish","type":"page","link":"https:\/\/dev-innerbeauty.pub.dglecom.net\/en\/collagen\/","title":{"rendered":"Collagen"},"content":{"rendered":"<p>[vc_row][vc_column]\n\t\t\t<div class=\"teaser-block  tb-right  large-block-bottom parallax \"  >\n\t\t\t\n\t\t\t\t<div class=\"teaser-text-block-wrapper\"><div class=\"teaser-text-block\"><div class=\"teaser-inner\">\t<h2 class=\"teaser-subline\">Collagen<\/h2>\n\t\t\t\t\t\t\t\t<h1 class=\"teaser-headline\">What is collagen?<\/h1>\t<div class=\"teaser-text\">\n\t\t\t\t\t\t\t\t\t<\/p>\n<p class=\"p1\"><span class=\"s1\">Collagen is one of the most important building blocks in our skin. The fibrous structural protein consists of a chain of different amino acids &#8211; mainly proline, hydroxyproline and glycine. It makes up 30 percent of the total protein in the human body. Collagen is found not only in the skin, but also in joints, bones, teeth, ligaments and tendons. However, collagen production decreases with age. Find out here what functions the protein has in the body.<\/span><\/p>\n<p>\n\n\t\t\t\t\t\t\t\t<\/div>\n\t\t\t\t\t\t\t\t<div class=\"teaser-button\">\n\t\t\t\t\t\t\t\t\t\n\t\t\t\t\t\t\t\t<\/div>\n\t\t\t\t\t\t\t<\/div>\n\t\t\t\t\t\t<\/div>\n\t\t\t\t<\/div>\n\t\t\t\t\t\t<div class=\"teaser-bg\">\n\t\t\t\t\t\t\t<div class=\"teaser-image-wrapper\">\n\t\t\t\t\t\t\t\t<div class=\"img-desktop d-none d-lg-block\" data-img-width=\"1280\" data-img-height=\"625\"><img loading=\"lazy\" decoding=\"async\" width=\"1280\" height=\"625\" src=\"https:\/\/dev-innerbeauty.pub.dglecom.net\/wp-content\/uploads\/2022\/03\/wissenschaftsseiten-collagen-1280x625px-desktop.jpg\" class=\"attachment-full size-full\" alt=\"\" srcset=\"https:\/\/dev-innerbeauty.pub.dglecom.net\/wp-content\/uploads\/2022\/03\/wissenschaftsseiten-collagen-1280x625px-desktop.jpg 1280w, https:\/\/dev-innerbeauty.pub.dglecom.net\/wp-content\/uploads\/2022\/03\/wissenschaftsseiten-collagen-1280x625px-desktop-300x146.jpg 300w, https:\/\/dev-innerbeauty.pub.dglecom.net\/wp-content\/uploads\/2022\/03\/wissenschaftsseiten-collagen-1280x625px-desktop-1024x500.jpg 1024w, https:\/\/dev-innerbeauty.pub.dglecom.net\/wp-content\/uploads\/2022\/03\/wissenschaftsseiten-collagen-1280x625px-desktop-768x375.jpg 768w\" sizes=\"(max-width: 1280px) 100vw, 1280px\" \/><\/div>\n\t\t\t\t\t\t\t\t<div class=\"img-mobile d-lg-none\" data-img-width=\"930\" data-img-height=\"722\"><img loading=\"lazy\" decoding=\"async\" width=\"930\" height=\"722\" src=\"https:\/\/dev-innerbeauty.pub.dglecom.net\/wp-content\/uploads\/2022\/03\/wissenschaftsseiten-collagen-930x722px-mobile.jpg\" class=\"attachment-full size-full\" alt=\"\" srcset=\"https:\/\/dev-innerbeauty.pub.dglecom.net\/wp-content\/uploads\/2022\/03\/wissenschaftsseiten-collagen-930x722px-mobile.jpg 930w, https:\/\/dev-innerbeauty.pub.dglecom.net\/wp-content\/uploads\/2022\/03\/wissenschaftsseiten-collagen-930x722px-mobile-300x233.jpg 300w, https:\/\/dev-innerbeauty.pub.dglecom.net\/wp-content\/uploads\/2022\/03\/wissenschaftsseiten-collagen-930x722px-mobile-768x596.jpg 768w\" sizes=\"(max-width: 930px) 100vw, 930px\" \/><\/div>\n\t\t\t\t\t\t\t<\/div>\n\t\t\t\t\t\t<\/div>\n\t\t\t\t\t\n\t\t\t\t<div class=\"lines-bottom\">\n\t\t\t\t\t<div class=\"line-bottom-1\"><\/div>\n\t\t\t\t\t<div class=\"line-bottom-2\"><\/div>\n\t\t\t\t<\/div>\n\t\t\t\t\n\t\t\t<\/div>\n\t\t\t[vc_row_inner][vc_column_inner width=&#8221;1\/12&#8243;][\/vc_column_inner][vc_column_inner width=&#8221;10\/12&#8243;][vc_empty_space height=&#8221;40px&#8221;][vc_column_text]<\/p>\n<h2 style=\"text-align: center;\">What is the function of collagen in the body?<\/h2>\n<p>&nbsp;<\/p>\n<p class=\"p1\" style=\"text-align: center;\"><span class=\"s1\">Collagen keeps the skin firm and toned. It works closely with elastin, which gives the skin its flexibility. Collagen also strengthens cartilage structures and gives tendons and ligaments their ability to hold bones together. Beneath the skin&#8217;s surface, collagen fibres form a kind of basic framework that gives the skin a firm structure while keeping it flexible.<\/span><\/p>\n<p>[\/vc_column_text][\/vc_column_inner][vc_column_inner width=&#8221;1\/12&#8243;][\/vc_column_inner][\/vc_row_inner][vc_empty_space height=&#8221;100px&#8221;][\/vc_column][\/vc_row][vc_row el_class=&#8221;row-colored&#8221;][vc_column][vc_row_inner][vc_column_inner width=&#8221;1\/12&#8243;][\/vc_column_inner][vc_column_inner width=&#8221;10\/12&#8243;][vc_empty_space height=&#8221;40px&#8221;][vc_column_text]<\/p>\n<h2 class=\"p1\" style=\"text-align: center;\"><span class=\"s1\">WHAT HAPPENS WHEN COLLAGEN PRODUCTION DECREASES?<\/span><\/h2>\n<p>&nbsp;<\/p>\n<p class=\"p1\" style=\"text-align: center;\"><span class=\"s1\">The body produces collagen itself. But as we age, it produces less and less of it. <a href=\"https:\/\/dev-innerbeauty.pub.az-we.dglecom.net\/en\/oxidative-stress\/\">Oxidative stress<\/a> also leads to a lack of collagen. There are then too many <a href=\"https:\/\/dev-innerbeauty.pub.az-we.dglecom.net\/en\/free-radicals\/\">free radicals<\/a> in the body, which destroy the collagen fibres. As a result, the skin loses its elasticity &#8211; it sags and wrinkles emerge. This process cannot be stopped completely. Every person ages naturally. However, if oxidative stress is the cause of the lack of collagen production, the skin can age prematurely. This is exactly what you can do about it!<\/span><\/p>\n<p>[\/vc_column_text][\/vc_column_inner][vc_column_inner width=&#8221;1\/12&#8243;][\/vc_column_inner][\/vc_row_inner][vc_empty_space height=&#8221;50px&#8221;][\/vc_column][\/vc_row][vc_row][vc_column][vc_row_inner][vc_column_inner width=&#8221;1\/12&#8243;][\/vc_column_inner][vc_column_inner width=&#8221;10\/12&#8243;][vc_empty_space height=&#8221;100px&#8221;][vc_column_text]<\/p>\n<h2 class=\"p1\" style=\"text-align: center;\"><span class=\"s1\">HOW DO I SUPPLY MY BODY WITH COLLAGEN?<\/span><\/h2>\n<p>&nbsp;<\/p>\n<p class=\"p1\" style=\"text-align: center;\"><span class=\"s1\">If the body does not produce enough collagen on its own, you can also supply it from the outside. A good regular skincare routine, using creams and lotions that contain collagen, will slow down the ageing process. Also, add collagen to your diet! Of all foods, animal products are the best sources of collagen.<\/span><\/p>\n<p class=\"p1\" style=\"text-align: center;\"><span class=\"s1\">You can also take collagen in a dietary supplement, such as a drink. Ideally, you should also provide your body with other nutrients that promote normal skin maintenance, such as <a href=\"https:\/\/dev-innerbeauty.pub.az-we.dglecom.net\/en\/biotin\/\">biotin<\/a> or <a href=\"https:\/\/dev-innerbeauty.pub.az-we.dglecom.net\/en\/hyaluronic-acid\/\">hyaluronic acid<\/a>, or vitamin C, which contributes to normal collagen formation for normal skin function. <\/span><\/p>\n<p>[\/vc_column_text][\/vc_column_inner][vc_column_inner width=&#8221;1\/12&#8243;][\/vc_column_inner][\/vc_row_inner][\/vc_column][\/vc_row][vc_row][vc_column][vc_column_text]<\/p>\n<h6 style=\"text-align: center;\">More products<\/h6>\n<p>[\/vc_column_text]\n\t\t\t<div class=\"products-listing \">\n\t\t\t\t\n\t\t\t<div class=\"product-single\">\t<div class=\"product-thumb\">\n                                <a class=\"product-link-img\" href=\"https:\/\/dev-innerbeauty.pub.dglecom.net\/en\/products\/hyaluronic-beauty-booster\/\" title=\"Hyaluronic Beauty Booster\"><img loading=\"lazy\" decoding=\"async\" width=\"286\" height=\"337\" src=\"https:\/\/dev-innerbeauty.pub.dglecom.net\/wp-content\/uploads\/2019\/11\/innerbeauty_update_product-images_BeautyBooster_286x337px.png\" class=\"img-responsive wp-post-image\" alt=\"\" srcset=\"https:\/\/dev-innerbeauty.pub.dglecom.net\/wp-content\/uploads\/2019\/11\/innerbeauty_update_product-images_BeautyBooster_286x337px.png 286w, https:\/\/dev-innerbeauty.pub.dglecom.net\/wp-content\/uploads\/2019\/11\/innerbeauty_update_product-images_BeautyBooster_286x337px-255x300.png 255w\" sizes=\"(max-width: 286px) 100vw, 286px\" \/>\t\t<\/a>\n                            <\/div>\t<div class=\"product-teaser\">\t<p class=\"product-subline\">#Innerbeauty<\/p>\t<h4><a class=\"product-link-text\" href=\"https:\/\/dev-innerbeauty.pub.dglecom.net\/en\/products\/hyaluronic-beauty-booster\/\" title=\"Hyaluronic Beauty Booster\">Hyaluronic Beauty Booster<\/a><\/h4>\t<\/div>\t<p><a class=\"btn product-link\" href=\"https:\/\/dev-innerbeauty.pub.dglecom.net\/en\/products\/hyaluronic-beauty-booster\/\" title=\"Hyaluronic Beauty Booster\">To the product<\/a><\/p><\/div><div class=\"product-single\">\t<div class=\"product-thumb\">\n                                <a class=\"product-link-img\" href=\"https:\/\/dev-innerbeauty.pub.dglecom.net\/en\/products\/hyaluron-bears\/\" title=\"Hyaluronic Bears\"><img loading=\"lazy\" decoding=\"async\" width=\"286\" height=\"337\" src=\"https:\/\/dev-innerbeauty.pub.dglecom.net\/wp-content\/uploads\/2019\/11\/innerbeauty_update_product-images_Hyaluronic-Bears_286x337px.png\" class=\"img-responsive wp-post-image\" alt=\"\" srcset=\"https:\/\/dev-innerbeauty.pub.dglecom.net\/wp-content\/uploads\/2019\/11\/innerbeauty_update_product-images_Hyaluronic-Bears_286x337px.png 286w, https:\/\/dev-innerbeauty.pub.dglecom.net\/wp-content\/uploads\/2019\/11\/innerbeauty_update_product-images_Hyaluronic-Bears_286x337px-255x300.png 255w\" sizes=\"(max-width: 286px) 100vw, 286px\" \/>\t\t<\/a>\n                            <\/div>\t<div class=\"product-teaser\">\t<p class=\"product-subline\">#Innerbeauty<\/p>\t<h4><a class=\"product-link-text\" href=\"https:\/\/dev-innerbeauty.pub.dglecom.net\/en\/products\/hyaluron-bears\/\" title=\"Hyaluronic Bears\">Hyaluronic Bears<\/a><\/h4>\t<\/div>\t<p><a class=\"btn product-link\" href=\"https:\/\/dev-innerbeauty.pub.dglecom.net\/en\/products\/hyaluron-bears\/\" title=\"Hyaluronic Bears\">To the product<\/a><\/p><\/div><div class=\"product-single\">\t<div class=\"product-thumb\">\n                                <a class=\"product-link-img\" href=\"https:\/\/dev-innerbeauty.pub.dglecom.net\/en\/products\/collagen-bears\/\" title=\"Collagen Bears\"><img loading=\"lazy\" decoding=\"async\" width=\"286\" height=\"337\" src=\"https:\/\/dev-innerbeauty.pub.dglecom.net\/wp-content\/uploads\/2019\/11\/innerbeauty_update_product-images_Collagen-Bears_286x337px.png\" class=\"img-responsive wp-post-image\" alt=\"\" srcset=\"https:\/\/dev-innerbeauty.pub.dglecom.net\/wp-content\/uploads\/2019\/11\/innerbeauty_update_product-images_Collagen-Bears_286x337px.png 286w, https:\/\/dev-innerbeauty.pub.dglecom.net\/wp-content\/uploads\/2019\/11\/innerbeauty_update_product-images_Collagen-Bears_286x337px-255x300.png 255w\" sizes=\"(max-width: 286px) 100vw, 286px\" \/>\t\t<\/a>\n                            <\/div>\t<div class=\"product-teaser\">\t<p class=\"product-subline\">#Innerbeauty<\/p>\t<h4><a class=\"product-link-text\" href=\"https:\/\/dev-innerbeauty.pub.dglecom.net\/en\/products\/collagen-bears\/\" title=\"Collagen Bears\">Collagen Bears<\/a><\/h4>\t<\/div>\t<p><a class=\"btn product-link\" href=\"https:\/\/dev-innerbeauty.pub.dglecom.net\/en\/products\/collagen-bears\/\" title=\"Collagen Bears\">To the product<\/a><\/p><\/div><div class=\"product-single\">\t<div class=\"product-thumb\">\n                                <a class=\"product-link-img\" href=\"https:\/\/dev-innerbeauty.pub.dglecom.net\/en\/products\/collagen-youth-drink\/\" title=\"Collagen Youth Drink\"><img loading=\"lazy\" decoding=\"async\" width=\"286\" height=\"337\" src=\"https:\/\/dev-innerbeauty.pub.dglecom.net\/wp-content\/uploads\/2018\/11\/innerbeauty_update_product-images_286x337px.png\" class=\"img-responsive wp-post-image\" alt=\"\" srcset=\"https:\/\/dev-innerbeauty.pub.dglecom.net\/wp-content\/uploads\/2018\/11\/innerbeauty_update_product-images_286x337px.png 286w, https:\/\/dev-innerbeauty.pub.dglecom.net\/wp-content\/uploads\/2018\/11\/innerbeauty_update_product-images_286x337px-255x300.png 255w\" sizes=\"(max-width: 286px) 100vw, 286px\" \/>\t\t<\/a>\n                            <\/div>\t<div class=\"product-teaser\">\t<p class=\"product-subline\">#Innerbeauty<\/p>\t<h4><a class=\"product-link-text\" href=\"https:\/\/dev-innerbeauty.pub.dglecom.net\/en\/products\/collagen-youth-drink\/\" title=\"Collagen Youth Drink\">Collagen Youth Drink<\/a><\/h4>\t<\/div>\t<p><a class=\"btn product-link\" href=\"https:\/\/dev-innerbeauty.pub.dglecom.net\/en\/products\/collagen-youth-drink\/\" title=\"Collagen Youth Drink\">To the product<\/a><\/p><\/div><div class=\"product-single\">\t<div class=\"product-thumb\">\n                                <a class=\"product-link-img\" href=\"https:\/\/dev-innerbeauty.pub.dglecom.net\/en\/products\/skin-protect\/\" title=\"Skin-Protect\"><img loading=\"lazy\" decoding=\"async\" width=\"286\" height=\"337\" src=\"https:\/\/dev-innerbeauty.pub.dglecom.net\/wp-content\/uploads\/2022\/04\/skin-protect_product-image_286x337px.png\" class=\"img-responsive wp-post-image\" alt=\"\" srcset=\"https:\/\/dev-innerbeauty.pub.dglecom.net\/wp-content\/uploads\/2022\/04\/skin-protect_product-image_286x337px.png 286w, https:\/\/dev-innerbeauty.pub.dglecom.net\/wp-content\/uploads\/2022\/04\/skin-protect_product-image_286x337px-255x300.png 255w\" sizes=\"(max-width: 286px) 100vw, 286px\" \/>\t\t<\/a>\n                            <\/div>\t<div class=\"product-teaser\">\t<p class=\"product-subline\">#Innerbeauty<\/p>\t<h4><a class=\"product-link-text\" href=\"https:\/\/dev-innerbeauty.pub.dglecom.net\/en\/products\/skin-protect\/\" title=\"Skin-Protect\">Skin-Protect<\/a><\/h4>\t<\/div>\t<p><a class=\"btn product-link\" href=\"https:\/\/dev-innerbeauty.pub.dglecom.net\/en\/products\/skin-protect\/\" title=\"Skin-Protect\">To the product<\/a><\/p><\/div><div class=\"product-single\">\t<div class=\"product-thumb\">\n                                <a class=\"product-link-img\" href=\"https:\/\/dev-innerbeauty.pub.dglecom.net\/en\/products\/hair-nails-complete\/\" title=\"Hair + Nails Complete\"><img loading=\"lazy\" decoding=\"async\" width=\"286\" height=\"337\" src=\"https:\/\/dev-innerbeauty.pub.dglecom.net\/wp-content\/uploads\/2019\/11\/innerbeauty_update_product-images_HairNails_286x337px.png\" class=\"img-responsive wp-post-image\" alt=\"\" srcset=\"https:\/\/dev-innerbeauty.pub.dglecom.net\/wp-content\/uploads\/2019\/11\/innerbeauty_update_product-images_HairNails_286x337px.png 286w, https:\/\/dev-innerbeauty.pub.dglecom.net\/wp-content\/uploads\/2019\/11\/innerbeauty_update_product-images_HairNails_286x337px-255x300.png 255w\" sizes=\"(max-width: 286px) 100vw, 286px\" \/>\t\t<\/a>\n                            <\/div>\t<div class=\"product-teaser\">\t<p class=\"product-subline\">#Innerbeauty<\/p>\t<h4><a class=\"product-link-text\" href=\"https:\/\/dev-innerbeauty.pub.dglecom.net\/en\/products\/hair-nails-complete\/\" title=\"Hair + Nails Complete\">Hair + Nails Complete<\/a><\/h4>\t<\/div>\t<p><a class=\"btn product-link\" href=\"https:\/\/dev-innerbeauty.pub.dglecom.net\/en\/products\/hair-nails-complete\/\" title=\"Hair + Nails Complete\">To the product<\/a><\/p><\/div><div class=\"product-single\">\t<div class=\"product-thumb\">\n                                <a class=\"product-link-img\" href=\"https:\/\/dev-innerbeauty.pub.dglecom.net\/en\/products\/sun-fit-beta-carotin-plus\/\" title=\"Sun Plus Beta-Carotin\"><img loading=\"lazy\" decoding=\"async\" width=\"286\" height=\"337\" src=\"https:\/\/dev-innerbeauty.pub.dglecom.net\/wp-content\/uploads\/2019\/11\/innerbeauty_update_product-images_Beta-Plus_286x337px.png\" class=\"img-responsive wp-post-image\" alt=\"\" srcset=\"https:\/\/dev-innerbeauty.pub.dglecom.net\/wp-content\/uploads\/2019\/11\/innerbeauty_update_product-images_Beta-Plus_286x337px.png 286w, https:\/\/dev-innerbeauty.pub.dglecom.net\/wp-content\/uploads\/2019\/11\/innerbeauty_update_product-images_Beta-Plus_286x337px-255x300.png 255w\" sizes=\"(max-width: 286px) 100vw, 286px\" \/>\t\t<\/a>\n                            <\/div>\t<div class=\"product-teaser\">\t<p class=\"product-subline\">#Innerbeauty<\/p>\t<h4><a class=\"product-link-text\" href=\"https:\/\/dev-innerbeauty.pub.dglecom.net\/en\/products\/sun-fit-beta-carotin-plus\/\" title=\"Sun Plus Beta-Carotin\">Sun Plus Beta-Carotin<\/a><\/h4>\t<\/div>\t<p><a class=\"btn product-link\" href=\"https:\/\/dev-innerbeauty.pub.dglecom.net\/en\/products\/sun-fit-beta-carotin-plus\/\" title=\"Sun Plus Beta-Carotin\">To the product<\/a><\/p><\/div><div class=\"product-single\">\t<div class=\"product-thumb\">\n                                <a class=\"product-link-img\" href=\"https:\/\/dev-innerbeauty.pub.dglecom.net\/en\/products\/hyaluron-lift-plus\/\" title=\"Hyaluron Lift Plus\"><img loading=\"lazy\" decoding=\"async\" width=\"286\" height=\"337\" src=\"https:\/\/dev-innerbeauty.pub.dglecom.net\/wp-content\/uploads\/2019\/11\/innerbeauty_update_product-images_HyaluronLiftPlus_286x337px.png\" class=\"img-responsive wp-post-image\" alt=\"\" srcset=\"https:\/\/dev-innerbeauty.pub.dglecom.net\/wp-content\/uploads\/2019\/11\/innerbeauty_update_product-images_HyaluronLiftPlus_286x337px.png 286w, https:\/\/dev-innerbeauty.pub.dglecom.net\/wp-content\/uploads\/2019\/11\/innerbeauty_update_product-images_HyaluronLiftPlus_286x337px-255x300.png 255w\" sizes=\"(max-width: 286px) 100vw, 286px\" \/>\t\t<\/a>\n                            <\/div>\t<div class=\"product-teaser\">\t<p class=\"product-subline\">#Innerbeauty<\/p>\t<h4><a class=\"product-link-text\" href=\"https:\/\/dev-innerbeauty.pub.dglecom.net\/en\/products\/hyaluron-lift-plus\/\" title=\"Hyaluron Lift Plus\">Hyaluron Lift Plus<\/a><\/h4>\t<\/div>\t<p><a class=\"btn product-link\" href=\"https:\/\/dev-innerbeauty.pub.dglecom.net\/en\/products\/hyaluron-lift-plus\/\" title=\"Hyaluron Lift Plus\">To the product<\/a><\/p><\/div>\n\t\t\t\t\n\t\t\t<\/div>\n\t\t\t[\/vc_column][\/vc_row]<\/p>\n","protected":false},"excerpt":{"rendered":"<p>[vc_row][vc_column][vc_row_inner][vc_column_inner width=&#8221;1\/12&#8243;][\/vc_column_inner][vc_column_inner width=&#8221;10\/12&#8243;][vc_empty_space height=&#8221;40px&#8221;][vc_column_text] What is the function of collagen in the body? &nbsp; Collagen keeps the skin firm and toned. It works closely with elastin, which gives the skin its flexibility. Collagen also strengthens cartilage structures and gives tendons and ligaments their ability to hold bones together. Beneath the skin&#8217;s surface, collagen fibres form [&hellip;]<\/p>\n","protected":false},"author":2,"featured_media":0,"parent":0,"menu_order":0,"comment_status":"closed","ping_status":"closed","template":"fullwidth.php","meta":{"footnotes":""},"acf":[],"yoast_head":"<!-- This site is optimized with the Yoast SEO plugin v21.8 - https:\/\/yoast.com\/wordpress\/plugins\/seo\/ -->\n<title>Collagen | #INNERBEAUTY<\/title>\n<meta name=\"description\" content=\"Sch\u00fctze deine Haut vor fr\u00fchzeitiger Alterung mit kollagenhaltigen Cremes und Nahrungserg\u00e4nzungsmitteln. #INNERBEAUTY \u2013 Sch\u00f6nheit von innen\" \/>\n<meta name=\"robots\" content=\"index, follow, max-snippet:-1, max-image-preview:large, max-video-preview:-1\" \/>\n<link rel=\"canonical\" href=\"https:\/\/dev-innerbeauty.pub.dglecom.net\/de\/kollagen\/\" \/>\n<meta property=\"og:locale\" content=\"en_US\" \/>\n<meta property=\"og:type\" content=\"article\" \/>\n<meta property=\"og:title\" content=\"Collagen | #INNERBEAUTY\" \/>\n<meta property=\"og:description\" content=\"Sch\u00fctze deine Haut vor fr\u00fchzeitiger Alterung mit kollagenhaltigen Cremes und Nahrungserg\u00e4nzungsmitteln. #INNERBEAUTY \u2013 Sch\u00f6nheit von innen\" \/>\n<meta property=\"og:url\" content=\"https:\/\/dev-innerbeauty.pub.dglecom.net\/de\/kollagen\/\" \/>\n<meta property=\"og:site_name\" content=\"#INNERBEAUTY\" \/>\n<meta property=\"article:modified_time\" content=\"2022-04-29T08:36:36+00:00\" \/>\n<meta name=\"twitter:card\" content=\"summary_large_image\" \/>\n<meta name=\"twitter:label1\" content=\"Est. reading time\" \/>\n\t<meta name=\"twitter:data1\" content=\"3 minutes\" \/>\n<script type=\"application\/ld+json\" class=\"yoast-schema-graph\">{\"@context\":\"https:\/\/schema.org\",\"@graph\":[{\"@type\":\"WebPage\",\"@id\":\"https:\/\/dev-innerbeauty.pub.dglecom.net\/de\/kollagen\/\",\"url\":\"https:\/\/dev-innerbeauty.pub.dglecom.net\/de\/kollagen\/\",\"name\":\"Collagen | #INNERBEAUTY\",\"isPartOf\":{\"@id\":\"https:\/\/dev-innerbeauty.pub.dglecom.net\/de\/#website\"},\"datePublished\":\"2018-12-14T15:42:08+00:00\",\"dateModified\":\"2022-04-29T08:36:36+00:00\",\"description\":\"Sch\u00fctze deine Haut vor fr\u00fchzeitiger Alterung mit kollagenhaltigen Cremes und Nahrungserg\u00e4nzungsmitteln. #INNERBEAUTY \u2013 Sch\u00f6nheit von innen\",\"breadcrumb\":{\"@id\":\"https:\/\/dev-innerbeauty.pub.dglecom.net\/de\/kollagen\/#breadcrumb\"},\"inLanguage\":\"en-US\",\"potentialAction\":[{\"@type\":\"ReadAction\",\"target\":[\"https:\/\/dev-innerbeauty.pub.dglecom.net\/de\/kollagen\/\"]}]},{\"@type\":\"BreadcrumbList\",\"@id\":\"https:\/\/dev-innerbeauty.pub.dglecom.net\/de\/kollagen\/#breadcrumb\",\"itemListElement\":[{\"@type\":\"ListItem\",\"position\":1,\"name\":\"Startseite\",\"item\":\"https:\/\/dev-innerbeauty.pub.dglecom.net\/de\/\"},{\"@type\":\"ListItem\",\"position\":2,\"name\":\"Collagen\"}]},{\"@type\":\"WebSite\",\"@id\":\"https:\/\/dev-innerbeauty.pub.dglecom.net\/de\/#website\",\"url\":\"https:\/\/dev-innerbeauty.pub.dglecom.net\/de\/\",\"name\":\"#INNERBEAUTY\",\"description\":\"Ganzheitliche Sch\u00f6nheit f\u00fcr Frauen\",\"inLanguage\":\"en-US\"}]}<\/script>\n<!-- \/ Yoast SEO plugin. -->","yoast_head_json":{"title":"Collagen | #INNERBEAUTY","description":"Sch\u00fctze deine Haut vor fr\u00fchzeitiger Alterung mit kollagenhaltigen Cremes und Nahrungserg\u00e4nzungsmitteln. #INNERBEAUTY \u2013 Sch\u00f6nheit von innen","robots":{"index":"index","follow":"follow","max-snippet":"max-snippet:-1","max-image-preview":"max-image-preview:large","max-video-preview":"max-video-preview:-1"},"canonical":"https:\/\/dev-innerbeauty.pub.dglecom.net\/de\/kollagen\/","og_locale":"en_US","og_type":"article","og_title":"Collagen | #INNERBEAUTY","og_description":"Sch\u00fctze deine Haut vor fr\u00fchzeitiger Alterung mit kollagenhaltigen Cremes und Nahrungserg\u00e4nzungsmitteln. #INNERBEAUTY \u2013 Sch\u00f6nheit von innen","og_url":"https:\/\/dev-innerbeauty.pub.dglecom.net\/de\/kollagen\/","og_site_name":"#INNERBEAUTY","article_modified_time":"2022-04-29T08:36:36+00:00","twitter_card":"summary_large_image","twitter_misc":{"Est. reading time":"3 minutes"},"schema":{"@context":"https:\/\/schema.org","@graph":[{"@type":"WebPage","@id":"https:\/\/dev-innerbeauty.pub.dglecom.net\/de\/kollagen\/","url":"https:\/\/dev-innerbeauty.pub.dglecom.net\/de\/kollagen\/","name":"Collagen | #INNERBEAUTY","isPartOf":{"@id":"https:\/\/dev-innerbeauty.pub.dglecom.net\/de\/#website"},"datePublished":"2018-12-14T15:42:08+00:00","dateModified":"2022-04-29T08:36:36+00:00","description":"Sch\u00fctze deine Haut vor fr\u00fchzeitiger Alterung mit kollagenhaltigen Cremes und Nahrungserg\u00e4nzungsmitteln. #INNERBEAUTY \u2013 Sch\u00f6nheit von innen","breadcrumb":{"@id":"https:\/\/dev-innerbeauty.pub.dglecom.net\/de\/kollagen\/#breadcrumb"},"inLanguage":"en-US","potentialAction":[{"@type":"ReadAction","target":["https:\/\/dev-innerbeauty.pub.dglecom.net\/de\/kollagen\/"]}]},{"@type":"BreadcrumbList","@id":"https:\/\/dev-innerbeauty.pub.dglecom.net\/de\/kollagen\/#breadcrumb","itemListElement":[{"@type":"ListItem","position":1,"name":"Startseite","item":"https:\/\/dev-innerbeauty.pub.dglecom.net\/de\/"},{"@type":"ListItem","position":2,"name":"Collagen"}]},{"@type":"WebSite","@id":"https:\/\/dev-innerbeauty.pub.dglecom.net\/de\/#website","url":"https:\/\/dev-innerbeauty.pub.dglecom.net\/de\/","name":"#INNERBEAUTY","description":"Ganzheitliche Sch\u00f6nheit f\u00fcr Frauen","inLanguage":"en-US"}]}},"_links":{"self":[{"href":"https:\/\/dev-innerbeauty.pub.dglecom.net\/en\/wp-json\/wp\/v2\/pages\/1083"}],"collection":[{"href":"https:\/\/dev-innerbeauty.pub.dglecom.net\/en\/wp-json\/wp\/v2\/pages"}],"about":[{"href":"https:\/\/dev-innerbeauty.pub.dglecom.net\/en\/wp-json\/wp\/v2\/types\/page"}],"author":[{"embeddable":true,"href":"https:\/\/dev-innerbeauty.pub.dglecom.net\/en\/wp-json\/wp\/v2\/users\/2"}],"replies":[{"embeddable":true,"href":"https:\/\/dev-innerbeauty.pub.dglecom.net\/en\/wp-json\/wp\/v2\/comments?post=1083"}],"version-history":[{"count":6,"href":"https:\/\/dev-innerbeauty.pub.dglecom.net\/en\/wp-json\/wp\/v2\/pages\/1083\/revisions"}],"predecessor-version":[{"id":8776,"href":"https:\/\/dev-innerbeauty.pub.dglecom.net\/en\/wp-json\/wp\/v2\/pages\/1083\/revisions\/8776"}],"wp:attachment":[{"href":"https:\/\/dev-innerbeauty.pub.dglecom.net\/en\/wp-json\/wp\/v2\/media?parent=1083"}],"curies":[{"name":"wp","href":"https:\/\/api.w.org\/{rel}","templated":true}]}}