{"id":1095,"date":"2018-12-14T16:41:39","date_gmt":"2018-12-14T15:41:39","guid":{"rendered":"https:\/\/hashtag-innerbeauty.com\/science\/biotin\/"},"modified":"2022-04-29T09:56:13","modified_gmt":"2022-04-29T07:56:13","slug":"biotin","status":"publish","type":"page","link":"https:\/\/dev-innerbeauty.pub.dglecom.net\/en\/biotin\/","title":{"rendered":"Biotin"},"content":{"rendered":"<p>[vc_row][vc_column]\n\t\t\t<div class=\"teaser-block  tb-right  large-block-bottom parallax \"  >\n\t\t\t\n\t\t\t\t<div class=\"teaser-text-block-wrapper\"><div class=\"teaser-text-block\"><div class=\"teaser-inner\">\t<h2 class=\"teaser-subline\">Biotin<\/h2>\n\t\t\t\t\t\t\t\t<h1 class=\"teaser-headline\">What is biotin?<\/h1>\t<div class=\"teaser-text\">\n\t\t\t\t\t\t\t\t\t<\/p>\n<p class=\"p1\"><span class=\"s1\">Biotin performs important tasks in the human body. The water-soluble vitamin is also known as B7. It is mainly involved in protein, carbohydrate and fat metabolism. Read more about its functions here and find out how you can meet your biotin needs with the support of #INNERBEAUTY food supplements.<\/span><\/p>\n<p>\n\n\t\t\t\t\t\t\t\t<\/div>\n\t\t\t\t\t\t\t\t<div class=\"teaser-button\">\n\t\t\t\t\t\t\t\t\t\n\t\t\t\t\t\t\t\t<\/div>\n\t\t\t\t\t\t\t<\/div>\n\t\t\t\t\t\t<\/div>\n\t\t\t\t<\/div>\n\t\t\t\t\t\t<div class=\"teaser-bg\">\n\t\t\t\t\t\t\t<div class=\"teaser-image-wrapper\">\n\t\t\t\t\t\t\t\t<div class=\"img-desktop d-none d-lg-block\" data-img-width=\"1280\" data-img-height=\"625\"><img loading=\"lazy\" decoding=\"async\" width=\"1280\" height=\"625\" src=\"https:\/\/dev-innerbeauty.pub.dglecom.net\/wp-content\/uploads\/2022\/03\/wissenschaftsseiten-hyaluron-1280x625px-desktop.jpg\" class=\"attachment-full size-full\" alt=\"\" srcset=\"https:\/\/dev-innerbeauty.pub.dglecom.net\/wp-content\/uploads\/2022\/03\/wissenschaftsseiten-hyaluron-1280x625px-desktop.jpg 1280w, https:\/\/dev-innerbeauty.pub.dglecom.net\/wp-content\/uploads\/2022\/03\/wissenschaftsseiten-hyaluron-1280x625px-desktop-300x146.jpg 300w, https:\/\/dev-innerbeauty.pub.dglecom.net\/wp-content\/uploads\/2022\/03\/wissenschaftsseiten-hyaluron-1280x625px-desktop-1024x500.jpg 1024w, https:\/\/dev-innerbeauty.pub.dglecom.net\/wp-content\/uploads\/2022\/03\/wissenschaftsseiten-hyaluron-1280x625px-desktop-768x375.jpg 768w\" sizes=\"(max-width: 1280px) 100vw, 1280px\" \/><\/div>\n\t\t\t\t\t\t\t\t<div class=\"img-mobile d-lg-none\" data-img-width=\"930\" data-img-height=\"722\"><img loading=\"lazy\" decoding=\"async\" width=\"930\" height=\"722\" src=\"https:\/\/dev-innerbeauty.pub.dglecom.net\/wp-content\/uploads\/2022\/03\/wissenschaftsseiten-hyaluron-930x722px-mobile.jpg\" class=\"attachment-full size-full\" alt=\"\" srcset=\"https:\/\/dev-innerbeauty.pub.dglecom.net\/wp-content\/uploads\/2022\/03\/wissenschaftsseiten-hyaluron-930x722px-mobile.jpg 930w, https:\/\/dev-innerbeauty.pub.dglecom.net\/wp-content\/uploads\/2022\/03\/wissenschaftsseiten-hyaluron-930x722px-mobile-300x233.jpg 300w, https:\/\/dev-innerbeauty.pub.dglecom.net\/wp-content\/uploads\/2022\/03\/wissenschaftsseiten-hyaluron-930x722px-mobile-768x596.jpg 768w\" sizes=\"(max-width: 930px) 100vw, 930px\" \/><\/div>\n\t\t\t\t\t\t\t<\/div>\n\t\t\t\t\t\t<\/div>\n\t\t\t\t\t\n\t\t\t\t<div class=\"lines-bottom\">\n\t\t\t\t\t<div class=\"line-bottom-1\"><\/div>\n\t\t\t\t\t<div class=\"line-bottom-2\"><\/div>\n\t\t\t\t<\/div>\n\t\t\t\t\n\t\t\t<\/div>\n\t\t\t[vc_row_inner][vc_column_inner width=&#8221;1\/12&#8243;][\/vc_column_inner][vc_column_inner width=&#8221;10\/12&#8243;][vc_empty_space height=&#8221;40px&#8221;][vc_column_text]<\/p>\n<h2 class=\"p1\" style=\"text-align: center;\"><span class=\"s1\">WHAT IS THE FUNCTION OF BIOTIN IN THE BODY?<\/span><\/h2>\n<p>&nbsp;<\/p>\n<p class=\"p1\" style=\"text-align: center;\"><span class=\"s1\">Biotin helps the body convert carbohydrates ingested into energy, release amino acids from proteins and activate fatty acids. It also ensures that hair roots and nail beds are renewed. Biotin also has an effect on the skin: It stimulates the formation of new skin cells. This enables the skin to regenerate regularly.<\/span><\/p>\n<p>[\/vc_column_text][\/vc_column_inner][vc_column_inner width=&#8221;1\/12&#8243;][\/vc_column_inner][\/vc_row_inner][vc_empty_space height=&#8221;100px&#8221;][\/vc_column][\/vc_row][vc_row el_class=&#8221;row-colored&#8221;][vc_column][vc_row_inner][vc_column_inner width=&#8221;1\/12&#8243;][\/vc_column_inner][vc_column_inner width=&#8221;10\/12&#8243;][vc_empty_space height=&#8221;40px&#8221;][vc_column_text]<\/p>\n<h2 class=\"p1\" style=\"text-align: center;\"><span class=\"s1\">WHAT HAPPENS IN THE CASE OF A BIOTIN DEFICIENCY?<\/span><\/h2>\n<p>&nbsp;<\/p>\n<p class=\"p1\" style=\"text-align: center;\"><span class=\"s1\">Normally, we take in sufficient amounts of biotin with our food. However, those who often lack the opportunity to eat a balanced diet may consume too little biotin. Biotin deficiency also sometimes occurs during pregnancy and breastfeeding, as well as in people who frequently consume raw eggs. The background: Metabolic changes occur in pregnant women or breastfeeding mothers. And: The protein avidin contained in chicken egg white binds the biotin so that it can no longer carry out its tasks in the body.<\/span><\/p>\n<p class=\"p1\" style=\"text-align: center;\"><span class=\"s1\">A biotin deficiency leads to thinning hair, hair loss, brittle nails and skin changes. Other possible symptoms are fatigue, depression, digestive problems and muscle pain. Anyone who has some of these complaints and is unsure what is causing them has good reason to have their biotin levels determined by a doctor.<\/span><\/p>\n<p>[\/vc_column_text][\/vc_column_inner][vc_column_inner width=&#8221;1\/12&#8243;][\/vc_column_inner][\/vc_row_inner][vc_empty_space height=&#8221;50px&#8221;][\/vc_column][\/vc_row][vc_row][vc_column][vc_row_inner][vc_column_inner width=&#8221;1\/12&#8243;][\/vc_column_inner][vc_column_inner width=&#8221;10\/12&#8243;][vc_empty_space height=&#8221;100px&#8221;][vc_column_text]<\/p>\n<h2 class=\"p1\" style=\"text-align: center;\"><span class=\"s1\">HOW DO I COVER MY BIOTIN REQUIREMENTS?<\/span><\/h2>\n<p>&nbsp;<\/p>\n<p class=\"p1\" style=\"text-align: center;\"><span class=\"s1\">Do you have a biotin deficiency in your body? A well-balanced diet with biotin-rich foods already helps many affected people a great deal. For example, pork or beef liver, soybeans, legumes, nuts, dried yeast, mushrooms, cereal products and bananas contain particularly high amounts of biotin.<\/span><\/p>\n<p class=\"p1\" style=\"text-align: center;\"><span class=\"s1\">The German Nutrition Society recommends a daily intake of 30 to 60 micrograms of biotin for adults. If you do not reach this amount through your diet alone, dietary supplements with biotin can help you meet your daily requirement. Biotin helps maintain normal skin and hair. If you mainly notice changes in your hair, this may be related to a lack of <a href=\"https:\/\/dev-innerbeauty.pub.az-we.dglecom.net\/en\/l-cysteine\/\">L-cysteine<\/a>. You can also find suitable food supplements for this at #INNERBEAUTY.<\/span><\/p>\n<p>[\/vc_column_text][\/vc_column_inner][vc_column_inner width=&#8221;1\/12&#8243;][\/vc_column_inner][\/vc_row_inner][vc_empty_space height=&#8221;100px&#8221;][\/vc_column][\/vc_row][vc_row][vc_column][vc_column_text]<\/p>\n<h6 style=\"text-align: center;\">more products<\/h6>\n<p>[\/vc_column_text]\n\t\t\t<div class=\"products-listing \">\n\t\t\t\t\n\t\t\t<div class=\"product-single\">\t<div class=\"product-thumb\">\n                                <a class=\"product-link-img\" href=\"https:\/\/dev-innerbeauty.pub.dglecom.net\/en\/products\/hyaluronic-beauty-booster\/\" title=\"Hyaluronic Beauty Booster\"><img loading=\"lazy\" decoding=\"async\" width=\"286\" height=\"337\" src=\"https:\/\/dev-innerbeauty.pub.dglecom.net\/wp-content\/uploads\/2019\/11\/innerbeauty_update_product-images_BeautyBooster_286x337px.png\" class=\"img-responsive wp-post-image\" alt=\"\" srcset=\"https:\/\/dev-innerbeauty.pub.dglecom.net\/wp-content\/uploads\/2019\/11\/innerbeauty_update_product-images_BeautyBooster_286x337px.png 286w, https:\/\/dev-innerbeauty.pub.dglecom.net\/wp-content\/uploads\/2019\/11\/innerbeauty_update_product-images_BeautyBooster_286x337px-255x300.png 255w\" sizes=\"(max-width: 286px) 100vw, 286px\" \/>\t\t<\/a>\n                            <\/div>\t<div class=\"product-teaser\">\t<p class=\"product-subline\">#Innerbeauty<\/p>\t<h4><a class=\"product-link-text\" href=\"https:\/\/dev-innerbeauty.pub.dglecom.net\/en\/products\/hyaluronic-beauty-booster\/\" title=\"Hyaluronic Beauty Booster\">Hyaluronic Beauty Booster<\/a><\/h4>\t<\/div>\t<p><a class=\"btn product-link\" href=\"https:\/\/dev-innerbeauty.pub.dglecom.net\/en\/products\/hyaluronic-beauty-booster\/\" title=\"Hyaluronic Beauty Booster\">To the product<\/a><\/p><\/div><div class=\"product-single\">\t<div class=\"product-thumb\">\n                                <a class=\"product-link-img\" href=\"https:\/\/dev-innerbeauty.pub.dglecom.net\/en\/products\/hyaluron-bears\/\" title=\"Hyaluronic Bears\"><img loading=\"lazy\" decoding=\"async\" width=\"286\" height=\"337\" src=\"https:\/\/dev-innerbeauty.pub.dglecom.net\/wp-content\/uploads\/2019\/11\/innerbeauty_update_product-images_Hyaluronic-Bears_286x337px.png\" class=\"img-responsive wp-post-image\" alt=\"\" srcset=\"https:\/\/dev-innerbeauty.pub.dglecom.net\/wp-content\/uploads\/2019\/11\/innerbeauty_update_product-images_Hyaluronic-Bears_286x337px.png 286w, https:\/\/dev-innerbeauty.pub.dglecom.net\/wp-content\/uploads\/2019\/11\/innerbeauty_update_product-images_Hyaluronic-Bears_286x337px-255x300.png 255w\" sizes=\"(max-width: 286px) 100vw, 286px\" \/>\t\t<\/a>\n                            <\/div>\t<div class=\"product-teaser\">\t<p class=\"product-subline\">#Innerbeauty<\/p>\t<h4><a class=\"product-link-text\" href=\"https:\/\/dev-innerbeauty.pub.dglecom.net\/en\/products\/hyaluron-bears\/\" title=\"Hyaluronic Bears\">Hyaluronic Bears<\/a><\/h4>\t<\/div>\t<p><a class=\"btn product-link\" href=\"https:\/\/dev-innerbeauty.pub.dglecom.net\/en\/products\/hyaluron-bears\/\" title=\"Hyaluronic Bears\">To the product<\/a><\/p><\/div><div class=\"product-single\">\t<div class=\"product-thumb\">\n                                <a class=\"product-link-img\" href=\"https:\/\/dev-innerbeauty.pub.dglecom.net\/en\/products\/collagen-bears\/\" title=\"Collagen Bears\"><img loading=\"lazy\" decoding=\"async\" width=\"286\" height=\"337\" src=\"https:\/\/dev-innerbeauty.pub.dglecom.net\/wp-content\/uploads\/2019\/11\/innerbeauty_update_product-images_Collagen-Bears_286x337px.png\" class=\"img-responsive wp-post-image\" alt=\"\" srcset=\"https:\/\/dev-innerbeauty.pub.dglecom.net\/wp-content\/uploads\/2019\/11\/innerbeauty_update_product-images_Collagen-Bears_286x337px.png 286w, https:\/\/dev-innerbeauty.pub.dglecom.net\/wp-content\/uploads\/2019\/11\/innerbeauty_update_product-images_Collagen-Bears_286x337px-255x300.png 255w\" sizes=\"(max-width: 286px) 100vw, 286px\" \/>\t\t<\/a>\n                            <\/div>\t<div class=\"product-teaser\">\t<p class=\"product-subline\">#Innerbeauty<\/p>\t<h4><a class=\"product-link-text\" href=\"https:\/\/dev-innerbeauty.pub.dglecom.net\/en\/products\/collagen-bears\/\" title=\"Collagen Bears\">Collagen Bears<\/a><\/h4>\t<\/div>\t<p><a class=\"btn product-link\" href=\"https:\/\/dev-innerbeauty.pub.dglecom.net\/en\/products\/collagen-bears\/\" title=\"Collagen Bears\">To the product<\/a><\/p><\/div><div class=\"product-single\">\t<div class=\"product-thumb\">\n                                <a class=\"product-link-img\" href=\"https:\/\/dev-innerbeauty.pub.dglecom.net\/en\/products\/collagen-youth-drink\/\" title=\"Collagen Youth Drink\"><img loading=\"lazy\" decoding=\"async\" width=\"286\" height=\"337\" src=\"https:\/\/dev-innerbeauty.pub.dglecom.net\/wp-content\/uploads\/2018\/11\/innerbeauty_update_product-images_286x337px.png\" class=\"img-responsive wp-post-image\" alt=\"\" srcset=\"https:\/\/dev-innerbeauty.pub.dglecom.net\/wp-content\/uploads\/2018\/11\/innerbeauty_update_product-images_286x337px.png 286w, https:\/\/dev-innerbeauty.pub.dglecom.net\/wp-content\/uploads\/2018\/11\/innerbeauty_update_product-images_286x337px-255x300.png 255w\" sizes=\"(max-width: 286px) 100vw, 286px\" \/>\t\t<\/a>\n                            <\/div>\t<div class=\"product-teaser\">\t<p class=\"product-subline\">#Innerbeauty<\/p>\t<h4><a class=\"product-link-text\" href=\"https:\/\/dev-innerbeauty.pub.dglecom.net\/en\/products\/collagen-youth-drink\/\" title=\"Collagen Youth Drink\">Collagen Youth Drink<\/a><\/h4>\t<\/div>\t<p><a class=\"btn product-link\" href=\"https:\/\/dev-innerbeauty.pub.dglecom.net\/en\/products\/collagen-youth-drink\/\" title=\"Collagen Youth Drink\">To the product<\/a><\/p><\/div><div class=\"product-single\">\t<div class=\"product-thumb\">\n                                <a class=\"product-link-img\" href=\"https:\/\/dev-innerbeauty.pub.dglecom.net\/en\/products\/skin-protect\/\" title=\"Skin-Protect\"><img loading=\"lazy\" decoding=\"async\" width=\"286\" height=\"337\" src=\"https:\/\/dev-innerbeauty.pub.dglecom.net\/wp-content\/uploads\/2022\/04\/skin-protect_product-image_286x337px.png\" class=\"img-responsive wp-post-image\" alt=\"\" srcset=\"https:\/\/dev-innerbeauty.pub.dglecom.net\/wp-content\/uploads\/2022\/04\/skin-protect_product-image_286x337px.png 286w, https:\/\/dev-innerbeauty.pub.dglecom.net\/wp-content\/uploads\/2022\/04\/skin-protect_product-image_286x337px-255x300.png 255w\" sizes=\"(max-width: 286px) 100vw, 286px\" \/>\t\t<\/a>\n                            <\/div>\t<div class=\"product-teaser\">\t<p class=\"product-subline\">#Innerbeauty<\/p>\t<h4><a class=\"product-link-text\" href=\"https:\/\/dev-innerbeauty.pub.dglecom.net\/en\/products\/skin-protect\/\" title=\"Skin-Protect\">Skin-Protect<\/a><\/h4>\t<\/div>\t<p><a class=\"btn product-link\" href=\"https:\/\/dev-innerbeauty.pub.dglecom.net\/en\/products\/skin-protect\/\" title=\"Skin-Protect\">To the product<\/a><\/p><\/div><div class=\"product-single\">\t<div class=\"product-thumb\">\n                                <a class=\"product-link-img\" href=\"https:\/\/dev-innerbeauty.pub.dglecom.net\/en\/products\/hair-nails-complete\/\" title=\"Hair + Nails Complete\"><img loading=\"lazy\" decoding=\"async\" width=\"286\" height=\"337\" src=\"https:\/\/dev-innerbeauty.pub.dglecom.net\/wp-content\/uploads\/2019\/11\/innerbeauty_update_product-images_HairNails_286x337px.png\" class=\"img-responsive wp-post-image\" alt=\"\" srcset=\"https:\/\/dev-innerbeauty.pub.dglecom.net\/wp-content\/uploads\/2019\/11\/innerbeauty_update_product-images_HairNails_286x337px.png 286w, https:\/\/dev-innerbeauty.pub.dglecom.net\/wp-content\/uploads\/2019\/11\/innerbeauty_update_product-images_HairNails_286x337px-255x300.png 255w\" sizes=\"(max-width: 286px) 100vw, 286px\" \/>\t\t<\/a>\n                            <\/div>\t<div class=\"product-teaser\">\t<p class=\"product-subline\">#Innerbeauty<\/p>\t<h4><a class=\"product-link-text\" href=\"https:\/\/dev-innerbeauty.pub.dglecom.net\/en\/products\/hair-nails-complete\/\" title=\"Hair + Nails Complete\">Hair + Nails Complete<\/a><\/h4>\t<\/div>\t<p><a class=\"btn product-link\" href=\"https:\/\/dev-innerbeauty.pub.dglecom.net\/en\/products\/hair-nails-complete\/\" title=\"Hair + Nails Complete\">To the product<\/a><\/p><\/div><div class=\"product-single\">\t<div class=\"product-thumb\">\n                                <a class=\"product-link-img\" href=\"https:\/\/dev-innerbeauty.pub.dglecom.net\/en\/products\/sun-fit-beta-carotin-plus\/\" title=\"Sun Plus Beta-Carotin\"><img loading=\"lazy\" decoding=\"async\" width=\"286\" height=\"337\" src=\"https:\/\/dev-innerbeauty.pub.dglecom.net\/wp-content\/uploads\/2019\/11\/innerbeauty_update_product-images_Beta-Plus_286x337px.png\" class=\"img-responsive wp-post-image\" alt=\"\" srcset=\"https:\/\/dev-innerbeauty.pub.dglecom.net\/wp-content\/uploads\/2019\/11\/innerbeauty_update_product-images_Beta-Plus_286x337px.png 286w, https:\/\/dev-innerbeauty.pub.dglecom.net\/wp-content\/uploads\/2019\/11\/innerbeauty_update_product-images_Beta-Plus_286x337px-255x300.png 255w\" sizes=\"(max-width: 286px) 100vw, 286px\" \/>\t\t<\/a>\n                            <\/div>\t<div class=\"product-teaser\">\t<p class=\"product-subline\">#Innerbeauty<\/p>\t<h4><a class=\"product-link-text\" href=\"https:\/\/dev-innerbeauty.pub.dglecom.net\/en\/products\/sun-fit-beta-carotin-plus\/\" title=\"Sun Plus Beta-Carotin\">Sun Plus Beta-Carotin<\/a><\/h4>\t<\/div>\t<p><a class=\"btn product-link\" href=\"https:\/\/dev-innerbeauty.pub.dglecom.net\/en\/products\/sun-fit-beta-carotin-plus\/\" title=\"Sun Plus Beta-Carotin\">To the product<\/a><\/p><\/div><div class=\"product-single\">\t<div class=\"product-thumb\">\n                                <a class=\"product-link-img\" href=\"https:\/\/dev-innerbeauty.pub.dglecom.net\/en\/products\/hyaluron-lift-plus\/\" title=\"Hyaluron Lift Plus\"><img loading=\"lazy\" decoding=\"async\" width=\"286\" height=\"337\" src=\"https:\/\/dev-innerbeauty.pub.dglecom.net\/wp-content\/uploads\/2019\/11\/innerbeauty_update_product-images_HyaluronLiftPlus_286x337px.png\" class=\"img-responsive wp-post-image\" alt=\"\" srcset=\"https:\/\/dev-innerbeauty.pub.dglecom.net\/wp-content\/uploads\/2019\/11\/innerbeauty_update_product-images_HyaluronLiftPlus_286x337px.png 286w, https:\/\/dev-innerbeauty.pub.dglecom.net\/wp-content\/uploads\/2019\/11\/innerbeauty_update_product-images_HyaluronLiftPlus_286x337px-255x300.png 255w\" sizes=\"(max-width: 286px) 100vw, 286px\" \/>\t\t<\/a>\n                            <\/div>\t<div class=\"product-teaser\">\t<p class=\"product-subline\">#Innerbeauty<\/p>\t<h4><a class=\"product-link-text\" href=\"https:\/\/dev-innerbeauty.pub.dglecom.net\/en\/products\/hyaluron-lift-plus\/\" title=\"Hyaluron Lift Plus\">Hyaluron Lift Plus<\/a><\/h4>\t<\/div>\t<p><a class=\"btn product-link\" href=\"https:\/\/dev-innerbeauty.pub.dglecom.net\/en\/products\/hyaluron-lift-plus\/\" title=\"Hyaluron Lift Plus\">To the product<\/a><\/p><\/div>\n\t\t\t\t\n\t\t\t<\/div>\n\t\t\t[\/vc_column][\/vc_row]<\/p>\n","protected":false},"excerpt":{"rendered":"<p>[vc_row][vc_column][vc_row_inner][vc_column_inner width=&#8221;1\/12&#8243;][\/vc_column_inner][vc_column_inner width=&#8221;10\/12&#8243;][vc_empty_space height=&#8221;40px&#8221;][vc_column_text] WHAT IS THE FUNCTION OF BIOTIN IN THE BODY? &nbsp; Biotin helps the body convert carbohydrates ingested into energy, release amino acids from proteins and activate fatty acids. It also ensures that hair roots and nail beds are renewed. Biotin also has an effect on the skin: It stimulates the formation [&hellip;]<\/p>\n","protected":false},"author":2,"featured_media":0,"parent":0,"menu_order":0,"comment_status":"closed","ping_status":"closed","template":"fullwidth.php","meta":{"footnotes":""},"acf":[],"yoast_head":"<!-- This site is optimized with the Yoast SEO plugin v21.8 - https:\/\/yoast.com\/wordpress\/plugins\/seo\/ -->\n<title>Biotin | #INNERBEAUTY<\/title>\n<meta name=\"description\" content=\"Biotin ist wichtig f\u00fcr Haut, Haare und N\u00e4gel. Du kannst M\u00e4ngeln mit gesunder Ern\u00e4hrung und Nahrungserg\u00e4nzung vorbeugen! #INNERBEAUTY \u2013 Sch\u00f6nheit von innen\" \/>\n<meta name=\"robots\" content=\"index, follow, max-snippet:-1, max-image-preview:large, max-video-preview:-1\" \/>\n<link rel=\"canonical\" href=\"https:\/\/dev-innerbeauty.pub.dglecom.net\/de\/biotin\/\" \/>\n<meta property=\"og:locale\" content=\"en_US\" \/>\n<meta property=\"og:type\" content=\"article\" \/>\n<meta property=\"og:title\" content=\"Biotin | #INNERBEAUTY\" \/>\n<meta property=\"og:description\" content=\"Biotin ist wichtig f\u00fcr Haut, Haare und N\u00e4gel. Du kannst M\u00e4ngeln mit gesunder Ern\u00e4hrung und Nahrungserg\u00e4nzung vorbeugen! #INNERBEAUTY \u2013 Sch\u00f6nheit von innen\" \/>\n<meta property=\"og:url\" content=\"https:\/\/dev-innerbeauty.pub.dglecom.net\/de\/biotin\/\" \/>\n<meta property=\"og:site_name\" content=\"#INNERBEAUTY\" \/>\n<meta property=\"article:modified_time\" content=\"2022-04-29T07:56:13+00:00\" \/>\n<meta name=\"twitter:card\" content=\"summary_large_image\" \/>\n<meta name=\"twitter:label1\" content=\"Est. reading time\" \/>\n\t<meta name=\"twitter:data1\" content=\"3 minutes\" \/>\n<script type=\"application\/ld+json\" class=\"yoast-schema-graph\">{\"@context\":\"https:\/\/schema.org\",\"@graph\":[{\"@type\":\"WebPage\",\"@id\":\"https:\/\/dev-innerbeauty.pub.dglecom.net\/de\/biotin\/\",\"url\":\"https:\/\/dev-innerbeauty.pub.dglecom.net\/de\/biotin\/\",\"name\":\"Biotin | #INNERBEAUTY\",\"isPartOf\":{\"@id\":\"https:\/\/dev-innerbeauty.pub.dglecom.net\/de\/#website\"},\"datePublished\":\"2018-12-14T15:41:39+00:00\",\"dateModified\":\"2022-04-29T07:56:13+00:00\",\"description\":\"Biotin ist wichtig f\u00fcr Haut, Haare und N\u00e4gel. Du kannst M\u00e4ngeln mit gesunder Ern\u00e4hrung und Nahrungserg\u00e4nzung vorbeugen! #INNERBEAUTY \u2013 Sch\u00f6nheit von innen\",\"breadcrumb\":{\"@id\":\"https:\/\/dev-innerbeauty.pub.dglecom.net\/de\/biotin\/#breadcrumb\"},\"inLanguage\":\"en-US\",\"potentialAction\":[{\"@type\":\"ReadAction\",\"target\":[\"https:\/\/dev-innerbeauty.pub.dglecom.net\/de\/biotin\/\"]}]},{\"@type\":\"BreadcrumbList\",\"@id\":\"https:\/\/dev-innerbeauty.pub.dglecom.net\/de\/biotin\/#breadcrumb\",\"itemListElement\":[{\"@type\":\"ListItem\",\"position\":1,\"name\":\"Startseite\",\"item\":\"https:\/\/dev-innerbeauty.pub.dglecom.net\/de\/\"},{\"@type\":\"ListItem\",\"position\":2,\"name\":\"Biotin\"}]},{\"@type\":\"WebSite\",\"@id\":\"https:\/\/dev-innerbeauty.pub.dglecom.net\/de\/#website\",\"url\":\"https:\/\/dev-innerbeauty.pub.dglecom.net\/de\/\",\"name\":\"#INNERBEAUTY\",\"description\":\"Ganzheitliche Sch\u00f6nheit f\u00fcr Frauen\",\"inLanguage\":\"en-US\"}]}<\/script>\n<!-- \/ Yoast SEO plugin. -->","yoast_head_json":{"title":"Biotin | #INNERBEAUTY","description":"Biotin ist wichtig f\u00fcr Haut, Haare und N\u00e4gel. Du kannst M\u00e4ngeln mit gesunder Ern\u00e4hrung und Nahrungserg\u00e4nzung vorbeugen! #INNERBEAUTY \u2013 Sch\u00f6nheit von innen","robots":{"index":"index","follow":"follow","max-snippet":"max-snippet:-1","max-image-preview":"max-image-preview:large","max-video-preview":"max-video-preview:-1"},"canonical":"https:\/\/dev-innerbeauty.pub.dglecom.net\/de\/biotin\/","og_locale":"en_US","og_type":"article","og_title":"Biotin | #INNERBEAUTY","og_description":"Biotin ist wichtig f\u00fcr Haut, Haare und N\u00e4gel. Du kannst M\u00e4ngeln mit gesunder Ern\u00e4hrung und Nahrungserg\u00e4nzung vorbeugen! #INNERBEAUTY \u2013 Sch\u00f6nheit von innen","og_url":"https:\/\/dev-innerbeauty.pub.dglecom.net\/de\/biotin\/","og_site_name":"#INNERBEAUTY","article_modified_time":"2022-04-29T07:56:13+00:00","twitter_card":"summary_large_image","twitter_misc":{"Est. reading time":"3 minutes"},"schema":{"@context":"https:\/\/schema.org","@graph":[{"@type":"WebPage","@id":"https:\/\/dev-innerbeauty.pub.dglecom.net\/de\/biotin\/","url":"https:\/\/dev-innerbeauty.pub.dglecom.net\/de\/biotin\/","name":"Biotin | #INNERBEAUTY","isPartOf":{"@id":"https:\/\/dev-innerbeauty.pub.dglecom.net\/de\/#website"},"datePublished":"2018-12-14T15:41:39+00:00","dateModified":"2022-04-29T07:56:13+00:00","description":"Biotin ist wichtig f\u00fcr Haut, Haare und N\u00e4gel. Du kannst M\u00e4ngeln mit gesunder Ern\u00e4hrung und Nahrungserg\u00e4nzung vorbeugen! #INNERBEAUTY \u2013 Sch\u00f6nheit von innen","breadcrumb":{"@id":"https:\/\/dev-innerbeauty.pub.dglecom.net\/de\/biotin\/#breadcrumb"},"inLanguage":"en-US","potentialAction":[{"@type":"ReadAction","target":["https:\/\/dev-innerbeauty.pub.dglecom.net\/de\/biotin\/"]}]},{"@type":"BreadcrumbList","@id":"https:\/\/dev-innerbeauty.pub.dglecom.net\/de\/biotin\/#breadcrumb","itemListElement":[{"@type":"ListItem","position":1,"name":"Startseite","item":"https:\/\/dev-innerbeauty.pub.dglecom.net\/de\/"},{"@type":"ListItem","position":2,"name":"Biotin"}]},{"@type":"WebSite","@id":"https:\/\/dev-innerbeauty.pub.dglecom.net\/de\/#website","url":"https:\/\/dev-innerbeauty.pub.dglecom.net\/de\/","name":"#INNERBEAUTY","description":"Ganzheitliche Sch\u00f6nheit f\u00fcr Frauen","inLanguage":"en-US"}]}},"_links":{"self":[{"href":"https:\/\/dev-innerbeauty.pub.dglecom.net\/en\/wp-json\/wp\/v2\/pages\/1095"}],"collection":[{"href":"https:\/\/dev-innerbeauty.pub.dglecom.net\/en\/wp-json\/wp\/v2\/pages"}],"about":[{"href":"https:\/\/dev-innerbeauty.pub.dglecom.net\/en\/wp-json\/wp\/v2\/types\/page"}],"author":[{"embeddable":true,"href":"https:\/\/dev-innerbeauty.pub.dglecom.net\/en\/wp-json\/wp\/v2\/users\/2"}],"replies":[{"embeddable":true,"href":"https:\/\/dev-innerbeauty.pub.dglecom.net\/en\/wp-json\/wp\/v2\/comments?post=1095"}],"version-history":[{"count":8,"href":"https:\/\/dev-innerbeauty.pub.dglecom.net\/en\/wp-json\/wp\/v2\/pages\/1095\/revisions"}],"predecessor-version":[{"id":8763,"href":"https:\/\/dev-innerbeauty.pub.dglecom.net\/en\/wp-json\/wp\/v2\/pages\/1095\/revisions\/8763"}],"wp:attachment":[{"href":"https:\/\/dev-innerbeauty.pub.dglecom.net\/en\/wp-json\/wp\/v2\/media?parent=1095"}],"curies":[{"name":"wp","href":"https:\/\/api.w.org\/{rel}","templated":true}]}}