{"id":1411,"date":"2018-12-10T17:18:29","date_gmt":"2018-12-10T16:18:29","guid":{"rendered":"https:\/\/hashtag-innerbeauty.com\/impressum\/"},"modified":"2021-12-16T13:31:38","modified_gmt":"2021-12-16T12:31:38","slug":"legal-notice","status":"publish","type":"page","link":"https:\/\/dev-innerbeauty.pub.dglecom.net\/en\/legal-notice\/","title":{"rendered":"Legal notice"},"content":{"rendered":"<p>[vc_row][vc_column][vc_column_text]<\/p>\n<h1>Legal Notice<\/h1>\n<p>Ultimate Skin Aesthetics GmbH<br \/>\nLuise-Rainer-Stra\u00dfe 7-11<br \/>\n40235 D\u00fcsseldorf<\/p>\n<p>Managing Directors: Susanne Cornelius, Petra von Dewall, Beatrice Billot<\/p>\n<p>D\u00fcsseldorf District Court HRB 84009<\/p>\n<p>VAT registration no.: DE 3196 66970<\/p>\n<p><a class=\"print\" href=\"#\">Print page<\/a><\/p>\n<p><b>You can contact us by email at:\u00a0<\/b><a href=\"mailto:info@ultimateskinaesthetics.com\">info@ultimateskinaesthetics.com<\/a><br \/>\nYou can contact us by telephone in Germany on: +49 2331 \u2013 690 6464[\/vc_column_text][\/vc_column][\/vc_row]<\/p>\n","protected":false},"excerpt":{"rendered":"<p>[vc_row][vc_column][vc_column_text] Legal Notice Ultimate Skin Aesthetics GmbH Luise-Rainer-Stra\u00dfe 7-11 40235 D\u00fcsseldorf Managing Directors: Susanne Cornelius, Petra von Dewall, Beatrice Billot D\u00fcsseldorf District Court HRB 84009 VAT registration no.: DE 3196 66970 Print page You can contact us by email at:\u00a0info@ultimateskinaesthetics.com You can contact us by telephone in Germany on: +49 2331 \u2013 690 6464[\/vc_column_text][\/vc_column][\/vc_row]<\/p>\n","protected":false},"author":2,"featured_media":0,"parent":0,"menu_order":0,"comment_status":"closed","ping_status":"closed","template":"fullwidth.php","meta":{"footnotes":""},"acf":[],"yoast_head":"<!-- This site is optimized with the Yoast SEO plugin v21.8 - https:\/\/yoast.com\/wordpress\/plugins\/seo\/ -->\n<title>Legal notice | #INNERBEAUTY<\/title>\n<meta name=\"robots\" content=\"index, follow, max-snippet:-1, max-image-preview:large, max-video-preview:-1\" \/>\n<link rel=\"canonical\" href=\"https:\/\/dev-innerbeauty.pub.dglecom.net\/de\/impressum\/\" \/>\n<meta property=\"og:locale\" content=\"en_US\" \/>\n<meta property=\"og:type\" content=\"article\" \/>\n<meta property=\"og:title\" content=\"Legal notice | #INNERBEAUTY\" \/>\n<meta property=\"og:description\" content=\"[vc_row][vc_column][vc_column_text] Legal Notice Ultimate Skin Aesthetics GmbH Luise-Rainer-Stra\u00dfe 7-11 40235 D\u00fcsseldorf Managing Directors: Susanne Cornelius, Petra von Dewall, Beatrice Billot D\u00fcsseldorf District Court HRB 84009 VAT registration no.: DE 3196 66970 Print page You can contact us by email at:\u00a0info@ultimateskinaesthetics.com You can contact us by telephone in Germany on: +49 2331 \u2013 690 6464[\/vc_column_text][\/vc_column][\/vc_row]\" \/>\n<meta property=\"og:url\" content=\"https:\/\/dev-innerbeauty.pub.dglecom.net\/de\/impressum\/\" \/>\n<meta property=\"og:site_name\" content=\"#INNERBEAUTY\" \/>\n<meta property=\"article:modified_time\" content=\"2021-12-16T12:31:38+00:00\" \/>\n<meta name=\"twitter:card\" content=\"summary_large_image\" \/>\n<script type=\"application\/ld+json\" class=\"yoast-schema-graph\">{\"@context\":\"https:\/\/schema.org\",\"@graph\":[{\"@type\":\"WebPage\",\"@id\":\"https:\/\/dev-innerbeauty.pub.dglecom.net\/de\/impressum\/\",\"url\":\"https:\/\/dev-innerbeauty.pub.dglecom.net\/de\/impressum\/\",\"name\":\"Legal notice | #INNERBEAUTY\",\"isPartOf\":{\"@id\":\"https:\/\/dev-innerbeauty.pub.dglecom.net\/de\/#website\"},\"datePublished\":\"2018-12-10T16:18:29+00:00\",\"dateModified\":\"2021-12-16T12:31:38+00:00\",\"breadcrumb\":{\"@id\":\"https:\/\/dev-innerbeauty.pub.dglecom.net\/de\/impressum\/#breadcrumb\"},\"inLanguage\":\"en-US\",\"potentialAction\":[{\"@type\":\"ReadAction\",\"target\":[\"https:\/\/dev-innerbeauty.pub.dglecom.net\/de\/impressum\/\"]}]},{\"@type\":\"BreadcrumbList\",\"@id\":\"https:\/\/dev-innerbeauty.pub.dglecom.net\/de\/impressum\/#breadcrumb\",\"itemListElement\":[{\"@type\":\"ListItem\",\"position\":1,\"name\":\"Startseite\",\"item\":\"https:\/\/dev-innerbeauty.pub.dglecom.net\/de\/\"},{\"@type\":\"ListItem\",\"position\":2,\"name\":\"Legal notice\"}]},{\"@type\":\"WebSite\",\"@id\":\"https:\/\/dev-innerbeauty.pub.dglecom.net\/de\/#website\",\"url\":\"https:\/\/dev-innerbeauty.pub.dglecom.net\/de\/\",\"name\":\"#INNERBEAUTY\",\"description\":\"Ganzheitliche Sch\u00f6nheit f\u00fcr Frauen\",\"inLanguage\":\"en-US\"}]}<\/script>\n<!-- \/ Yoast SEO plugin. -->","yoast_head_json":{"title":"Legal notice | #INNERBEAUTY","robots":{"index":"index","follow":"follow","max-snippet":"max-snippet:-1","max-image-preview":"max-image-preview:large","max-video-preview":"max-video-preview:-1"},"canonical":"https:\/\/dev-innerbeauty.pub.dglecom.net\/de\/impressum\/","og_locale":"en_US","og_type":"article","og_title":"Legal notice | #INNERBEAUTY","og_description":"[vc_row][vc_column][vc_column_text] Legal Notice Ultimate Skin Aesthetics GmbH Luise-Rainer-Stra\u00dfe 7-11 40235 D\u00fcsseldorf Managing Directors: Susanne Cornelius, Petra von Dewall, Beatrice Billot D\u00fcsseldorf District Court HRB 84009 VAT registration no.: DE 3196 66970 Print page You can contact us by email at:\u00a0info@ultimateskinaesthetics.com You can contact us by telephone in Germany on: +49 2331 \u2013 690 6464[\/vc_column_text][\/vc_column][\/vc_row]","og_url":"https:\/\/dev-innerbeauty.pub.dglecom.net\/de\/impressum\/","og_site_name":"#INNERBEAUTY","article_modified_time":"2021-12-16T12:31:38+00:00","twitter_card":"summary_large_image","schema":{"@context":"https:\/\/schema.org","@graph":[{"@type":"WebPage","@id":"https:\/\/dev-innerbeauty.pub.dglecom.net\/de\/impressum\/","url":"https:\/\/dev-innerbeauty.pub.dglecom.net\/de\/impressum\/","name":"Legal notice | #INNERBEAUTY","isPartOf":{"@id":"https:\/\/dev-innerbeauty.pub.dglecom.net\/de\/#website"},"datePublished":"2018-12-10T16:18:29+00:00","dateModified":"2021-12-16T12:31:38+00:00","breadcrumb":{"@id":"https:\/\/dev-innerbeauty.pub.dglecom.net\/de\/impressum\/#breadcrumb"},"inLanguage":"en-US","potentialAction":[{"@type":"ReadAction","target":["https:\/\/dev-innerbeauty.pub.dglecom.net\/de\/impressum\/"]}]},{"@type":"BreadcrumbList","@id":"https:\/\/dev-innerbeauty.pub.dglecom.net\/de\/impressum\/#breadcrumb","itemListElement":[{"@type":"ListItem","position":1,"name":"Startseite","item":"https:\/\/dev-innerbeauty.pub.dglecom.net\/de\/"},{"@type":"ListItem","position":2,"name":"Legal notice"}]},{"@type":"WebSite","@id":"https:\/\/dev-innerbeauty.pub.dglecom.net\/de\/#website","url":"https:\/\/dev-innerbeauty.pub.dglecom.net\/de\/","name":"#INNERBEAUTY","description":"Ganzheitliche Sch\u00f6nheit f\u00fcr Frauen","inLanguage":"en-US"}]}},"_links":{"self":[{"href":"https:\/\/dev-innerbeauty.pub.dglecom.net\/en\/wp-json\/wp\/v2\/pages\/1411"}],"collection":[{"href":"https:\/\/dev-innerbeauty.pub.dglecom.net\/en\/wp-json\/wp\/v2\/pages"}],"about":[{"href":"https:\/\/dev-innerbeauty.pub.dglecom.net\/en\/wp-json\/wp\/v2\/types\/page"}],"author":[{"embeddable":true,"href":"https:\/\/dev-innerbeauty.pub.dglecom.net\/en\/wp-json\/wp\/v2\/users\/2"}],"replies":[{"embeddable":true,"href":"https:\/\/dev-innerbeauty.pub.dglecom.net\/en\/wp-json\/wp\/v2\/comments?post=1411"}],"version-history":[{"count":7,"href":"https:\/\/dev-innerbeauty.pub.dglecom.net\/en\/wp-json\/wp\/v2\/pages\/1411\/revisions"}],"predecessor-version":[{"id":6062,"href":"https:\/\/dev-innerbeauty.pub.dglecom.net\/en\/wp-json\/wp\/v2\/pages\/1411\/revisions\/6062"}],"wp:attachment":[{"href":"https:\/\/dev-innerbeauty.pub.dglecom.net\/en\/wp-json\/wp\/v2\/media?parent=1411"}],"curies":[{"name":"wp","href":"https:\/\/api.w.org\/{rel}","templated":true}]}}