{"id":3812,"date":"2018-11-26T07:29:21","date_gmt":"2018-11-26T06:29:21","guid":{"rendered":"https:\/\/hashtag-innerbeauty.com\/data-protection\/"},"modified":"2020-02-07T10:03:50","modified_gmt":"2020-02-07T09:03:50","slug":"proteccion-de-datos","status":"publish","type":"page","link":"https:\/\/dev-innerbeauty.pub.dglecom.net\/es\/proteccion-de-datos\/","title":{"rendered":"Protecci\u00f3n de datos"},"content":{"rendered":"<div class=\"datenschutz\">\n<h1>PROTECCI\u00d3N DE DATOS<\/h1>\n<p>Informaci\u00f3n sobre protecci\u00f3n de datos<br \/>\n(Versi\u00f3n 1.0; Actualizada el 01\/10\/2018)<\/p>\n<div class=\"content\">\n<h2>\u00cdndice de contenidos<\/h2>\n<ol>\n<li><a class=\"nodecoration\" href=\"#p1\">Resumen<\/a><\/li>\n<li><a class=\"nodecoration\" href=\"#p2\">Nombre y datos de contacto del responsable del tratamiento y del delegado de protecci\u00f3n de datos de la empresa<\/a><\/li>\n<li><a class=\"nodecoration\" href=\"#p3\">Fines del tratamiento de datos, bases jur\u00eddicas e intereses leg\u00edtimos perseguidos por Ultimate Skin Aesthetics GmbH o un tercero, as\u00ed como categor\u00edas de destinatarios<\/a>\n<ol>\n<li><a class=\"nodecoration\" href=\"#p4\">Accesos a nuestra p\u00e1gina web o aplicaci\u00f3n<\/a><\/li>\n<li><a class=\"nodecoration\" href=\"#p5\">Presencia en l\u00ednea y optimizaci\u00f3n de la p\u00e1gina web<\/a><\/li>\n<\/ol>\n<\/li>\n<li><a class=\"nodecoration\" href=\"#p6\">Env\u00edo a destinatarios fuera de la UE<\/a><\/li>\n<li><a class=\"nodecoration\" href=\"#p7\">Integraci\u00f3n de contenidos de terceros<\/a><\/li>\n<li><a class=\"nodecoration\" href=\"#p8\">Sus derechos<\/a><\/li>\n<li><a class=\"nodecoration\" href=\"#p9\">Modificaciones de esta declaraci\u00f3n<\/a><\/li>\n<\/ol>\n<ol class=\"myol\">\n<li>\n<h3><a name=\"p1\"><\/a><b class=\"myhl\">RESUMEN<\/b><\/h3>\n<p>La siguiente declaraci\u00f3n de protecci\u00f3n de datos le informa sobre el tipo y el alcance del tratamiento de los denominados <strong>datos personales<\/strong> por parte de <strong>Ultimate Skin Aesthetics GmbH<\/strong>. Los datos personales son informaci\u00f3n que permite o puede permitir identificarle a usted personalmente. Al <strong>acceder a la p\u00e1gina web\/aplicaci\u00f3n<\/strong> de Ultimate Skin Aesthetics GmbH, se produce un intercambio de informaci\u00f3n entre su dispositivo y nuestro servidor. Aqu\u00ed tambi\u00e9n pueden incluirse datos personales. La informaci\u00f3n recopilada de esta manera se emplea, entre otras cosas, para mejorar nuestra p\u00e1gina web. Nuestra p\u00e1gina web y nuestros servicios no est\u00e1n destinados a menores de 16 a\u00f1os. En virtud del RGPD, usted goza de <strong>diferentes derechos<\/strong> que puede ejercer frente a nosotros. Entre ellos se incluye el <strong>derecho a oponerse<\/strong> al tratamiento de determinados datos, en particular al tratamiento de datos con fines de mercadotecnia. La posibilidad de oponerse se resalta en la declaraci\u00f3n. Si tiene alguna pregunta sobre nuestra declaraci\u00f3n de protecci\u00f3n de datos, no dude en ponerse en contacto con nosotros en cualquier momento mediante los datos de contacto del responsable que se indican a continuaci\u00f3n.<\/li>\n<li>\n<h3><b class=\"myhl\"><a name=\"p2\"><\/a>NOMBRE Y DATOS DE CONTACTO DEL RESPONSABLE DEL TRATAMIENTO<\/b><\/h3>\n<p>Esta declaraci\u00f3n de protecci\u00f3n de datos se aplica al tratamiento de datos que lleva a cabo Ultimate Skin Aesthetics GmbH, Luise-Rainer-Stra\u00dfe 7-11, 40235 D\u00fcsseldorf; gerentes: Susanne Cornelius, Dr. Christian Korte (\u00abel responsable\u00bb), y a las siguientes p\u00e1ginas web o aplicaciones:\u00a0<a href=\"https:\/\/www.hashtag-innerbeauty.de\" target=\"_blank\" rel=\"noopener\">www.hashtag-innerbeauty.de<\/a>.<\/li>\n<li>\n<h3><b class=\"myhl\"><a name=\"p3\"><\/a>FINES DEL TRATAMIENTO DE DATOS, BASES JUR\u00cdDICAS E INTERESES LEG\u00cdTIMOS PERSEGUIDOS POR ULTIMATE SKIN AESTHETICS GMBH O UN TERCERO, AS\u00cd COMO CATEGOR\u00cdAS DE DESTINATARIOS www.hashtag-innerbeauty.de.<\/b><\/h3>\n<ol class=\"myol\">\n<li><b class=\"myhl\"><a name=\"p4\"><\/a>Accesos a nuestra p\u00e1gina web o aplicaci\u00f3n<br \/>\n<\/b>Al acceder a nuestra p\u00e1gina web\/aplicaci\u00f3n, el navegador de su dispositivo env\u00eda autom\u00e1ticamente informaci\u00f3n al servidor de nuestra p\u00e1gina web\/aplicaci\u00f3n y la almacena temporalmente en un archivo de registro. No podemos influir en ello de ninguna manera. <strong>La siguiente informaci\u00f3n<\/strong> tambi\u00e9n se recopila sin su intervenci\u00f3n y se almacena hasta su eliminaci\u00f3n autom\u00e1tica:<\/p>\n<ul>\n<li>la direcci\u00f3n IP del dispositivo que accede a la p\u00e1gina web,<\/li>\n<li>la fecha y la hora del acceso,<\/li>\n<li>el nombre y la direcci\u00f3n URL del archivo consultado<\/li>\n<li>la p\u00e1gina web\/aplicaci\u00f3n desde la que se accede (URL de referencia),<\/li>\n<li>el navegador utilizado<\/li>\n<\/ul>\n<p>La base jur\u00eddica para el <strong>tratamiento de la direcci\u00f3n IP<\/strong> es el art\u00edculo 6, apartado 1, letra f) del RGPD. Nuestro inter\u00e9s leg\u00edtimo se deriva de los fines de la recogida de datos que se enumeran a continuaci\u00f3n. En este punto nos gustar\u00eda recalcar que no podemos sacar ninguna conclusi\u00f3n inmediata sobre su identidad partiendo de los datos recogidos y tampoco lo hacemos.Empleamos la direcci\u00f3n IP de su dispositivo, as\u00ed como los datos indicados con anterioridad, para<strong> los siguientes fines<\/strong>:<\/p>\n<ul>\n<li>Garantizar una conexi\u00f3n fluida,<\/li>\n<li>garantizar un uso c\u00f3modo de nuestra p\u00e1gina web\/aplicaci\u00f3n,<\/li>\n<li>evaluar la seguridad y estabilidad del sistema.<\/li>\n<\/ul>\n<p>Los datos se almacenan durante un <strong>plazo<\/strong> de 10 d\u00edas y, a continuaci\u00f3n, la direcci\u00f3n IP se elimina autom\u00e1ticamente. Los datos de los archivos de registro se almacenan separados de otros datos que le conciernen.<\/p>\n<p>Asimismo, utilizamos las llamadas cookies y herramientas de seguimiento en nuestra p\u00e1gina web\/aplicaci\u00f3n. En el apartado 3.2 se explican con m\u00e1s detalle los procedimientos exactos y la forma en que se utilizan sus datos con este fin.<\/li>\n<li><b class=\"myhl\"><a name=\"p5\"><\/a>Presencia en l\u00ednea y optimizaci\u00f3n de la p\u00e1gina web<\/b><br class=\"myp\" \/><br class=\"myp\" \/>\n<ol class=\"myol\">\n<li><strong>Cookies y tecnolog\u00edas tipo cookie: informaci\u00f3n general<\/strong><br \/>\nEn nuestra p\u00e1gina web utilizamos cookies. Las cookies son peque\u00f1os archivos que su navegador crea de forma autom\u00e1tica y almacena en su dispositivo (port\u00e1til, tableta, tel\u00e9fono inteligente, etc.) cuando usted visita nuestra p\u00e1gina. Las cookies no causan ning\u00fan da\u00f1o a su dispositivo, no contienen virus, troyanos u otros programas malignos. En la cookie se almacena informaci\u00f3n relacionada con el dispositivo espec\u00edfico que usted utiliza. No obstante, esto no significa que podemos conocer su identidad de forma inmediata. El uso de cookies sirve, por un lado, para que el uso de nuestra oferta le resulte m\u00e1s agradable. Utilizamos las <strong>cookies de sesi\u00f3n<\/strong> para reconocer qu\u00e9 paginas de nuestra web ha consultado. Estas se eliminan autom\u00e1ticamente al abandonar nuestra p\u00e1gina. Asimismo, tambi\u00e9n empleamos <strong>cookies temporales<\/strong> con el fin de facilitar el manejo, que se almacenan en su dispositivo terminal durante un periodo de tiempo espec\u00edfico. Si vuelve a visitar nuestra p\u00e1gina web para utilizar nuestros servicios, reconoceremos autom\u00e1ticamente que ya ha estado con nosotros y qu\u00e9 ha introducido y configurado para no tener que volver a introducirlos. Por otra parte, utilizamos cookies para <strong>llevar a cabo<\/strong> <strong>una estad\u00edstica<\/strong> del uso de nuestra p\u00e1gina web y para evaluarla con el fin de mejorar nuestra oferta para usted, as\u00ed como para mostrarle informaci\u00f3n personalizada. Estas cookies nos permiten reconocer autom\u00e1ticamente que usted ya ha accedido a nuestra p\u00e1gina web cuando vuelve a visitarnos. Estas cookies se eliminan autom\u00e1ticamente despu\u00e9s de un periodo de tiempo definido. La mayor\u00eda de navegadores aceptan autom\u00e1ticamente las cookies. No obstante, puede configurar su navegador de tal manera que no se almacenen cookies en su ordenador o para que siempre aparezca un aviso antes de que se cree una nueva cookie. Sin embargo, si desactiva las cookies por completo, es posible que no pueda hacer uso de todas las funciones de nuestra p\u00e1gina web. El plazo de almacenamiento de las cookies depende de su finalidad y no es el mismo para todas. Asimismo, algunos de los servicios incluidos en esta p\u00e1gina web utilizan las <strong>etiquetas p\u00edxel<\/strong> (o <strong>web beacons<\/strong>): Se trata de peque\u00f1os gr\u00e1ficos, generalmente invisibles, que se integran en p\u00e1ginas web y otros servicios para llevar a cabo evaluaciones estad\u00edsticas. Si Ultimate Skin Aesthetics GmbH trata datos personales en relaci\u00f3n con el uso de cookies y tecnolog\u00edas similares a las cookies para la prestaci\u00f3n de esta p\u00e1gina web, se har\u00e1 con base en el art\u00edculo 6, apartado 1, letra f) del RGPD. A este respecto, nuestro inter\u00e9s leg\u00edtimo consiste en poder ofrecer nuestra p\u00e1gina web en funci\u00f3n de las necesidades y de forma segura.<\/li>\n<li><strong>Google Analytics para el an\u00e1lisis web (con funci\u00f3n de anonimizaci\u00f3n)<\/strong><br \/>\nCon el fin de dise\u00f1ar nuestras p\u00e1ginas con arreglo a las necesidades y mejorarla continuamente, empleamos Google Analytics, un servicio de an\u00e1lisis web de Google Inc. (\u00abGoogle\u00bb) con base en el art\u00edculo 6, apartado 1, letra f) del RGPD. En este contexto, se crean perfiles de usuarios seudonimizados y se emplean cookies. La informaci\u00f3n generada por la cookie acerca de su uso de esta p\u00e1gina web, como por ejemplo<\/p>\n<ul>\n<li>el tipo\/versi\u00f3n del navegador,<\/li>\n<li>el sistema operativo empleado,<\/li>\n<li>la URL de referencia (la p\u00e1gina visitada anteriormente),<\/li>\n<li>el nombre del anfitri\u00f3n del ordenador de acceso (direcci\u00f3n IP),<\/li>\n<li>la hora de acceso al servidor,<\/li>\n<\/ul>\n<p>se transfiere a un servidor de Google en EE. UU. y se almacenan all\u00ed. La informaci\u00f3n se emplea para evaluar el uso de la p\u00e1gina web, para crear informes sobre las actividades de la p\u00e1gina web y para proporcionar otros servicios relacionados con la p\u00e1gina web y el uso de Internet con fines de investigaci\u00f3n de mercado y adaptar estas p\u00e1ginas web a las necesidades. Esta informaci\u00f3n tambi\u00e9n puede transferirse a terceros si as\u00ed lo requiere la ley o si se ha encargado a terceros que lleven a cabo un tratamiento de estos datos. Su direcci\u00f3n IP no se vincular\u00e1 con otros datos de Google bajo ning\u00fan concepto. Las direcciones IP se anonimizan, de modo que no es posible asignar la informaci\u00f3n (esto se denomina enmascaramiento IP).<\/p>\n<p>Puede oponerse al uso de cookies configurando su navegador de Internet para que no se almacenen cookies de forma general o haciendo clic aqu\u00ed.<\/p>\n<p>De forma alternativa, puede utilizar el complemento para el navegador que puede descargar e instalar aqu\u00ed:\u00a0<a href=\"https:\/\/tools.google.com\/dlpage\/gaoptout\" target=\"_blank\" rel=\"noopener\">https:\/\/tools.google.com\/dlpage\/gaoptout<\/a>.<\/p>\n<p>La instalaci\u00f3n del complemento para el navegador supone una objeci\u00f3n. Si el dispositivo se elimina, se formatea o se vuelve a instalar posteriormente, deber\u00e1 volver a instalar el complemento para el navegador.<\/p>\n<p>Para obtener m\u00e1s informaci\u00f3n y consultar la pol\u00edtica de privacidad actual de Google, visite\u00a0<a href=\"https:\/\/www.google.de\/intl\/de\/policies\/privacy\/\" target=\"_blank\" rel=\"noopener\">https:\/\/www.google.de\/intl\/de\/policies\/privacy\/<\/a> y\u00a0<a href=\"https:\/\/www.google.com\/analytics\/terms\/de.html\" target=\"_blank\" rel=\"noopener\">https:\/\/www.google.com\/analytics\/terms\/de.html<\/a>\u00a0. En este enlace tambi\u00e9n encontrar\u00e1 m\u00e1s detalles sobre Google Analytics: <a href=\"https:\/\/www.google.com\/intl\/de_de\/analytics\/\" target=\"_blank\" rel=\"noopener\">https:\/\/www.google.com\/intl\/de_de\/analytics\/<\/a>.<\/p>\n<p>Hemos configurado Google Analytics de tal forma que los datos en los que se basan los informes se eliminan como muy tarde en 36 meses.<\/li>\n<\/ol>\n<\/li>\n<\/ol>\n<\/li>\n<li>\n<h3><b class=\"myhl\"><a name=\"p6\"><\/a>DESTINATARIOS FUERA DE LA UE<br \/>\n<\/b><\/h3>\n<p>A excepci\u00f3n de los tratamientos descritos en el apartado 3.2, no transmitimos sus datos a destinatarios con sede fuera de la Uni\u00f3n Europea o del Espacio Econ\u00f3mico Europeo. Los tratamientos mencionados en el apartado 3.2. conllevan la transmisi\u00f3n de datos a los servidores de los proveedores de las <strong>tecnolog\u00edas de seguimiento o segmentaci\u00f3n que hemos contratado<\/strong>. Estos servidores pueden ubicarse en los Estados Unidos. La transferencia de datos se lleva a cabo de acuerdo con las normas del <strong>Escudo de privacidad<\/strong>, as\u00ed como con base en las <strong>cl\u00e1usulas contractuales tipo<\/strong> de la Comisi\u00f3n Europea.<\/li>\n<li>\n<h3><b class=\"myhl\"><a name=\"p7\"><\/a><\/b><b class=\"myhl\">INSERCI\u00d3N DE CONTENIDOS DE TERCEROS<\/b><\/h3>\n<p>En algunas partes de nuestra p\u00e1gina web hemos insertado contenidos de terceros. Se trata de v\u00eddeos, mapas, im\u00e1genes y fuentes. Con el fin de insertar este contenido, es t\u00e9cnicamente necesario que comuniquemos su direcci\u00f3n IP a terceros para que le podamos mostrar el contenido. Nosotros no almacenaremos su direcci\u00f3n IP para insertar contenidos externos. Mediante su direcci\u00f3n IP, el uso de cookies y otras tecnolog\u00edas (por ejemplo, etiquetas de p\u00edxeles, es decir, gr\u00e1ficos invisibles), los proveedores externos pueden rastrear su comportamiento de navegaci\u00f3n en caso necesario. Adem\u00e1s de su direcci\u00f3n IP, tambi\u00e9n pueden tratar otra informaci\u00f3n t\u00e9cnica (incluyendo el tipo\/versi\u00f3n de navegador, el sistema operativo utilizado, la p\u00e1gina que ha visitado anteriormente, el nombre de anfitri\u00f3n del dispositivo de acceso y la hora, as\u00ed como otra informaci\u00f3n sobre el uso de nuestra oferta en l\u00ednea).La base jur\u00eddica para el tratamiento de sus datos es el art\u00edculo 6, apartado 1, frase 1, letra f) del RGPD. Tenemos un inter\u00e9s leg\u00edtimo en optimizar nuestra p\u00e1gina web y mejorar nuestra oferta para usted al insertar contenido de terceros.En la descripci\u00f3n del contenido insertado a continuaci\u00f3n encontrar\u00e1 una descripci\u00f3n m\u00e1s detallada de la autor\u00eda del contenido que insertamos y de c\u00f3mo se tratan sus datos.\u2022 YouTube (Google LLC, 1600 Amphitheatre Parkway, Mountain View, CA 94043, EE. UU.).Pol\u00edtica de privacidad: https:\/\/policies.google.com\/privacy Es posible rechazar esta pol\u00edtica en: https:\/\/adssettings.google.com\/authenticated<\/li>\n<li>\n<h3><b class=\"myhl\"><a name=\"p8\"><\/a>SUS DERECHOS<\/b><\/h3>\n<ol class=\"myol\">\n<li style=\"list-style-type: none;\">\n<ol class=\"myol\">\n<li><b class=\"myhl\">Resumen<br \/>\n<\/b> Adem\u00e1s del derecho a revocar el consentimiento que nos ha otorgado, usted goza de los siguientes derechos adicionales si se cumplen las condiciones legales correspondientes:<\/p>\n<ul>\n<li><strong>Derecho de acceso a los datos personales <\/strong>que hemos almacenado de acuerdo con el art. 15 del RGPD; en particular, puede obtener informaci\u00f3n sobre los fines del tratamiento, la categor\u00eda de datos personales, las categor\u00edas de destinatarios a los que se comunicaron o ser\u00e1n comunicados los datos personales, el plazo previsto de conservaci\u00f3n de los datos personales, el origen de sus datos siempre que no se han obtenido de usted,<\/li>\n<li><strong>Derecho a la rectificaci\u00f3n de datos <\/strong>inexactos o a completar los datos correctos de conformidad con el art. 16 del RGPD,<\/li>\n<li><strong>Derecho a suprimir <\/strong>sus datos que hayamos almacenado de acuerdo con el art. 17 del RGPD en el caso de que no se respeten los plazos de conservaci\u00f3n legales o contractuales u otras obligaciones o derechos legales para el almacenamiento posterior,<\/li>\n<li><strong>Derecho a la limitaci\u00f3n <\/strong>del tratamiento de sus datos de acuerdo con el art. 18 del RGPD, siempre y cuando usted impugne la exactitud de los datos, el tratamiento sea il\u00edcito pero usted se oponga a la supresi\u00f3n de los datos; si el responsable ya no necesita los datos personales pero usted s\u00ed para la formulaci\u00f3n, el ejercicio o la defensa de reclamaciones; o bien si se ha opuesto al tratamiento en virtud del art\u00edculo 21, del RGPD,<\/li>\n<li><strong>Derecho a la portabilidad <\/strong>de datos de acuerdo con el art. 20 del RGPD, es decir, el derecho a que los datos que le incumban que nosotros hayamos almacenado se transmitan en un formato de uso com\u00fan y lectura mec\u00e1nica, y a transmitirlos a otro responsable del tratamiento<\/li>\n<li><strong>Derecho a presentar una reclamaci\u00f3n <\/strong>ante una autoridad de control. Como regla general, puede ponerse en contacto con la autoridad de control de su lugar de residencia o trabajo habitual o de la sede de nuestra empresa.<\/li>\n<\/ul>\n<\/li>\n<li><strong>Derecho de oposici\u00f3n En virtud del art\u00edculo 21, apartado 1 del RGPD, puede oponerse al tratamiento de datos por motivos relacionados con su situaci\u00f3n particular.<\/strong><br \/>\nEl derecho <strong>general de oposici\u00f3n<\/strong> que antecede se aplica a todos los fines de tratamiento descritos en esta declaraci\u00f3n de protecci\u00f3n de datos que se tratan con base en el art\u00edculo 6, apartado 1, letra f) del RGPD. Al contrario que con el derecho espec\u00edfico de oposici\u00f3n dirigido al tratamiento de datos con fines comerciales, el RGPD nos exige que apliquemos tal oposici\u00f3n general \u00fanicamente si usted nos da motivos de importancia superior (por ejemplo, un posible peligro para la vida o la salud). Asimismo, puede ponerse en contacto con la autoridad de control responsable de Ultimate Skin Aesthetics GmbH o con\u00a0<a href=\"mailto:minfo@ultimateskinaesthetics.com?subject=Widerspruchsrecht\">info@ultimateskinaesthetics.com<\/a>.<\/li>\n<\/ol>\n<\/li>\n<\/ol>\n<\/li>\n<li>\n<h3><b class=\"myhl\"><a name=\"p9\"><\/a>MODIFICACIONES DE ESTA DECLARACI\u00d3N<br \/>\n<\/b><\/h3>\n<p>Si introducimos nuevos productos o servicios, si cambiamos los procedimientos de Internet o si la tecnolog\u00eda de seguridad de Internet y el tratamiento electr\u00f3nico de datos se sigue desarrollando, la declaraci\u00f3n de protecci\u00f3n de datos deber\u00e1 actualizarse. Por lo tanto, nos reservamos el derecho de modificar o completar la declaraci\u00f3n seg\u00fan sea necesario. Publicaremos aqu\u00ed las modificaciones. Por lo tanto, visite esta p\u00e1gina web con regularidad para informarse sobre el estado actual de la declaraci\u00f3n de protecci\u00f3n de datos.<\/li>\n<\/ol>\n<\/div>\n<\/div>\n","protected":false},"excerpt":{"rendered":"<p>PROTECCI\u00d3N DE DATOS Informaci\u00f3n sobre protecci\u00f3n de datos (Versi\u00f3n 1.0; Actualizada el 01\/10\/2018) \u00cdndice de contenidos Resumen Nombre y datos de contacto del responsable del tratamiento y del delegado de protecci\u00f3n de datos de la empresa Fines del tratamiento de datos, bases jur\u00eddicas e intereses leg\u00edtimos perseguidos por Ultimate Skin Aesthetics GmbH o un tercero, [&hellip;]<\/p>\n","protected":false},"author":2,"featured_media":0,"parent":0,"menu_order":0,"comment_status":"closed","ping_status":"open","template":"fullwidth.php","meta":{"footnotes":""},"acf":[],"yoast_head":"<!-- This site is optimized with the Yoast SEO plugin v21.8 - https:\/\/yoast.com\/wordpress\/plugins\/seo\/ -->\n<title>Protecci\u00f3n de datos | #INNERBEAUTY<\/title>\n<meta name=\"robots\" content=\"index, follow, max-snippet:-1, max-image-preview:large, max-video-preview:-1\" \/>\n<link rel=\"canonical\" href=\"https:\/\/dev-innerbeauty.pub.dglecom.net\/de\/datenschutzerklaerung\/\" \/>\n<meta property=\"og:locale\" content=\"es_ES\" \/>\n<meta property=\"og:type\" content=\"article\" \/>\n<meta property=\"og:title\" content=\"Protecci\u00f3n de datos | #INNERBEAUTY\" \/>\n<meta property=\"og:description\" content=\"PROTECCI\u00d3N DE DATOS Informaci\u00f3n sobre protecci\u00f3n de datos (Versi\u00f3n 1.0; Actualizada el 01\/10\/2018) \u00cdndice de contenidos Resumen Nombre y datos de contacto del responsable del tratamiento y del delegado de protecci\u00f3n de datos de la empresa Fines del tratamiento de datos, bases jur\u00eddicas e intereses leg\u00edtimos perseguidos por Ultimate Skin Aesthetics GmbH o un tercero, [&hellip;]\" \/>\n<meta property=\"og:url\" content=\"https:\/\/dev-innerbeauty.pub.dglecom.net\/de\/datenschutzerklaerung\/\" \/>\n<meta property=\"og:site_name\" content=\"#INNERBEAUTY\" \/>\n<meta property=\"article:modified_time\" content=\"2020-02-07T09:03:50+00:00\" \/>\n<meta name=\"twitter:card\" content=\"summary_large_image\" \/>\n<meta name=\"twitter:label1\" content=\"Tiempo de lectura\" \/>\n\t<meta name=\"twitter:data1\" content=\"13 minutos\" \/>\n<script type=\"application\/ld+json\" class=\"yoast-schema-graph\">{\"@context\":\"https:\/\/schema.org\",\"@graph\":[{\"@type\":\"WebPage\",\"@id\":\"https:\/\/dev-innerbeauty.pub.dglecom.net\/de\/datenschutzerklaerung\/\",\"url\":\"https:\/\/dev-innerbeauty.pub.dglecom.net\/de\/datenschutzerklaerung\/\",\"name\":\"Protecci\u00f3n de datos | #INNERBEAUTY\",\"isPartOf\":{\"@id\":\"https:\/\/dev-innerbeauty.pub.dglecom.net\/de\/#website\"},\"datePublished\":\"2018-11-26T06:29:21+00:00\",\"dateModified\":\"2020-02-07T09:03:50+00:00\",\"breadcrumb\":{\"@id\":\"https:\/\/dev-innerbeauty.pub.dglecom.net\/de\/datenschutzerklaerung\/#breadcrumb\"},\"inLanguage\":\"es\",\"potentialAction\":[{\"@type\":\"ReadAction\",\"target\":[\"https:\/\/dev-innerbeauty.pub.dglecom.net\/de\/datenschutzerklaerung\/\"]}]},{\"@type\":\"BreadcrumbList\",\"@id\":\"https:\/\/dev-innerbeauty.pub.dglecom.net\/de\/datenschutzerklaerung\/#breadcrumb\",\"itemListElement\":[{\"@type\":\"ListItem\",\"position\":1,\"name\":\"Startseite\",\"item\":\"https:\/\/dev-innerbeauty.pub.dglecom.net\/es\/\"},{\"@type\":\"ListItem\",\"position\":2,\"name\":\"Protecci\u00f3n de datos\"}]},{\"@type\":\"WebSite\",\"@id\":\"https:\/\/dev-innerbeauty.pub.dglecom.net\/de\/#website\",\"url\":\"https:\/\/dev-innerbeauty.pub.dglecom.net\/de\/\",\"name\":\"#INNERBEAUTY\",\"description\":\"Ganzheitliche Sch\u00f6nheit f\u00fcr Frauen\",\"inLanguage\":\"es\"}]}<\/script>\n<!-- \/ Yoast SEO plugin. -->","yoast_head_json":{"title":"Protecci\u00f3n de datos | #INNERBEAUTY","robots":{"index":"index","follow":"follow","max-snippet":"max-snippet:-1","max-image-preview":"max-image-preview:large","max-video-preview":"max-video-preview:-1"},"canonical":"https:\/\/dev-innerbeauty.pub.dglecom.net\/de\/datenschutzerklaerung\/","og_locale":"es_ES","og_type":"article","og_title":"Protecci\u00f3n de datos | #INNERBEAUTY","og_description":"PROTECCI\u00d3N DE DATOS Informaci\u00f3n sobre protecci\u00f3n de datos (Versi\u00f3n 1.0; Actualizada el 01\/10\/2018) \u00cdndice de contenidos Resumen Nombre y datos de contacto del responsable del tratamiento y del delegado de protecci\u00f3n de datos de la empresa Fines del tratamiento de datos, bases jur\u00eddicas e intereses leg\u00edtimos perseguidos por Ultimate Skin Aesthetics GmbH o un tercero, [&hellip;]","og_url":"https:\/\/dev-innerbeauty.pub.dglecom.net\/de\/datenschutzerklaerung\/","og_site_name":"#INNERBEAUTY","article_modified_time":"2020-02-07T09:03:50+00:00","twitter_card":"summary_large_image","twitter_misc":{"Tiempo de lectura":"13 minutos"},"schema":{"@context":"https:\/\/schema.org","@graph":[{"@type":"WebPage","@id":"https:\/\/dev-innerbeauty.pub.dglecom.net\/de\/datenschutzerklaerung\/","url":"https:\/\/dev-innerbeauty.pub.dglecom.net\/de\/datenschutzerklaerung\/","name":"Protecci\u00f3n de datos | #INNERBEAUTY","isPartOf":{"@id":"https:\/\/dev-innerbeauty.pub.dglecom.net\/de\/#website"},"datePublished":"2018-11-26T06:29:21+00:00","dateModified":"2020-02-07T09:03:50+00:00","breadcrumb":{"@id":"https:\/\/dev-innerbeauty.pub.dglecom.net\/de\/datenschutzerklaerung\/#breadcrumb"},"inLanguage":"es","potentialAction":[{"@type":"ReadAction","target":["https:\/\/dev-innerbeauty.pub.dglecom.net\/de\/datenschutzerklaerung\/"]}]},{"@type":"BreadcrumbList","@id":"https:\/\/dev-innerbeauty.pub.dglecom.net\/de\/datenschutzerklaerung\/#breadcrumb","itemListElement":[{"@type":"ListItem","position":1,"name":"Startseite","item":"https:\/\/dev-innerbeauty.pub.dglecom.net\/es\/"},{"@type":"ListItem","position":2,"name":"Protecci\u00f3n de datos"}]},{"@type":"WebSite","@id":"https:\/\/dev-innerbeauty.pub.dglecom.net\/de\/#website","url":"https:\/\/dev-innerbeauty.pub.dglecom.net\/de\/","name":"#INNERBEAUTY","description":"Ganzheitliche Sch\u00f6nheit f\u00fcr Frauen","inLanguage":"es"}]}},"_links":{"self":[{"href":"https:\/\/dev-innerbeauty.pub.dglecom.net\/es\/wp-json\/wp\/v2\/pages\/3812"}],"collection":[{"href":"https:\/\/dev-innerbeauty.pub.dglecom.net\/es\/wp-json\/wp\/v2\/pages"}],"about":[{"href":"https:\/\/dev-innerbeauty.pub.dglecom.net\/es\/wp-json\/wp\/v2\/types\/page"}],"author":[{"embeddable":true,"href":"https:\/\/dev-innerbeauty.pub.dglecom.net\/es\/wp-json\/wp\/v2\/users\/2"}],"replies":[{"embeddable":true,"href":"https:\/\/dev-innerbeauty.pub.dglecom.net\/es\/wp-json\/wp\/v2\/comments?post=3812"}],"version-history":[{"count":8,"href":"https:\/\/dev-innerbeauty.pub.dglecom.net\/es\/wp-json\/wp\/v2\/pages\/3812\/revisions"}],"predecessor-version":[{"id":5407,"href":"https:\/\/dev-innerbeauty.pub.dglecom.net\/es\/wp-json\/wp\/v2\/pages\/3812\/revisions\/5407"}],"wp:attachment":[{"href":"https:\/\/dev-innerbeauty.pub.dglecom.net\/es\/wp-json\/wp\/v2\/media?parent=3812"}],"curies":[{"name":"wp","href":"https:\/\/api.w.org\/{rel}","templated":true}]}}