{"id":2044,"date":"2018-12-10T17:18:29","date_gmt":"2018-12-10T16:18:29","guid":{"rendered":"https:\/\/hashtag-innerbeauty.com\/legal-notice\/"},"modified":"2021-12-16T13:32:09","modified_gmt":"2021-12-16T12:32:09","slug":"mentions-legales","status":"publish","type":"page","link":"https:\/\/dev-innerbeauty.pub.dglecom.net\/fr\/mentions-legales\/","title":{"rendered":"MENTIONS L\u00c9GALES"},"content":{"rendered":"<p>[vc_row][vc_column][vc_column_text]<\/p>\n<h1>MENTIONS L\u00c9GALES<\/h1>\n<p>Ultimate Skin Aesthetics GmbH<br \/>\nLuise-Rainer-Stra\u00dfe 7-11<br \/>\n40235 D\u00fcsseldorf<\/p>\n<p>Direction: Susanne Cornelius, Petra von Dewall, Beatrice Billot<\/p>\n<p>Tribunal d&rsquo;instance de D\u00fcsseldorf HRB 84009<\/p>\n<p>Num\u00e9ro de TVA intracommunautaire: DE 3196 66970<\/p>\n<p><a class=\"print\" href=\"#\">Imprimer cette page<\/a><\/p>\n<p><b>Vous pouvez nous contacter \u00e0 l&rsquo;adresse e-mail suivante:\u00a0<\/b><a href=\"mailto:info@ultimateskinaesthetics.com\">info@ultimateskinaesthetics.com<\/a><br \/>\nVous pouvez nous joindre par t\u00e9l\u00e9phone \u00e0 partir d&rsquo;un poste fixe allemand au num\u00e9ro suivant: +49 2331 \u2013 690 6464[\/vc_column_text][\/vc_column][\/vc_row]<\/p>\n","protected":false},"excerpt":{"rendered":"<p>[vc_row][vc_column][vc_column_text] MENTIONS L\u00c9GALES Ultimate Skin Aesthetics GmbH Luise-Rainer-Stra\u00dfe 7-11 40235 D\u00fcsseldorf Direction: Susanne Cornelius, Petra von Dewall, Beatrice Billot Tribunal d&rsquo;instance de D\u00fcsseldorf HRB 84009 Num\u00e9ro de TVA intracommunautaire: DE 3196 66970 Imprimer cette page Vous pouvez nous contacter \u00e0 l&rsquo;adresse e-mail suivante:\u00a0info@ultimateskinaesthetics.com Vous pouvez nous joindre par t\u00e9l\u00e9phone \u00e0 partir d&rsquo;un poste fixe allemand [&hellip;]<\/p>\n","protected":false},"author":2,"featured_media":0,"parent":0,"menu_order":0,"comment_status":"closed","ping_status":"closed","template":"fullwidth.php","meta":{"footnotes":""},"acf":[],"yoast_head":"<!-- This site is optimized with the Yoast SEO plugin v21.8 - https:\/\/yoast.com\/wordpress\/plugins\/seo\/ -->\n<title>MENTIONS L\u00c9GALES | #INNERBEAUTY<\/title>\n<meta name=\"robots\" content=\"index, follow, max-snippet:-1, max-image-preview:large, max-video-preview:-1\" \/>\n<link rel=\"canonical\" href=\"https:\/\/dev-innerbeauty.pub.dglecom.net\/de\/impressum\/\" \/>\n<meta property=\"og:locale\" content=\"fr_FR\" \/>\n<meta property=\"og:type\" content=\"article\" \/>\n<meta property=\"og:title\" content=\"MENTIONS L\u00c9GALES | #INNERBEAUTY\" \/>\n<meta property=\"og:description\" content=\"[vc_row][vc_column][vc_column_text] MENTIONS L\u00c9GALES Ultimate Skin Aesthetics GmbH Luise-Rainer-Stra\u00dfe 7-11 40235 D\u00fcsseldorf Direction: Susanne Cornelius, Petra von Dewall, Beatrice Billot Tribunal d&rsquo;instance de D\u00fcsseldorf HRB 84009 Num\u00e9ro de TVA intracommunautaire: DE 3196 66970 Imprimer cette page Vous pouvez nous contacter \u00e0 l&rsquo;adresse e-mail suivante:\u00a0info@ultimateskinaesthetics.com Vous pouvez nous joindre par t\u00e9l\u00e9phone \u00e0 partir d&rsquo;un poste fixe allemand [&hellip;]\" \/>\n<meta property=\"og:url\" content=\"https:\/\/dev-innerbeauty.pub.dglecom.net\/de\/impressum\/\" \/>\n<meta property=\"og:site_name\" content=\"#INNERBEAUTY\" \/>\n<meta property=\"article:modified_time\" content=\"2021-12-16T12:32:09+00:00\" \/>\n<meta name=\"twitter:card\" content=\"summary_large_image\" \/>\n<script type=\"application\/ld+json\" class=\"yoast-schema-graph\">{\"@context\":\"https:\/\/schema.org\",\"@graph\":[{\"@type\":\"WebPage\",\"@id\":\"https:\/\/dev-innerbeauty.pub.dglecom.net\/de\/impressum\/\",\"url\":\"https:\/\/dev-innerbeauty.pub.dglecom.net\/de\/impressum\/\",\"name\":\"MENTIONS L\u00c9GALES | #INNERBEAUTY\",\"isPartOf\":{\"@id\":\"https:\/\/dev-innerbeauty.pub.dglecom.net\/de\/#website\"},\"datePublished\":\"2018-12-10T16:18:29+00:00\",\"dateModified\":\"2021-12-16T12:32:09+00:00\",\"breadcrumb\":{\"@id\":\"https:\/\/dev-innerbeauty.pub.dglecom.net\/de\/impressum\/#breadcrumb\"},\"inLanguage\":\"fr-FR\",\"potentialAction\":[{\"@type\":\"ReadAction\",\"target\":[\"https:\/\/dev-innerbeauty.pub.dglecom.net\/de\/impressum\/\"]}]},{\"@type\":\"BreadcrumbList\",\"@id\":\"https:\/\/dev-innerbeauty.pub.dglecom.net\/de\/impressum\/#breadcrumb\",\"itemListElement\":[{\"@type\":\"ListItem\",\"position\":1,\"name\":\"Startseite\",\"item\":\"https:\/\/dev-innerbeauty.pub.dglecom.net\/fr\/\"},{\"@type\":\"ListItem\",\"position\":2,\"name\":\"MENTIONS L\u00c9GALES\"}]},{\"@type\":\"WebSite\",\"@id\":\"https:\/\/dev-innerbeauty.pub.dglecom.net\/de\/#website\",\"url\":\"https:\/\/dev-innerbeauty.pub.dglecom.net\/de\/\",\"name\":\"#INNERBEAUTY\",\"description\":\"Ganzheitliche Sch\u00f6nheit f\u00fcr Frauen\",\"inLanguage\":\"fr-FR\"}]}<\/script>\n<!-- \/ Yoast SEO plugin. -->","yoast_head_json":{"title":"MENTIONS L\u00c9GALES | #INNERBEAUTY","robots":{"index":"index","follow":"follow","max-snippet":"max-snippet:-1","max-image-preview":"max-image-preview:large","max-video-preview":"max-video-preview:-1"},"canonical":"https:\/\/dev-innerbeauty.pub.dglecom.net\/de\/impressum\/","og_locale":"fr_FR","og_type":"article","og_title":"MENTIONS L\u00c9GALES | #INNERBEAUTY","og_description":"[vc_row][vc_column][vc_column_text] MENTIONS L\u00c9GALES Ultimate Skin Aesthetics GmbH Luise-Rainer-Stra\u00dfe 7-11 40235 D\u00fcsseldorf Direction: Susanne Cornelius, Petra von Dewall, Beatrice Billot Tribunal d&rsquo;instance de D\u00fcsseldorf HRB 84009 Num\u00e9ro de TVA intracommunautaire: DE 3196 66970 Imprimer cette page Vous pouvez nous contacter \u00e0 l&rsquo;adresse e-mail suivante:\u00a0info@ultimateskinaesthetics.com Vous pouvez nous joindre par t\u00e9l\u00e9phone \u00e0 partir d&rsquo;un poste fixe allemand [&hellip;]","og_url":"https:\/\/dev-innerbeauty.pub.dglecom.net\/de\/impressum\/","og_site_name":"#INNERBEAUTY","article_modified_time":"2021-12-16T12:32:09+00:00","twitter_card":"summary_large_image","schema":{"@context":"https:\/\/schema.org","@graph":[{"@type":"WebPage","@id":"https:\/\/dev-innerbeauty.pub.dglecom.net\/de\/impressum\/","url":"https:\/\/dev-innerbeauty.pub.dglecom.net\/de\/impressum\/","name":"MENTIONS L\u00c9GALES | #INNERBEAUTY","isPartOf":{"@id":"https:\/\/dev-innerbeauty.pub.dglecom.net\/de\/#website"},"datePublished":"2018-12-10T16:18:29+00:00","dateModified":"2021-12-16T12:32:09+00:00","breadcrumb":{"@id":"https:\/\/dev-innerbeauty.pub.dglecom.net\/de\/impressum\/#breadcrumb"},"inLanguage":"fr-FR","potentialAction":[{"@type":"ReadAction","target":["https:\/\/dev-innerbeauty.pub.dglecom.net\/de\/impressum\/"]}]},{"@type":"BreadcrumbList","@id":"https:\/\/dev-innerbeauty.pub.dglecom.net\/de\/impressum\/#breadcrumb","itemListElement":[{"@type":"ListItem","position":1,"name":"Startseite","item":"https:\/\/dev-innerbeauty.pub.dglecom.net\/fr\/"},{"@type":"ListItem","position":2,"name":"MENTIONS L\u00c9GALES"}]},{"@type":"WebSite","@id":"https:\/\/dev-innerbeauty.pub.dglecom.net\/de\/#website","url":"https:\/\/dev-innerbeauty.pub.dglecom.net\/de\/","name":"#INNERBEAUTY","description":"Ganzheitliche Sch\u00f6nheit f\u00fcr Frauen","inLanguage":"fr-FR"}]}},"_links":{"self":[{"href":"https:\/\/dev-innerbeauty.pub.dglecom.net\/fr\/wp-json\/wp\/v2\/pages\/2044"}],"collection":[{"href":"https:\/\/dev-innerbeauty.pub.dglecom.net\/fr\/wp-json\/wp\/v2\/pages"}],"about":[{"href":"https:\/\/dev-innerbeauty.pub.dglecom.net\/fr\/wp-json\/wp\/v2\/types\/page"}],"author":[{"embeddable":true,"href":"https:\/\/dev-innerbeauty.pub.dglecom.net\/fr\/wp-json\/wp\/v2\/users\/2"}],"replies":[{"embeddable":true,"href":"https:\/\/dev-innerbeauty.pub.dglecom.net\/fr\/wp-json\/wp\/v2\/comments?post=2044"}],"version-history":[{"count":4,"href":"https:\/\/dev-innerbeauty.pub.dglecom.net\/fr\/wp-json\/wp\/v2\/pages\/2044\/revisions"}],"predecessor-version":[{"id":6063,"href":"https:\/\/dev-innerbeauty.pub.dglecom.net\/fr\/wp-json\/wp\/v2\/pages\/2044\/revisions\/6063"}],"wp:attachment":[{"href":"https:\/\/dev-innerbeauty.pub.dglecom.net\/fr\/wp-json\/wp\/v2\/media?parent=2044"}],"curies":[{"name":"wp","href":"https:\/\/api.w.org\/{rel}","templated":true}]}}