{"id":4610,"date":"2018-12-10T17:18:29","date_gmt":"2018-12-10T16:18:29","guid":{"rendered":"https:\/\/hashtag-innerbeauty.com\/legal-notice\/"},"modified":"2021-12-16T13:31:11","modified_gmt":"2021-12-16T12:31:11","slug":"juridische-informatie","status":"publish","type":"page","link":"https:\/\/dev-innerbeauty.pub.dglecom.net\/nl\/juridische-informatie\/","title":{"rendered":"Juridische Informatie"},"content":{"rendered":"<p>[vc_row][vc_column][vc_column_text]<\/p>\n<h1>Juridische Informatie<\/h1>\n<p>Ultimate Skin Aesthetics GmbH<br \/>\nLuise-Rainer-Stra\u00dfe 7-11<br \/>\n40235 D\u00fcsseldorf<\/p>\n<p>Directeurs: Susanne Cornelius, Petra von Dewall, Beatrice Billot<\/p>\n<p>Rechtbank Amtsgericht D\u00fcsseldorf HRB 84009<\/p>\n<p>Btw-identificatienummer: DE 3196 66970<\/p>\n<p><a class=\"print\" href=\"#\">Pagina afdrukken<\/a><\/p>\n<p><b>U kunt ons per e-mail bereiken via:\u00a0<\/b><a href=\"mailto:info@ultimateskinaesthetics.com\">info@ultimateskinaesthetics.com<\/a><br \/>\nU kunt ons telefonisch bereiken via de vaste Duitse telefoonlijn op het volgende nummer: +49 2331 \u2013 690 6464[\/vc_column_text][\/vc_column][\/vc_row]<\/p>\n","protected":false},"excerpt":{"rendered":"<p>[vc_row][vc_column][vc_column_text] Juridische Informatie Ultimate Skin Aesthetics GmbH Luise-Rainer-Stra\u00dfe 7-11 40235 D\u00fcsseldorf Directeurs: Susanne Cornelius, Petra von Dewall, Beatrice Billot Rechtbank Amtsgericht D\u00fcsseldorf HRB 84009 Btw-identificatienummer: DE 3196 66970 Pagina afdrukken U kunt ons per e-mail bereiken via:\u00a0info@ultimateskinaesthetics.com U kunt ons telefonisch bereiken via de vaste Duitse telefoonlijn op het volgende nummer: +49 2331 \u2013 690 [&hellip;]<\/p>\n","protected":false},"author":2,"featured_media":0,"parent":0,"menu_order":0,"comment_status":"closed","ping_status":"closed","template":"fullwidth.php","meta":{"footnotes":""},"acf":[],"yoast_head":"<!-- This site is optimized with the Yoast SEO plugin v21.8 - https:\/\/yoast.com\/wordpress\/plugins\/seo\/ -->\n<title>Juridische Informatie | #INNERBEAUTY<\/title>\n<meta name=\"robots\" content=\"index, follow, max-snippet:-1, max-image-preview:large, max-video-preview:-1\" \/>\n<link rel=\"canonical\" href=\"https:\/\/dev-innerbeauty.pub.dglecom.net\/de\/impressum\/\" \/>\n<meta property=\"og:locale\" content=\"nl_NL\" \/>\n<meta property=\"og:type\" content=\"article\" \/>\n<meta property=\"og:title\" content=\"Juridische Informatie | #INNERBEAUTY\" \/>\n<meta property=\"og:description\" content=\"[vc_row][vc_column][vc_column_text] Juridische Informatie Ultimate Skin Aesthetics GmbH Luise-Rainer-Stra\u00dfe 7-11 40235 D\u00fcsseldorf Directeurs: Susanne Cornelius, Petra von Dewall, Beatrice Billot Rechtbank Amtsgericht D\u00fcsseldorf HRB 84009 Btw-identificatienummer: DE 3196 66970 Pagina afdrukken U kunt ons per e-mail bereiken via:\u00a0info@ultimateskinaesthetics.com U kunt ons telefonisch bereiken via de vaste Duitse telefoonlijn op het volgende nummer: +49 2331 \u2013 690 [&hellip;]\" \/>\n<meta property=\"og:url\" content=\"https:\/\/dev-innerbeauty.pub.dglecom.net\/de\/impressum\/\" \/>\n<meta property=\"og:site_name\" content=\"#INNERBEAUTY\" \/>\n<meta property=\"article:modified_time\" content=\"2021-12-16T12:31:11+00:00\" \/>\n<meta name=\"twitter:card\" content=\"summary_large_image\" \/>\n<script type=\"application\/ld+json\" class=\"yoast-schema-graph\">{\"@context\":\"https:\/\/schema.org\",\"@graph\":[{\"@type\":\"WebPage\",\"@id\":\"https:\/\/dev-innerbeauty.pub.dglecom.net\/de\/impressum\/\",\"url\":\"https:\/\/dev-innerbeauty.pub.dglecom.net\/de\/impressum\/\",\"name\":\"Juridische Informatie | #INNERBEAUTY\",\"isPartOf\":{\"@id\":\"https:\/\/dev-innerbeauty.pub.dglecom.net\/de\/#website\"},\"datePublished\":\"2018-12-10T16:18:29+00:00\",\"dateModified\":\"2021-12-16T12:31:11+00:00\",\"breadcrumb\":{\"@id\":\"https:\/\/dev-innerbeauty.pub.dglecom.net\/de\/impressum\/#breadcrumb\"},\"inLanguage\":\"nl-NL\",\"potentialAction\":[{\"@type\":\"ReadAction\",\"target\":[\"https:\/\/dev-innerbeauty.pub.dglecom.net\/de\/impressum\/\"]}]},{\"@type\":\"BreadcrumbList\",\"@id\":\"https:\/\/dev-innerbeauty.pub.dglecom.net\/de\/impressum\/#breadcrumb\",\"itemListElement\":[{\"@type\":\"ListItem\",\"position\":1,\"name\":\"Startseite\",\"item\":\"https:\/\/dev-innerbeauty.pub.dglecom.net\/nl\/\"},{\"@type\":\"ListItem\",\"position\":2,\"name\":\"Juridische Informatie\"}]},{\"@type\":\"WebSite\",\"@id\":\"https:\/\/dev-innerbeauty.pub.dglecom.net\/de\/#website\",\"url\":\"https:\/\/dev-innerbeauty.pub.dglecom.net\/de\/\",\"name\":\"#INNERBEAUTY\",\"description\":\"Ganzheitliche Sch\u00f6nheit f\u00fcr Frauen\",\"inLanguage\":\"nl-NL\"}]}<\/script>\n<!-- \/ Yoast SEO plugin. -->","yoast_head_json":{"title":"Juridische Informatie | #INNERBEAUTY","robots":{"index":"index","follow":"follow","max-snippet":"max-snippet:-1","max-image-preview":"max-image-preview:large","max-video-preview":"max-video-preview:-1"},"canonical":"https:\/\/dev-innerbeauty.pub.dglecom.net\/de\/impressum\/","og_locale":"nl_NL","og_type":"article","og_title":"Juridische Informatie | #INNERBEAUTY","og_description":"[vc_row][vc_column][vc_column_text] Juridische Informatie Ultimate Skin Aesthetics GmbH Luise-Rainer-Stra\u00dfe 7-11 40235 D\u00fcsseldorf Directeurs: Susanne Cornelius, Petra von Dewall, Beatrice Billot Rechtbank Amtsgericht D\u00fcsseldorf HRB 84009 Btw-identificatienummer: DE 3196 66970 Pagina afdrukken U kunt ons per e-mail bereiken via:\u00a0info@ultimateskinaesthetics.com U kunt ons telefonisch bereiken via de vaste Duitse telefoonlijn op het volgende nummer: +49 2331 \u2013 690 [&hellip;]","og_url":"https:\/\/dev-innerbeauty.pub.dglecom.net\/de\/impressum\/","og_site_name":"#INNERBEAUTY","article_modified_time":"2021-12-16T12:31:11+00:00","twitter_card":"summary_large_image","schema":{"@context":"https:\/\/schema.org","@graph":[{"@type":"WebPage","@id":"https:\/\/dev-innerbeauty.pub.dglecom.net\/de\/impressum\/","url":"https:\/\/dev-innerbeauty.pub.dglecom.net\/de\/impressum\/","name":"Juridische Informatie | #INNERBEAUTY","isPartOf":{"@id":"https:\/\/dev-innerbeauty.pub.dglecom.net\/de\/#website"},"datePublished":"2018-12-10T16:18:29+00:00","dateModified":"2021-12-16T12:31:11+00:00","breadcrumb":{"@id":"https:\/\/dev-innerbeauty.pub.dglecom.net\/de\/impressum\/#breadcrumb"},"inLanguage":"nl-NL","potentialAction":[{"@type":"ReadAction","target":["https:\/\/dev-innerbeauty.pub.dglecom.net\/de\/impressum\/"]}]},{"@type":"BreadcrumbList","@id":"https:\/\/dev-innerbeauty.pub.dglecom.net\/de\/impressum\/#breadcrumb","itemListElement":[{"@type":"ListItem","position":1,"name":"Startseite","item":"https:\/\/dev-innerbeauty.pub.dglecom.net\/nl\/"},{"@type":"ListItem","position":2,"name":"Juridische Informatie"}]},{"@type":"WebSite","@id":"https:\/\/dev-innerbeauty.pub.dglecom.net\/de\/#website","url":"https:\/\/dev-innerbeauty.pub.dglecom.net\/de\/","name":"#INNERBEAUTY","description":"Ganzheitliche Sch\u00f6nheit f\u00fcr Frauen","inLanguage":"nl-NL"}]}},"_links":{"self":[{"href":"https:\/\/dev-innerbeauty.pub.dglecom.net\/nl\/wp-json\/wp\/v2\/pages\/4610"}],"collection":[{"href":"https:\/\/dev-innerbeauty.pub.dglecom.net\/nl\/wp-json\/wp\/v2\/pages"}],"about":[{"href":"https:\/\/dev-innerbeauty.pub.dglecom.net\/nl\/wp-json\/wp\/v2\/types\/page"}],"author":[{"embeddable":true,"href":"https:\/\/dev-innerbeauty.pub.dglecom.net\/nl\/wp-json\/wp\/v2\/users\/2"}],"replies":[{"embeddable":true,"href":"https:\/\/dev-innerbeauty.pub.dglecom.net\/nl\/wp-json\/wp\/v2\/comments?post=4610"}],"version-history":[{"count":6,"href":"https:\/\/dev-innerbeauty.pub.dglecom.net\/nl\/wp-json\/wp\/v2\/pages\/4610\/revisions"}],"predecessor-version":[{"id":6061,"href":"https:\/\/dev-innerbeauty.pub.dglecom.net\/nl\/wp-json\/wp\/v2\/pages\/4610\/revisions\/6061"}],"wp:attachment":[{"href":"https:\/\/dev-innerbeauty.pub.dglecom.net\/nl\/wp-json\/wp\/v2\/media?parent=4610"}],"curies":[{"name":"wp","href":"https:\/\/api.w.org\/{rel}","templated":true}]}}