{"id":3086,"date":"2018-12-10T17:18:29","date_gmt":"2018-12-10T16:18:29","guid":{"rendered":"https:\/\/hashtag-innerbeauty.com\/legal-notice\/"},"modified":"2021-12-16T13:33:00","modified_gmt":"2021-12-16T12:33:00","slug":"stopka-redakcyjna","status":"publish","type":"page","link":"https:\/\/dev-innerbeauty.pub.dglecom.net\/pl\/stopka-redakcyjna\/","title":{"rendered":"Stopka redakcyjna"},"content":{"rendered":"<p>[vc_row][vc_column][vc_column_text]<\/p>\n<h1>Legal Notice<\/h1>\n<p>Ultimate Skin Aesthetics GmbH<br \/>\nLuise-Rainer-Stra\u00dfe 7-11<br \/>\n40235 D\u00fcsseldorf<\/p>\n<p class=\"p1\">Zarz\u0105d sp\u00f3\u0142ki: Susanne Cornelius, Petra von Dewall, Beatrice Billot<\/p>\n<p class=\"p1\">S\u0105d Rejonowy D\u00fcsseldorf HRB 84009<\/p>\n<p class=\"p1\">NIP VAT-UE: DE 3196 66970<\/p>\n<p><a class=\"print\" href=\"#\">Wydrukuj stron\u0119<\/a><\/p>\n<p><b>Mo\u017cna skontaktowa\u0107 si\u0119 z nami poprzez e-mail: <\/b><a href=\"mailto:info@ultimateskinaesthetics.com\">info@ultimateskinaesthetics.com<\/a><br \/>\nOraz telefonicznie za po\u015brednictwem niemieckiej telefonii stacjonarnej, pod numerem: +49 2331 \u2013 690 6464[\/vc_column_text][\/vc_column][\/vc_row]<\/p>\n","protected":false},"excerpt":{"rendered":"<p>[vc_row][vc_column][vc_column_text] Legal Notice Ultimate Skin Aesthetics GmbH Luise-Rainer-Stra\u00dfe 7-11 40235 D\u00fcsseldorf Zarz\u0105d sp\u00f3\u0142ki: Susanne Cornelius, Petra von Dewall, Beatrice Billot S\u0105d Rejonowy D\u00fcsseldorf HRB 84009 NIP VAT-UE: DE 3196 66970 Wydrukuj stron\u0119 Mo\u017cna skontaktowa\u0107 si\u0119 z nami poprzez e-mail: info@ultimateskinaesthetics.com Oraz telefonicznie za po\u015brednictwem niemieckiej telefonii stacjonarnej, pod numerem: +49 2331 \u2013 690 6464[\/vc_column_text][\/vc_column][\/vc_row]<\/p>\n","protected":false},"author":2,"featured_media":0,"parent":0,"menu_order":0,"comment_status":"closed","ping_status":"closed","template":"fullwidth.php","meta":{"footnotes":""},"acf":[],"yoast_head":"<!-- This site is optimized with the Yoast SEO plugin v21.8 - https:\/\/yoast.com\/wordpress\/plugins\/seo\/ -->\n<title>Stopka redakcyjna | #INNERBEAUTY<\/title>\n<meta name=\"robots\" content=\"index, follow, max-snippet:-1, max-image-preview:large, max-video-preview:-1\" \/>\n<link rel=\"canonical\" href=\"https:\/\/dev-innerbeauty.pub.dglecom.net\/de\/impressum\/\" \/>\n<meta property=\"og:locale\" content=\"pl_PL\" \/>\n<meta property=\"og:type\" content=\"article\" \/>\n<meta property=\"og:title\" content=\"Stopka redakcyjna | #INNERBEAUTY\" \/>\n<meta property=\"og:description\" content=\"[vc_row][vc_column][vc_column_text] Legal Notice Ultimate Skin Aesthetics GmbH Luise-Rainer-Stra\u00dfe 7-11 40235 D\u00fcsseldorf Zarz\u0105d sp\u00f3\u0142ki: Susanne Cornelius, Petra von Dewall, Beatrice Billot S\u0105d Rejonowy D\u00fcsseldorf HRB 84009 NIP VAT-UE: DE 3196 66970 Wydrukuj stron\u0119 Mo\u017cna skontaktowa\u0107 si\u0119 z nami poprzez e-mail: info@ultimateskinaesthetics.com Oraz telefonicznie za po\u015brednictwem niemieckiej telefonii stacjonarnej, pod numerem: +49 2331 \u2013 690 6464[\/vc_column_text][\/vc_column][\/vc_row]\" \/>\n<meta property=\"og:url\" content=\"https:\/\/dev-innerbeauty.pub.dglecom.net\/de\/impressum\/\" \/>\n<meta property=\"og:site_name\" content=\"#INNERBEAUTY\" \/>\n<meta property=\"article:modified_time\" content=\"2021-12-16T12:33:00+00:00\" \/>\n<meta name=\"twitter:card\" content=\"summary_large_image\" \/>\n<script type=\"application\/ld+json\" class=\"yoast-schema-graph\">{\"@context\":\"https:\/\/schema.org\",\"@graph\":[{\"@type\":\"WebPage\",\"@id\":\"https:\/\/dev-innerbeauty.pub.dglecom.net\/de\/impressum\/\",\"url\":\"https:\/\/dev-innerbeauty.pub.dglecom.net\/de\/impressum\/\",\"name\":\"Stopka redakcyjna | #INNERBEAUTY\",\"isPartOf\":{\"@id\":\"https:\/\/dev-innerbeauty.pub.dglecom.net\/de\/#website\"},\"datePublished\":\"2018-12-10T16:18:29+00:00\",\"dateModified\":\"2021-12-16T12:33:00+00:00\",\"breadcrumb\":{\"@id\":\"https:\/\/dev-innerbeauty.pub.dglecom.net\/de\/impressum\/#breadcrumb\"},\"inLanguage\":\"pl-PL\",\"potentialAction\":[{\"@type\":\"ReadAction\",\"target\":[\"https:\/\/dev-innerbeauty.pub.dglecom.net\/de\/impressum\/\"]}]},{\"@type\":\"BreadcrumbList\",\"@id\":\"https:\/\/dev-innerbeauty.pub.dglecom.net\/de\/impressum\/#breadcrumb\",\"itemListElement\":[{\"@type\":\"ListItem\",\"position\":1,\"name\":\"Startseite\",\"item\":\"https:\/\/dev-innerbeauty.pub.dglecom.net\/pl\/\"},{\"@type\":\"ListItem\",\"position\":2,\"name\":\"Stopka redakcyjna\"}]},{\"@type\":\"WebSite\",\"@id\":\"https:\/\/dev-innerbeauty.pub.dglecom.net\/de\/#website\",\"url\":\"https:\/\/dev-innerbeauty.pub.dglecom.net\/de\/\",\"name\":\"#INNERBEAUTY\",\"description\":\"Ganzheitliche Sch\u00f6nheit f\u00fcr Frauen\",\"inLanguage\":\"pl-PL\"}]}<\/script>\n<!-- \/ Yoast SEO plugin. -->","yoast_head_json":{"title":"Stopka redakcyjna | #INNERBEAUTY","robots":{"index":"index","follow":"follow","max-snippet":"max-snippet:-1","max-image-preview":"max-image-preview:large","max-video-preview":"max-video-preview:-1"},"canonical":"https:\/\/dev-innerbeauty.pub.dglecom.net\/de\/impressum\/","og_locale":"pl_PL","og_type":"article","og_title":"Stopka redakcyjna | #INNERBEAUTY","og_description":"[vc_row][vc_column][vc_column_text] Legal Notice Ultimate Skin Aesthetics GmbH Luise-Rainer-Stra\u00dfe 7-11 40235 D\u00fcsseldorf Zarz\u0105d sp\u00f3\u0142ki: Susanne Cornelius, Petra von Dewall, Beatrice Billot S\u0105d Rejonowy D\u00fcsseldorf HRB 84009 NIP VAT-UE: DE 3196 66970 Wydrukuj stron\u0119 Mo\u017cna skontaktowa\u0107 si\u0119 z nami poprzez e-mail: info@ultimateskinaesthetics.com Oraz telefonicznie za po\u015brednictwem niemieckiej telefonii stacjonarnej, pod numerem: +49 2331 \u2013 690 6464[\/vc_column_text][\/vc_column][\/vc_row]","og_url":"https:\/\/dev-innerbeauty.pub.dglecom.net\/de\/impressum\/","og_site_name":"#INNERBEAUTY","article_modified_time":"2021-12-16T12:33:00+00:00","twitter_card":"summary_large_image","schema":{"@context":"https:\/\/schema.org","@graph":[{"@type":"WebPage","@id":"https:\/\/dev-innerbeauty.pub.dglecom.net\/de\/impressum\/","url":"https:\/\/dev-innerbeauty.pub.dglecom.net\/de\/impressum\/","name":"Stopka redakcyjna | #INNERBEAUTY","isPartOf":{"@id":"https:\/\/dev-innerbeauty.pub.dglecom.net\/de\/#website"},"datePublished":"2018-12-10T16:18:29+00:00","dateModified":"2021-12-16T12:33:00+00:00","breadcrumb":{"@id":"https:\/\/dev-innerbeauty.pub.dglecom.net\/de\/impressum\/#breadcrumb"},"inLanguage":"pl-PL","potentialAction":[{"@type":"ReadAction","target":["https:\/\/dev-innerbeauty.pub.dglecom.net\/de\/impressum\/"]}]},{"@type":"BreadcrumbList","@id":"https:\/\/dev-innerbeauty.pub.dglecom.net\/de\/impressum\/#breadcrumb","itemListElement":[{"@type":"ListItem","position":1,"name":"Startseite","item":"https:\/\/dev-innerbeauty.pub.dglecom.net\/pl\/"},{"@type":"ListItem","position":2,"name":"Stopka redakcyjna"}]},{"@type":"WebSite","@id":"https:\/\/dev-innerbeauty.pub.dglecom.net\/de\/#website","url":"https:\/\/dev-innerbeauty.pub.dglecom.net\/de\/","name":"#INNERBEAUTY","description":"Ganzheitliche Sch\u00f6nheit f\u00fcr Frauen","inLanguage":"pl-PL"}]}},"_links":{"self":[{"href":"https:\/\/dev-innerbeauty.pub.dglecom.net\/pl\/wp-json\/wp\/v2\/pages\/3086"}],"collection":[{"href":"https:\/\/dev-innerbeauty.pub.dglecom.net\/pl\/wp-json\/wp\/v2\/pages"}],"about":[{"href":"https:\/\/dev-innerbeauty.pub.dglecom.net\/pl\/wp-json\/wp\/v2\/types\/page"}],"author":[{"embeddable":true,"href":"https:\/\/dev-innerbeauty.pub.dglecom.net\/pl\/wp-json\/wp\/v2\/users\/2"}],"replies":[{"embeddable":true,"href":"https:\/\/dev-innerbeauty.pub.dglecom.net\/pl\/wp-json\/wp\/v2\/comments?post=3086"}],"version-history":[{"count":7,"href":"https:\/\/dev-innerbeauty.pub.dglecom.net\/pl\/wp-json\/wp\/v2\/pages\/3086\/revisions"}],"predecessor-version":[{"id":6065,"href":"https:\/\/dev-innerbeauty.pub.dglecom.net\/pl\/wp-json\/wp\/v2\/pages\/3086\/revisions\/6065"}],"wp:attachment":[{"href":"https:\/\/dev-innerbeauty.pub.dglecom.net\/pl\/wp-json\/wp\/v2\/media?parent=3086"}],"curies":[{"name":"wp","href":"https:\/\/api.w.org\/{rel}","templated":true}]}}